{"id":86740,"date":"2026-04-24T16:50:51","date_gmt":"2026-04-24T14:50:51","guid":{"rendered":"https:\/\/colomerandsons.com\/producto\/galenus-36mm\/"},"modified":"2026-04-30T09:32:06","modified_gmt":"2026-04-30T07:32:06","slug":"galenus-36mm","status":"publish","type":"product","link":"https:\/\/colomerandsons.com\/en\/product\/galenus-36mm\/","title":{"rendered":"Galenus 38"},"content":{"rendered":"<ul>\n<li>Swiss quartz movement Ronda 5030.D.<\/li>\n<li>Seconds indicator at 3 o&#8217;clock.<\/li>\n<li>30-minute counter indicator at 9 o&#8217;clock.<\/li>\n<li>12 hour counter indicator at 6 o&#8217;clock.<\/li>\n<li>Calendar day of the month at 4 o&#8217;clock.<\/li>\n<li>Sapphire crystal.<\/li>\n<li>316L stainless steel case.<\/li>\n<li>Case size 38mm (without crown).<\/li>\n<li>18mm leather strap with buckle closure.<\/li>\n<li>Case height 12.2mm.<\/li>\n<li>Crown with T-tube system.<\/li>\n<li>Water resistant 10 ATM.<\/li>\n<li>Limited edition of 250 units<\/li>\n<li>10 year warranty.<\/li>\n<\/ul>\n","protected":false},"excerpt":{"rendered":"<p>For decades, time was an essential tool in medical practice. GALENUS recovers that historical gesture and transfers it to the wrist, incorporating a reading designed to facilitate the counting of pulses and breaths, evoking the use of the old medical chronometers that accompanied generations of professionals. <\/p>\n<p><a href=\"https:\/\/colomerandsons.com\/?post_type=product&amp;p=86689&amp;preview=true\">See it with a 41mm case<\/a><\/p>\n","protected":false},"featured_media":86736,"comment_status":"open","ping_status":"closed","template":"","meta":{"_acf_changed":false,"_et_pb_use_builder":"","_et_pb_old_content":"","_et_gb_content_width":"","_joinchat":[]},"product_brand":[],"product_cat":[858,871],"product_tag":[],"class_list":{"0":"post-86740","1":"product","2":"type-product","3":"status-publish","4":"has-post-thumbnail","6":"product_cat-watches","7":"product_cat-uncategorized","9":"first","10":"instock","11":"sale","12":"taxable","13":"shipping-taxable","14":"purchasable","15":"product-type-simple"},"acf":[],"yoast_head":"<!-- This site is optimized with the Yoast SEO plugin v26.8 - https:\/\/yoast.com\/product\/yoast-seo-wordpress\/ -->\n<title>Galenus 36mm - Colomer &amp; Sons<\/title>\n<meta name=\"description\" content=\"Galenus 36mm watch. with Swiss Ronda 5030.D Movement. Sapphire crystal and with a Limited Edition of 250 units. 10 years warranty.\" \/>\n<meta name=\"robots\" content=\"index, follow, max-snippet:-1, max-image-preview:large, max-video-preview:-1\" \/>\n<link rel=\"canonical\" href=\"https:\/\/colomerandsons.com\/en\/product\/galenus-36mm\/\" \/>\n<meta property=\"og:locale\" content=\"en_US\" \/>\n<meta property=\"og:type\" content=\"article\" \/>\n<meta property=\"og:title\" content=\"Galenus 36mm - Colomer &amp; Sons\" \/>\n<meta property=\"og:description\" content=\"Galenus 36mm watch. with Swiss Ronda 5030.D Movement. Sapphire crystal and with a Limited Edition of 250 units. 10 years warranty.\" \/>\n<meta property=\"og:url\" content=\"https:\/\/colomerandsons.com\/en\/product\/galenus-36mm\/\" \/>\n<meta property=\"og:site_name\" content=\"Colomer &amp; Sons\" \/>\n<meta property=\"article:publisher\" content=\"https:\/\/www.facebook.com\/colomerandsons\/\" \/>\n<meta property=\"article:modified_time\" content=\"2026-04-30T07:32:06+00:00\" \/>\n<meta property=\"og:image\" content=\"https:\/\/colomerandsons.com\/wp-content\/uploads\/2026\/04\/Galenus_F_36mm.webp\" \/>\n\t<meta property=\"og:image:width\" content=\"1200\" \/>\n\t<meta property=\"og:image:height\" content=\"1570\" \/>\n\t<meta property=\"og:image:type\" content=\"image\/webp\" \/>\n<meta name=\"twitter:card\" content=\"summary_large_image\" \/>\n<meta name=\"twitter:site\" content=\"@colomerandsons\" \/>\n<meta name=\"twitter:label1\" content=\"Est. reading time\" \/>\n\t<meta name=\"twitter:data1\" content=\"1 minute\" \/>\n<script type=\"application\/ld+json\" class=\"yoast-schema-graph\">{\"@context\":\"https:\/\/schema.org\",\"@graph\":[{\"@type\":\"WebPage\",\"@id\":\"https:\/\/colomerandsons.com\/en\/product\/galenus-36mm\/\",\"url\":\"https:\/\/colomerandsons.com\/en\/product\/galenus-36mm\/\",\"name\":\"Galenus 36mm - Colomer &amp; Sons\",\"isPartOf\":{\"@id\":\"https:\/\/colomerandsons.com\/#website\"},\"primaryImageOfPage\":{\"@id\":\"https:\/\/colomerandsons.com\/en\/product\/galenus-36mm\/#primaryimage\"},\"image\":{\"@id\":\"https:\/\/colomerandsons.com\/en\/product\/galenus-36mm\/#primaryimage\"},\"thumbnailUrl\":\"https:\/\/colomerandsons.com\/wp-content\/uploads\/2026\/04\/Galenus_F_36mm.webp\",\"datePublished\":\"2026-04-24T14:50:51+00:00\",\"dateModified\":\"2026-04-30T07:32:06+00:00\",\"description\":\"Galenus 36mm watch. with Swiss Ronda 5030.D Movement. Sapphire crystal and with a Limited Edition of 250 units. 10 years warranty.\",\"breadcrumb\":{\"@id\":\"https:\/\/colomerandsons.com\/en\/product\/galenus-36mm\/#breadcrumb\"},\"inLanguage\":\"en-US\",\"potentialAction\":[{\"@type\":\"ReadAction\",\"target\":[\"https:\/\/colomerandsons.com\/en\/product\/galenus-36mm\/\"]}]},{\"@type\":\"ImageObject\",\"inLanguage\":\"en-US\",\"@id\":\"https:\/\/colomerandsons.com\/en\/product\/galenus-36mm\/#primaryimage\",\"url\":\"https:\/\/colomerandsons.com\/wp-content\/uploads\/2026\/04\/Galenus_F_36mm.webp\",\"contentUrl\":\"https:\/\/colomerandsons.com\/wp-content\/uploads\/2026\/04\/Galenus_F_36mm.webp\",\"width\":1200,\"height\":1570},{\"@type\":\"BreadcrumbList\",\"@id\":\"https:\/\/colomerandsons.com\/en\/product\/galenus-36mm\/#breadcrumb\",\"itemListElement\":[{\"@type\":\"ListItem\",\"position\":1,\"name\":\"Inicio\",\"item\":\"https:\/\/colomerandsons.com\/en\/beginning\/\"},{\"@type\":\"ListItem\",\"position\":2,\"name\":\"SHOP\",\"item\":\"https:\/\/colomerandsons.com\/en\/shop\/\"},{\"@type\":\"ListItem\",\"position\":3,\"name\":\"Galenus 38\"}]},{\"@type\":\"WebSite\",\"@id\":\"https:\/\/colomerandsons.com\/#website\",\"url\":\"https:\/\/colomerandsons.com\/\",\"name\":\"Colomer and Sons\",\"description\":\"Colomer &amp; Sons lleva desde 2007 intentando cambiar las reglas de la relojer\u00eda de lujo, ofreciendo magn\u00edficas piezas a precios asequibles y con 10 a\u00f1os de garant\u00eda.\",\"potentialAction\":[{\"@type\":\"SearchAction\",\"target\":{\"@type\":\"EntryPoint\",\"urlTemplate\":\"https:\/\/colomerandsons.com\/?s={search_term_string}\"},\"query-input\":{\"@type\":\"PropertyValueSpecification\",\"valueRequired\":true,\"valueName\":\"search_term_string\"}}],\"inLanguage\":\"en-US\"}]}<\/script>\n<!-- \/ Yoast SEO plugin. -->","yoast_head_json":{"title":"Galenus 36mm - Colomer &amp; Sons","description":"Galenus 36mm watch. with Swiss Ronda 5030.D Movement. Sapphire crystal and with a Limited Edition of 250 units. 10 years warranty.","robots":{"index":"index","follow":"follow","max-snippet":"max-snippet:-1","max-image-preview":"max-image-preview:large","max-video-preview":"max-video-preview:-1"},"canonical":"https:\/\/colomerandsons.com\/en\/product\/galenus-36mm\/","og_locale":"en_US","og_type":"article","og_title":"Galenus 36mm - Colomer &amp; Sons","og_description":"Galenus 36mm watch. with Swiss Ronda 5030.D Movement. Sapphire crystal and with a Limited Edition of 250 units. 10 years warranty.","og_url":"https:\/\/colomerandsons.com\/en\/product\/galenus-36mm\/","og_site_name":"Colomer &amp; Sons","article_publisher":"https:\/\/www.facebook.com\/colomerandsons\/","article_modified_time":"2026-04-30T07:32:06+00:00","og_image":[{"width":1200,"height":1570,"url":"https:\/\/colomerandsons.com\/wp-content\/uploads\/2026\/04\/Galenus_F_36mm.webp","type":"image\/webp"}],"twitter_card":"summary_large_image","twitter_site":"@colomerandsons","twitter_misc":{"Est. reading time":"1 minute"},"schema":{"@context":"https:\/\/schema.org","@graph":[{"@type":"WebPage","@id":"https:\/\/colomerandsons.com\/en\/product\/galenus-36mm\/","url":"https:\/\/colomerandsons.com\/en\/product\/galenus-36mm\/","name":"Galenus 36mm - Colomer &amp; Sons","isPartOf":{"@id":"https:\/\/colomerandsons.com\/#website"},"primaryImageOfPage":{"@id":"https:\/\/colomerandsons.com\/en\/product\/galenus-36mm\/#primaryimage"},"image":{"@id":"https:\/\/colomerandsons.com\/en\/product\/galenus-36mm\/#primaryimage"},"thumbnailUrl":"https:\/\/colomerandsons.com\/wp-content\/uploads\/2026\/04\/Galenus_F_36mm.webp","datePublished":"2026-04-24T14:50:51+00:00","dateModified":"2026-04-30T07:32:06+00:00","description":"Galenus 36mm watch. with Swiss Ronda 5030.D Movement. Sapphire crystal and with a Limited Edition of 250 units. 10 years warranty.","breadcrumb":{"@id":"https:\/\/colomerandsons.com\/en\/product\/galenus-36mm\/#breadcrumb"},"inLanguage":"en-US","potentialAction":[{"@type":"ReadAction","target":["https:\/\/colomerandsons.com\/en\/product\/galenus-36mm\/"]}]},{"@type":"ImageObject","inLanguage":"en-US","@id":"https:\/\/colomerandsons.com\/en\/product\/galenus-36mm\/#primaryimage","url":"https:\/\/colomerandsons.com\/wp-content\/uploads\/2026\/04\/Galenus_F_36mm.webp","contentUrl":"https:\/\/colomerandsons.com\/wp-content\/uploads\/2026\/04\/Galenus_F_36mm.webp","width":1200,"height":1570},{"@type":"BreadcrumbList","@id":"https:\/\/colomerandsons.com\/en\/product\/galenus-36mm\/#breadcrumb","itemListElement":[{"@type":"ListItem","position":1,"name":"Inicio","item":"https:\/\/colomerandsons.com\/en\/beginning\/"},{"@type":"ListItem","position":2,"name":"SHOP","item":"https:\/\/colomerandsons.com\/en\/shop\/"},{"@type":"ListItem","position":3,"name":"Galenus 38"}]},{"@type":"WebSite","@id":"https:\/\/colomerandsons.com\/#website","url":"https:\/\/colomerandsons.com\/","name":"Colomer and Sons","description":"Colomer &amp; Sons lleva desde 2007 intentando cambiar las reglas de la relojer\u00eda de lujo, ofreciendo magn\u00edficas piezas a precios asequibles y con 10 a\u00f1os de garant\u00eda.","potentialAction":[{"@type":"SearchAction","target":{"@type":"EntryPoint","urlTemplate":"https:\/\/colomerandsons.com\/?s={search_term_string}"},"query-input":{"@type":"PropertyValueSpecification","valueRequired":true,"valueName":"search_term_string"}}],"inLanguage":"en-US"}]}},"_links":{"self":[{"href":"https:\/\/colomerandsons.com\/en\/wp-json\/wp\/v2\/product\/86740","targetHints":{"allow":["GET"]}}],"collection":[{"href":"https:\/\/colomerandsons.com\/en\/wp-json\/wp\/v2\/product"}],"about":[{"href":"https:\/\/colomerandsons.com\/en\/wp-json\/wp\/v2\/types\/product"}],"replies":[{"embeddable":true,"href":"https:\/\/colomerandsons.com\/en\/wp-json\/wp\/v2\/comments?post=86740"}],"wp:featuredmedia":[{"embeddable":true,"href":"https:\/\/colomerandsons.com\/en\/wp-json\/wp\/v2\/media\/86736"}],"wp:attachment":[{"href":"https:\/\/colomerandsons.com\/en\/wp-json\/wp\/v2\/media?parent=86740"}],"wp:term":[{"taxonomy":"product_brand","embeddable":true,"href":"https:\/\/colomerandsons.com\/en\/wp-json\/wp\/v2\/product_brand?post=86740"},{"taxonomy":"product_cat","embeddable":true,"href":"https:\/\/colomerandsons.com\/en\/wp-json\/wp\/v2\/product_cat?post=86740"},{"taxonomy":"product_tag","embeddable":true,"href":"https:\/\/colomerandsons.com\/en\/wp-json\/wp\/v2\/product_tag?post=86740"}],"curies":[{"name":"wp","href":"https:\/\/api.w.org\/{rel}","templated":true}]}}