{"id":85826,"date":"2018-07-11T10:47:52","date_gmt":"2018-07-11T09:47:52","guid":{"rendered":"https:\/\/colomerandsons.com\/producto\/milanese-strap-for-men-spanish-series-20-mm\/"},"modified":"2026-03-24T11:13:31","modified_gmt":"2026-03-24T10:13:31","slug":"milanese-strap-for-men-spanish-series-20-mm","status":"publish","type":"product","link":"https:\/\/colomerandsons.com\/en\/product\/milanese-strap-for-men-spanish-series-20-mm\/","title":{"rendered":"Milanese Strap for Men Spanish Series &#8211; 20 mm"},"content":{"rendered":"<p>[et_pb_section fb_built=&#8221;1&#8243; _builder_version=&#8221;4.16&#8243; width=&#8221;90%&#8221; width_tablet=&#8221;90%&#8221; width_phone=&#8221;&#8221; width_last_edited=&#8221;on|phone&#8221; module_alignment=&#8221;center&#8221; custom_padding=&#8221;0px||||false|false&#8221; global_colors_info=&#8221;{}&#8221;][et_pb_row _builder_version=&#8221;4.16&#8243; background_size=&#8221;initial&#8221; background_position=&#8221;top_left&#8221; background_repeat=&#8221;repeat&#8221; width=&#8221;100%&#8221; custom_padding=&#8221;0px||0px||false|false&#8221; global_colors_info=&#8221;{}&#8221;][et_pb_column type=&#8221;4_4&#8243; _builder_version=&#8221;4.16&#8243; custom_padding=&#8221;|||&#8221; global_colors_info=&#8221;{}&#8221; custom_padding__hover=&#8221;|||&#8221;][et_pb_wc_breadcrumb _builder_version=&#8221;4.16&#8243; global_colors_info=&#8221;{}&#8221;][\/et_pb_wc_breadcrumb][et_pb_wc_cart_notice _builder_version=&#8221;4.16&#8243; global_colors_info=&#8221;{}&#8221;][\/et_pb_wc_cart_notice][\/et_pb_column][\/et_pb_row][et_pb_row column_structure=&#8221;1_2,1_2&#8243; _builder_version=&#8221;4.16&#8243; background_size=&#8221;initial&#8221; background_position=&#8221;top_left&#8221; background_repeat=&#8221;repeat&#8221; width=&#8221;100%&#8221; custom_padding=&#8221;0px||||false|false&#8221; global_colors_info=&#8221;{}&#8221;][et_pb_column type=&#8221;1_2&#8243; _builder_version=&#8221;4.16&#8243; custom_padding=&#8221;|||&#8221; global_colors_info=&#8221;{}&#8221; custom_padding__hover=&#8221;|||&#8221;][et_pb_wc_images _builder_version=&#8221;4.16&#8243; global_colors_info=&#8221;{}&#8221;][\/et_pb_wc_images][\/et_pb_column][et_pb_column type=&#8221;1_2&#8243; _builder_version=&#8221;4.16&#8243; custom_padding=&#8221;|||&#8221; global_colors_info=&#8221;{}&#8221; custom_padding__hover=&#8221;|||&#8221;][et_pb_wc_title _builder_version=&#8221;4.16&#8243; global_colors_info=&#8221;{}&#8221;][\/et_pb_wc_title][et_pb_wc_rating _builder_version=&#8221;4.16&#8243; global_colors_info=&#8221;{}&#8221;][\/et_pb_wc_rating][et_pb_wc_price _builder_version=&#8221;4.16&#8243; global_colors_info=&#8221;{}&#8221;][\/et_pb_wc_price][et_pb_wc_description _builder_version=&#8221;4.16&#8243; global_colors_info=&#8221;{}&#8221;][\/et_pb_wc_description][et_pb_wc_add_to_cart _builder_version=&#8221;4.16&#8243; global_colors_info=&#8221;{}&#8221;][\/et_pb_wc_add_to_cart][et_pb_wc_meta _builder_version=&#8221;4.16&#8243; global_colors_info=&#8221;{}&#8221;][\/et_pb_wc_meta][\/et_pb_column][\/et_pb_row][et_pb_row _builder_version=&#8221;4.16&#8243; background_size=&#8221;initial&#8221; background_position=&#8221;top_left&#8221; background_repeat=&#8221;repeat&#8221; width=&#8221;100%&#8221; global_colors_info=&#8221;{}&#8221;][et_pb_column type=&#8221;4_4&#8243; _builder_version=&#8221;4.16&#8243; custom_padding=&#8221;|||&#8221; global_colors_info=&#8221;{}&#8221; custom_padding__hover=&#8221;|||&#8221;][et_pb_wc_tabs _builder_version=&#8221;4.16&#8243; global_colors_info=&#8221;{}&#8221;]\t\t\t\t\t[\/et_pb_wc_tabs][et_pb_wc_upsells _builder_version=&#8221;4.16&#8243; global_colors_info=&#8221;{}&#8221;][\/et_pb_wc_upsells][et_pb_wc_related_products _builder_version=&#8221;4.16&#8243; global_colors_info=&#8221;{}&#8221;][\/et_pb_wc_related_products][\/et_pb_column][\/et_pb_row][\/et_pb_section][et_pb_section fb_built=&#8221;1&#8243; _builder_version=&#8221;4.16&#8243; background_color=&#8221;#050527&#8243; locked=&#8221;off&#8221; global_colors_info=&#8221;{}&#8221;][et_pb_row column_structure=&#8221;1_3,1_3,1_3&#8243; _builder_version=&#8221;4.16&#8243; global_colors_info=&#8221;{}&#8221;][et_pb_column type=&#8221;1_3&#8243; _builder_version=&#8221;4.16&#8243; global_colors_info=&#8221;{}&#8221;][\/et_pb_column][et_pb_column type=&#8221;1_3&#8243; _builder_version=&#8221;4.16&#8243; global_colors_info=&#8221;{}&#8221;][et_pb_image src=&#8221;https:\/\/colomerandsons.com\/wp-content\/uploads\/2020\/04\/logo-blanco-colomer.png&#8221; _builder_version=&#8221;4.16&#8243; global_colors_info=&#8221;{}&#8221;][\/et_pb_image][\/et_pb_column][et_pb_column type=&#8221;1_3&#8243; _builder_version=&#8221;4.16&#8243; global_colors_info=&#8221;{}&#8221;][\/et_pb_column][\/et_pb_row][et_pb_row _builder_version=&#8221;4.16&#8243; global_colors_info=&#8221;{}&#8221;][et_pb_column type=&#8221;4_4&#8243; _builder_version=&#8221;4.16&#8243; global_colors_info=&#8221;{}&#8221;][et_pb_text _builder_version=&#8221;4.16&#8243; header_2_font=&#8221;Gotham Black Regular||||||||&#8221; header_2_text_color=&#8221;#988057&#8243; text_orientation=&#8221;center&#8221; border_width_bottom=&#8221;2px&#8221; border_color_bottom=&#8221;#988057&#8243; border_style_bottom=&#8221;ridge&#8221; global_colors_info=&#8221;{}&#8221;]<\/p>\n<h2>PASSION FOR WATCHMAKING<\/h2>\n<p>[\/et_pb_text][\/et_pb_column][\/et_pb_row][et_pb_row column_structure=&#8221;1_3,1_3,1_3&#8243; _builder_version=&#8221;4.16&#8243; width=&#8221;70%&#8221; custom_padding=&#8221;26px|||||&#8221; global_colors_info=&#8221;{}&#8221;][et_pb_column type=&#8221;1_3&#8243; _builder_version=&#8221;4.16&#8243; global_colors_info=&#8221;{}&#8221;][et_pb_text _builder_version=&#8221;4.16&#8243; text_line_height=&#8221;1em&#8221; link_text_color=&#8221;#cccccc&#8221; header_2_text_color=&#8221;#ccc&#8221; border_width_right=&#8221;1px&#8221; border_color_right=&#8221;#ffffff&#8221; global_colors_info=&#8221;{}&#8221; link_text_color__hover_enabled=&#8221;on|hover&#8221; link_text_color__hover=&#8221;#ffffff&#8221;]<\/p>\n<h2><strong>COLLECTIONS<\/strong><\/h2>\n<p><strong> <\/strong><\/p>\n<p><a href=\"https:\/\/colomerandsons.com\/clasicos\/\"><strong>Classic Watches<\/strong><\/a><\/p>\n<p><a href=\"https:\/\/colomerandsons.com\/especiales\/\"><strong>Special Watches<\/strong><\/a><\/p>\n<p><a href=\"https:\/\/colomerandsons.com\/deportivos\/\"><strong>Sports Watches<\/strong><\/a><\/p>\n<p><a href=\"https:\/\/colomerandsons.com\/femeninos\/\"><strong>Women&#8217;s Watches<\/strong><\/a><\/p>\n<p><a href=\"https:\/\/colomerandsons.com\/cronografos\/\"><strong>Chronograph Watches<\/strong><\/a><\/p>\n<p><a href=\"https:\/\/colomerandsons.com\/tourbillon\/\"><strong>Tourbillon Watches<\/strong><\/a><\/p>\n<p><a href=\"https:\/\/colomerandsons.com\/en\/accessories\/\"><strong>Accessories<\/strong><\/a><\/p>\n<p>[\/et_pb_text][\/et_pb_column][et_pb_column type=&#8221;1_3&#8243; _builder_version=&#8221;4.16&#8243; global_colors_info=&#8221;{}&#8221;][et_pb_text _builder_version=&#8221;4.16&#8243; text_line_height=&#8221;1em&#8221; link_text_color=&#8221;#cccccc&#8221; header_2_text_color=&#8221;#ccc&#8221; border_width_right=&#8221;1px&#8221; border_color_right=&#8221;#ffffff&#8221; global_colors_info=&#8221;{}&#8221; link_text_color__hover_enabled=&#8221;on|hover&#8221; link_text_color__hover=&#8221;#ffffff&#8221;]<\/p>\n<h2><strong>THE COMPANY<br \/>\n<\/strong><\/h2>\n<p><strong> <\/strong><\/p>\n<p><a href=\"https:\/\/colomerandsons.com\/en\/our-story\/\"><strong>Our Story<\/strong><\/a><\/p>\n<p><a href=\"https:\/\/colomerandsons.com\/en\/press\/\"><strong>What they say about us  <\/strong><\/a><\/p>\n<p><a href=\"https:\/\/colomerandsons.com\/b2b\/\"><strong>B2B<\/strong><\/a><\/p>\n<p><a href=\"https:\/\/colomerandsons.com\/distribuidores\/\"><strong>Do you want to be a distributor?<\/strong><\/a><\/p>\n<p><a href=\"https:\/\/colomerandsons.com\/en\/privacy-policy\/\"><strong>Privacy Policy<\/strong><\/a><\/p>\n<p><a href=\"https:\/\/colomerandsons.com\/en\/cookies-policy\/\"><strong>Cookies Policy<\/strong><\/a><\/p>\n<p><a href=\"https:\/\/colomerandsons.com\/en\/legal-notice\/\"><strong>Legal Notice  <\/strong><\/a>[\/et_pb_text][\/et_pb_column][et_pb_column type=&#8221;1_3&#8243; _builder_version=&#8221;4.16&#8243; global_colors_info=&#8221;{}&#8221;][et_pb_text _builder_version=&#8221;4.16&#8243; text_line_height=&#8221;1em&#8221; link_text_color=&#8221;#cccccc&#8221; header_2_text_color=&#8221;#ccc&#8221; border_color_right=&#8221;#ffffff&#8221; global_colors_info=&#8221;{}&#8221; link_text_color__hover_enabled=&#8221;on|hover&#8221; link_text_color__hover=&#8221;#ffffff&#8221;]<\/p>\n<h2><strong>CUSTOMER SUPPORT<br \/> <\/strong><\/h2>\n<p><strong> <\/strong><\/p>\n<p style=\"text-align: left;\"><a href=\"https:\/\/colomerandsons.com\/en\/contact\/\"><strong>Contact<\/strong><\/a><\/p>\n<p style=\"text-align: left;\"><a href=\"https:\/\/colomerandsons.com\/en\/technical-service\/\"><strong>Technical Service<\/strong><\/a><\/p>\n<p style=\"text-align: left;\"><a href=\"https:\/\/colomerandsons.com\/en\/take-care-of-your-watch\/\"><strong>Take care of your watch<\/strong><\/a><\/p>\n<p style=\"text-align: left;\"><a href=\"https:\/\/colomerandsons.com\/en\/manuals\/\"><strong>Manuals<\/strong><\/a><\/p>\n<p style=\"text-align: left;\"><a href=\"https:\/\/colomerandsons.com\/en\/shipping-returns-orders\/\"><strong>Shipping &#8211; Returns &#8211; Orders<\/strong><\/a><\/p>\n<p style=\"text-align: left;\"><a href=\"https:\/\/colomerandsons.com\/en\/guarantee\/\"><strong>Guarantee<\/strong><\/a><\/p>\n<p style=\"text-align: left;\"><a href=\"https:\/\/colomerandsons.com\/en\/want-to-get-a-free-watch\/\"><strong>Want to get a free watch?<\/strong><\/a><\/p>\n<p>[\/et_pb_text][\/et_pb_column][\/et_pb_row][et_pb_row _builder_version=&#8221;4.16&#8243; global_colors_info=&#8221;{}&#8221;][et_pb_column type=&#8221;4_4&#8243; _builder_version=&#8221;4.16&#8243; global_colors_info=&#8221;{}&#8221;][et_pb_social_media_follow icon_color=&#8221;#ffffff&#8221; use_icon_font_size=&#8221;on&#8221; icon_font_size=&#8221;26px&#8221; _builder_version=&#8221;4.16&#8243; background_color=&#8221;rgba(0,0,0,0)&#8221; custom_button=&#8221;on&#8221; button_text_size=&#8221;21px&#8221; button_text_color=&#8221;#ffffff&#8221; text_orientation=&#8221;center&#8221; background_layout=&#8221;dark&#8221; global_colors_info=&#8221;{}&#8221;][et_pb_social_media_follow_network social_network=&#8221;facebook&#8221; url=&#8221;https:\/\/es-es.facebook.com\/pages\/Colomer-Sons-Watches\/165056770220116&#8243; _builder_version=&#8221;4.16&#8243; background_color=&#8221;rgba(0,0,0,0)&#8221; background_enable_color=&#8221;on&#8221; global_colors_info=&#8221;{}&#8221; follow_button=&#8221;off&#8221; url_new_window=&#8221;on&#8221;]facebook[\/et_pb_social_media_follow_network][et_pb_social_media_follow_network social_network=&#8221;twitter&#8221; url=&#8221;https:\/\/twitter.com\/colomerandsons&#8221; _builder_version=&#8221;4.16&#8243; background_color=&#8221;rgba(0,0,0,0)&#8221; background_enable_color=&#8221;on&#8221; global_colors_info=&#8221;{}&#8221; follow_button=&#8221;off&#8221; url_new_window=&#8221;on&#8221;]twitter[\/et_pb_social_media_follow_network][et_pb_social_media_follow_network social_network=&#8221;instagram&#8221; url=&#8221;https:\/\/www.instagram.com\/colomerandsons\/&#8221; _builder_version=&#8221;4.16&#8243; background_color=&#8221;rgba(0,0,0,0)&#8221; background_enable_color=&#8221;on&#8221; global_colors_info=&#8221;{}&#8221; follow_button=&#8221;off&#8221; url_new_window=&#8221;on&#8221;]instagram[\/et_pb_social_media_follow_network][et_pb_social_media_follow_network social_network=&#8221;youtube&#8221; url=&#8221;https:\/\/www.youtube.com\/user\/yoquierounodeesos&#8221; _builder_version=&#8221;4.16&#8243; background_color=&#8221;rgba(0,0,0,0)&#8221; background_enable_color=&#8221;on&#8221; global_colors_info=&#8221;{}&#8221; follow_button=&#8221;off&#8221; url_new_window=&#8221;on&#8221;]youtube[\/et_pb_social_media_follow_network][et_pb_social_media_follow_network social_network=&#8221;pinterest&#8221; url=&#8221;https:\/\/www.pinterest.es\/colomerandsons\/&#8221; _builder_version=&#8221;4.16&#8243; background_color=&#8221;rgba(0,0,0,0)&#8221; background_enable_color=&#8221;on&#8221; global_colors_info=&#8221;{}&#8221; follow_button=&#8221;off&#8221; url_new_window=&#8221;on&#8221;]pinterest[\/et_pb_social_media_follow_network][\/et_pb_social_media_follow][et_pb_text _builder_version=&#8221;4.16&#8243; text_text_color=&#8221;CCC&#8221; custom_margin=&#8221;-15px|||||&#8221; global_colors_info=&#8221;{}&#8221;]<\/p>\n<p style=\"text-align: center;\"><strong>ACCEPTED PAYMENTS<\/strong><br \/><a href=\"https:\/\/colomerandsons.com\/clasicos\/\"><strong><\/strong><\/a><\/p>\n<p>[\/et_pb_text][et_pb_image src=&#8221;https:\/\/colomerandsons.com\/wp-content\/uploads\/2018\/07\/products-murallas03_4.jpg&#8221; align=&#8221;center&#8221; _builder_version=&#8221;4.16&#8243; global_colors_info=&#8221;{}&#8221;][\/et_pb_image][\/et_pb_column][\/et_pb_row][\/et_pb_section]<\/p>\n","protected":false},"excerpt":{"rendered":"<p>Metal strap, 316L stainless steel. For models:<br \/>\n Ninth Symphony, Bella Luna, Bernini, Brunelleschi, Caravaggio, Florence, Michelangelo, Ponte Dei Sospiri, Raffaello,<br \/>\n Fortunate, Worldtimer, OpenHeart, Vintage Pilot Chrono, Vintage Pilot Multifunction, Sports Chrono, Ocean Multifunction, Classic Power Reserve, Sublime and Spanish Series models. <\/p>\n","protected":false},"featured_media":59252,"comment_status":"open","ping_status":"closed","template":"","meta":{"_acf_changed":false,"_et_pb_use_builder":"on","_et_pb_old_content":"<ul>\r\n \t<li>Fabricada en acero inoxidable macizo 316L.<\/li>\r\n \t<li>Acero antial\u00e9rgico.<\/li>\r\n \t<li>Logo grabado de Colomer &amp; Sons.<\/li>\r\n \t<li>Cierre de seguridad.<\/li>\r\n \t<li>Tama\u00f1o 20 mm.<\/li>\r\n \t<li>Peso: 46 gramos.<\/li>\r\n \t<li>Es posible ajustarla f\u00e1cilmente al tama\u00f1o de la mu\u00f1eca.<\/li>\r\n \t<li>Sistema easy release para poder quitar la correa f\u00e1cilmente.<\/li>\r\n<\/ul>","_et_gb_content_width":"","_joinchat":[]},"product_brand":[],"product_cat":[859],"product_tag":[],"class_list":{"0":"post-85826","1":"product","2":"type-product","3":"status-publish","4":"has-post-thumbnail","6":"product_cat-accessories","8":"first","9":"instock","10":"taxable","11":"shipping-taxable","12":"purchasable","13":"product-type-simple"},"acf":[],"yoast_head":"<!-- This site is optimized with the Yoast SEO plugin v26.8 - https:\/\/yoast.com\/product\/yoast-seo-wordpress\/ -->\n<title>Milanese Strap for Men Spanish Series - 20 mm<\/title>\n<meta name=\"description\" content=\"Milanese Strap Men\" \/>\n<meta name=\"robots\" content=\"index, follow, max-snippet:-1, max-image-preview:large, max-video-preview:-1\" \/>\n<link rel=\"canonical\" href=\"https:\/\/colomerandsons.com\/en\/product\/milanese-strap-for-men-spanish-series-20-mm\/\" \/>\n<meta property=\"og:locale\" content=\"en_US\" \/>\n<meta property=\"og:type\" content=\"article\" \/>\n<meta property=\"og:title\" content=\"Milanese Strap for Men Spanish Series - 20 mm\" \/>\n<meta property=\"og:description\" content=\"Milanese Strap Men\" \/>\n<meta property=\"og:url\" content=\"https:\/\/colomerandsons.com\/en\/product\/milanese-strap-for-men-spanish-series-20-mm\/\" \/>\n<meta property=\"og:site_name\" content=\"Colomer &amp; Sons\" \/>\n<meta property=\"article:publisher\" content=\"https:\/\/www.facebook.com\/colomerandsons\/\" \/>\n<meta property=\"article:modified_time\" content=\"2026-03-24T10:13:31+00:00\" \/>\n<meta property=\"og:image\" content=\"https:\/\/colomerandsons.com\/wp-content\/uploads\/2018\/07\/products-correa_base.jpg\" \/>\n\t<meta property=\"og:image:width\" content=\"550\" \/>\n\t<meta property=\"og:image:height\" content=\"660\" \/>\n\t<meta property=\"og:image:type\" content=\"image\/jpeg\" \/>\n<meta name=\"twitter:card\" content=\"summary_large_image\" \/>\n<meta name=\"twitter:site\" content=\"@colomerandsons\" \/>\n<meta name=\"twitter:label1\" content=\"Est. reading time\" \/>\n\t<meta name=\"twitter:data1\" content=\"5 minutes\" \/>\n<script type=\"application\/ld+json\" class=\"yoast-schema-graph\">{\"@context\":\"https:\/\/schema.org\",\"@graph\":[{\"@type\":\"WebPage\",\"@id\":\"https:\/\/colomerandsons.com\/en\/product\/milanese-strap-for-men-spanish-series-20-mm\/\",\"url\":\"https:\/\/colomerandsons.com\/en\/product\/milanese-strap-for-men-spanish-series-20-mm\/\",\"name\":\"Milanese Strap for Men Spanish Series - 20 mm\",\"isPartOf\":{\"@id\":\"https:\/\/colomerandsons.com\/#website\"},\"primaryImageOfPage\":{\"@id\":\"https:\/\/colomerandsons.com\/en\/product\/milanese-strap-for-men-spanish-series-20-mm\/#primaryimage\"},\"image\":{\"@id\":\"https:\/\/colomerandsons.com\/en\/product\/milanese-strap-for-men-spanish-series-20-mm\/#primaryimage\"},\"thumbnailUrl\":\"https:\/\/colomerandsons.com\/wp-content\/uploads\/2018\/07\/products-correa_base.jpg\",\"datePublished\":\"2018-07-11T09:47:52+00:00\",\"dateModified\":\"2026-03-24T10:13:31+00:00\",\"description\":\"Milanese Strap Men\",\"breadcrumb\":{\"@id\":\"https:\/\/colomerandsons.com\/en\/product\/milanese-strap-for-men-spanish-series-20-mm\/#breadcrumb\"},\"inLanguage\":\"en-US\",\"potentialAction\":[{\"@type\":\"ReadAction\",\"target\":[\"https:\/\/colomerandsons.com\/en\/product\/milanese-strap-for-men-spanish-series-20-mm\/\"]}]},{\"@type\":\"ImageObject\",\"inLanguage\":\"en-US\",\"@id\":\"https:\/\/colomerandsons.com\/en\/product\/milanese-strap-for-men-spanish-series-20-mm\/#primaryimage\",\"url\":\"https:\/\/colomerandsons.com\/wp-content\/uploads\/2018\/07\/products-correa_base.jpg\",\"contentUrl\":\"https:\/\/colomerandsons.com\/wp-content\/uploads\/2018\/07\/products-correa_base.jpg\",\"width\":550,\"height\":660},{\"@type\":\"BreadcrumbList\",\"@id\":\"https:\/\/colomerandsons.com\/en\/product\/milanese-strap-for-men-spanish-series-20-mm\/#breadcrumb\",\"itemListElement\":[{\"@type\":\"ListItem\",\"position\":1,\"name\":\"Inicio\",\"item\":\"https:\/\/colomerandsons.com\/\"},{\"@type\":\"ListItem\",\"position\":2,\"name\":\"SHOP\",\"item\":\"https:\/\/colomerandsons.com\/en\/shop\/\"},{\"@type\":\"ListItem\",\"position\":3,\"name\":\"Milanese Strap for Men Spanish Series &#8211; 20 mm\"}]},{\"@type\":\"WebSite\",\"@id\":\"https:\/\/colomerandsons.com\/#website\",\"url\":\"https:\/\/colomerandsons.com\/\",\"name\":\"Colomer and Sons\",\"description\":\"Colomer &amp; Sons lleva desde 2007 intentando cambiar las reglas de la relojer\u00eda de lujo, ofreciendo magn\u00edficas piezas a precios asequibles y con 10 a\u00f1os de garant\u00eda.\",\"potentialAction\":[{\"@type\":\"SearchAction\",\"target\":{\"@type\":\"EntryPoint\",\"urlTemplate\":\"https:\/\/colomerandsons.com\/?s={search_term_string}\"},\"query-input\":{\"@type\":\"PropertyValueSpecification\",\"valueRequired\":true,\"valueName\":\"search_term_string\"}}],\"inLanguage\":\"en-US\"}]}<\/script>\n<!-- \/ Yoast SEO plugin. -->","yoast_head_json":{"title":"Milanese Strap for Men Spanish Series - 20 mm","description":"Milanese Strap Men","robots":{"index":"index","follow":"follow","max-snippet":"max-snippet:-1","max-image-preview":"max-image-preview:large","max-video-preview":"max-video-preview:-1"},"canonical":"https:\/\/colomerandsons.com\/en\/product\/milanese-strap-for-men-spanish-series-20-mm\/","og_locale":"en_US","og_type":"article","og_title":"Milanese Strap for Men Spanish Series - 20 mm","og_description":"Milanese Strap Men","og_url":"https:\/\/colomerandsons.com\/en\/product\/milanese-strap-for-men-spanish-series-20-mm\/","og_site_name":"Colomer &amp; Sons","article_publisher":"https:\/\/www.facebook.com\/colomerandsons\/","article_modified_time":"2026-03-24T10:13:31+00:00","og_image":[{"width":550,"height":660,"url":"https:\/\/colomerandsons.com\/wp-content\/uploads\/2018\/07\/products-correa_base.jpg","type":"image\/jpeg"}],"twitter_card":"summary_large_image","twitter_site":"@colomerandsons","twitter_misc":{"Est. reading time":"5 minutes"},"schema":{"@context":"https:\/\/schema.org","@graph":[{"@type":"WebPage","@id":"https:\/\/colomerandsons.com\/en\/product\/milanese-strap-for-men-spanish-series-20-mm\/","url":"https:\/\/colomerandsons.com\/en\/product\/milanese-strap-for-men-spanish-series-20-mm\/","name":"Milanese Strap for Men Spanish Series - 20 mm","isPartOf":{"@id":"https:\/\/colomerandsons.com\/#website"},"primaryImageOfPage":{"@id":"https:\/\/colomerandsons.com\/en\/product\/milanese-strap-for-men-spanish-series-20-mm\/#primaryimage"},"image":{"@id":"https:\/\/colomerandsons.com\/en\/product\/milanese-strap-for-men-spanish-series-20-mm\/#primaryimage"},"thumbnailUrl":"https:\/\/colomerandsons.com\/wp-content\/uploads\/2018\/07\/products-correa_base.jpg","datePublished":"2018-07-11T09:47:52+00:00","dateModified":"2026-03-24T10:13:31+00:00","description":"Milanese Strap Men","breadcrumb":{"@id":"https:\/\/colomerandsons.com\/en\/product\/milanese-strap-for-men-spanish-series-20-mm\/#breadcrumb"},"inLanguage":"en-US","potentialAction":[{"@type":"ReadAction","target":["https:\/\/colomerandsons.com\/en\/product\/milanese-strap-for-men-spanish-series-20-mm\/"]}]},{"@type":"ImageObject","inLanguage":"en-US","@id":"https:\/\/colomerandsons.com\/en\/product\/milanese-strap-for-men-spanish-series-20-mm\/#primaryimage","url":"https:\/\/colomerandsons.com\/wp-content\/uploads\/2018\/07\/products-correa_base.jpg","contentUrl":"https:\/\/colomerandsons.com\/wp-content\/uploads\/2018\/07\/products-correa_base.jpg","width":550,"height":660},{"@type":"BreadcrumbList","@id":"https:\/\/colomerandsons.com\/en\/product\/milanese-strap-for-men-spanish-series-20-mm\/#breadcrumb","itemListElement":[{"@type":"ListItem","position":1,"name":"Inicio","item":"https:\/\/colomerandsons.com\/"},{"@type":"ListItem","position":2,"name":"SHOP","item":"https:\/\/colomerandsons.com\/en\/shop\/"},{"@type":"ListItem","position":3,"name":"Milanese Strap for Men Spanish Series &#8211; 20 mm"}]},{"@type":"WebSite","@id":"https:\/\/colomerandsons.com\/#website","url":"https:\/\/colomerandsons.com\/","name":"Colomer and Sons","description":"Colomer &amp; Sons lleva desde 2007 intentando cambiar las reglas de la relojer\u00eda de lujo, ofreciendo magn\u00edficas piezas a precios asequibles y con 10 a\u00f1os de garant\u00eda.","potentialAction":[{"@type":"SearchAction","target":{"@type":"EntryPoint","urlTemplate":"https:\/\/colomerandsons.com\/?s={search_term_string}"},"query-input":{"@type":"PropertyValueSpecification","valueRequired":true,"valueName":"search_term_string"}}],"inLanguage":"en-US"}]}},"_links":{"self":[{"href":"https:\/\/colomerandsons.com\/en\/wp-json\/wp\/v2\/product\/85826","targetHints":{"allow":["GET"]}}],"collection":[{"href":"https:\/\/colomerandsons.com\/en\/wp-json\/wp\/v2\/product"}],"about":[{"href":"https:\/\/colomerandsons.com\/en\/wp-json\/wp\/v2\/types\/product"}],"replies":[{"embeddable":true,"href":"https:\/\/colomerandsons.com\/en\/wp-json\/wp\/v2\/comments?post=85826"}],"wp:featuredmedia":[{"embeddable":true,"href":"https:\/\/colomerandsons.com\/en\/wp-json\/wp\/v2\/media\/59252"}],"wp:attachment":[{"href":"https:\/\/colomerandsons.com\/en\/wp-json\/wp\/v2\/media?parent=85826"}],"wp:term":[{"taxonomy":"product_brand","embeddable":true,"href":"https:\/\/colomerandsons.com\/en\/wp-json\/wp\/v2\/product_brand?post=85826"},{"taxonomy":"product_cat","embeddable":true,"href":"https:\/\/colomerandsons.com\/en\/wp-json\/wp\/v2\/product_cat?post=85826"},{"taxonomy":"product_tag","embeddable":true,"href":"https:\/\/colomerandsons.com\/en\/wp-json\/wp\/v2\/product_tag?post=85826"}],"curies":[{"name":"wp","href":"https:\/\/api.w.org\/{rel}","templated":true}]}}