{"id":83843,"date":"2026-01-22T10:35:11","date_gmt":"2026-01-22T09:35:11","guid":{"rendered":"https:\/\/colomerandsons.com\/producto\/abyss-200\/"},"modified":"2026-05-07T12:50:57","modified_gmt":"2026-05-07T10:50:57","slug":"abyss-200","status":"publish","type":"product","link":"https:\/\/colomerandsons.com\/en\/product\/abyss-200\/","title":{"rendered":"Abyss 200"},"content":{"rendered":"<div class=\"layoutArea\">\n<div class=\"column\">\n<ul>\n<li>Swiss Sellita SW200 automatic movement with 26 jewels.<\/li>\n<li>Frequency of 28,800 vibrations per hour.<\/li>\n<li>316 L stainless steel case.<\/li>\n<li>41 hour power reserve.<\/li>\n<li>Date display at 3 o&#8217;clock.<\/li>\n<li>Anti-reflective and anti-scratch sapphire crystal.<\/li>\n<li>120-click unidirectional rotating bezel.<\/li>\n<li>Numerals and index of the bezel with Swiss Super-Luminova night vision.<\/li>\n<li>Swiss Super-Luminova on hands and index.<\/li>\n<li>Screw down crown.<\/li>\n<li>Back cover viewed.<\/li>\n<li>Waterproof 20 ATM.<\/li>\n<li>Diameter 42mm.<\/li>\n<li>Case height 14mm.<\/li>\n<li>20 mm 316L stainless steel strap with safety lock.<\/li>\n<li>10 year warranty.<\/li>\n<\/ul>\n<\/div>\n<\/div>\n<div class=\"page\" title=\"Page 2\">\n<div class=\"section\">\n<div class=\"layoutArea\">\n<div class=\"column\">\n<p>&nbsp;<\/p>\n<\/div>\n<\/div>\n<\/div>\n<\/div>\n","protected":false},"excerpt":{"rendered":"<p>Where the light fades and the pressure dominates everything, only the essential survives.<br \/>\nNew ABYSS 200. Made in Swiss.<\/p>\n","protected":false},"featured_media":84117,"comment_status":"open","ping_status":"closed","template":"","meta":{"_acf_changed":false,"_et_pb_use_builder":"on","_et_pb_old_content":"<div class=\"layoutArea\">\n<div class=\"column\">\n<ul>\n \t<li>Swiss Sellita SW200 automatic movement with 26 jewels.<\/li>\n \t<li>Frequency of 28,800 vibrations per hour.<\/li>\n \t<li>316 L stainless steel case.<\/li>\n \t<li>41 hour power reserve.<\/li>\n \t<li>Date display at 3 o'clock.<\/li>\n \t<li>Anti-reflective and anti-scratch sapphire crystal.<\/li>\n \t<li>120-click unidirectional rotating bezel.<\/li>\n \t<li>Numerals and index of the bezel with Swiss Super-Luminova night vision.<\/li>\n \t<li>Swiss Super-Luminova on hands and index.<\/li>\n \t<li>Screw down crown.<\/li>\n \t<li>Back cover viewed.<\/li>\n \t<li>Waterproof 20 ATM.<\/li>\n \t<li>Diameter 42mm.<\/li>\n \t<li>Case height 14mm.<\/li>\n \t<li>20 mm 316L stainless steel strap with safety lock.<\/li>\n \t<li>10 year warranty.<\/li>\n<\/ul>\n<\/div>\n<\/div>\n<div class=\"page\" title=\"Page 2\">\n<div class=\"section\">\n<div class=\"layoutArea\">\n<div class=\"column\">\n\n\u00a0\n\n<\/div>\n<\/div>\n<\/div>\n<\/div>","_et_gb_content_width":"","_joinchat":[]},"product_brand":[],"product_cat":[858,868],"product_tag":[],"class_list":{"0":"post-83843","1":"product","2":"type-product","3":"status-publish","4":"has-post-thumbnail","6":"product_cat-watches","7":"product_cat-automatic-watches","9":"first","10":"instock","11":"taxable","12":"shipping-taxable","13":"purchasable","14":"product-type-simple"},"acf":[],"yoast_head":"<!-- This site is optimized with the Yoast SEO plugin v26.8 - https:\/\/yoast.com\/product\/yoast-seo-wordpress\/ -->\n<title>Abyss 200 - Colomer &amp; Sons<\/title>\n<meta name=\"description\" content=\"Abyss 200 watch with Swiss automatic machinery caliber SW-200-1 Swiss Made. Water-resistant up to 200 meters, threaded crown. Lid view\" \/>\n<meta name=\"robots\" content=\"index, follow, max-snippet:-1, max-image-preview:large, max-video-preview:-1\" \/>\n<link rel=\"canonical\" href=\"https:\/\/colomerandsons.com\/en\/product\/abyss-200\/\" \/>\n<meta property=\"og:locale\" content=\"en_US\" \/>\n<meta property=\"og:type\" content=\"article\" \/>\n<meta property=\"og:title\" content=\"Abyss 200 - Colomer &amp; Sons\" \/>\n<meta property=\"og:description\" content=\"Abyss 200 watch with Swiss automatic machinery caliber SW-200-1 Swiss Made. Water-resistant up to 200 meters, threaded crown. Lid view\" \/>\n<meta property=\"og:url\" content=\"https:\/\/colomerandsons.com\/en\/product\/abyss-200\/\" \/>\n<meta property=\"og:site_name\" content=\"Colomer &amp; Sons\" \/>\n<meta property=\"article:publisher\" content=\"https:\/\/www.facebook.com\/colomerandsons\/\" \/>\n<meta property=\"article:modified_time\" content=\"2026-05-07T10:50:57+00:00\" \/>\n<meta property=\"og:image\" content=\"https:\/\/colomerandsons.com\/wp-content\/uploads\/2026\/01\/Abyss_soldado_JPG_.webp\" \/>\n\t<meta property=\"og:image:width\" content=\"1200\" \/>\n\t<meta property=\"og:image:height\" content=\"1570\" \/>\n\t<meta property=\"og:image:type\" content=\"image\/webp\" \/>\n<meta name=\"twitter:card\" content=\"summary_large_image\" \/>\n<meta name=\"twitter:site\" content=\"@colomerandsons\" \/>\n<meta name=\"twitter:label1\" content=\"Est. reading time\" \/>\n\t<meta name=\"twitter:data1\" content=\"2 minutes\" \/>\n<script type=\"application\/ld+json\" class=\"yoast-schema-graph\">{\"@context\":\"https:\/\/schema.org\",\"@graph\":[{\"@type\":\"WebPage\",\"@id\":\"https:\/\/colomerandsons.com\/en\/product\/abyss-200\/\",\"url\":\"https:\/\/colomerandsons.com\/en\/product\/abyss-200\/\",\"name\":\"Abyss 200 - Colomer &amp; Sons\",\"isPartOf\":{\"@id\":\"https:\/\/colomerandsons.com\/#website\"},\"primaryImageOfPage\":{\"@id\":\"https:\/\/colomerandsons.com\/en\/product\/abyss-200\/#primaryimage\"},\"image\":{\"@id\":\"https:\/\/colomerandsons.com\/en\/product\/abyss-200\/#primaryimage\"},\"thumbnailUrl\":\"https:\/\/colomerandsons.com\/wp-content\/uploads\/2026\/01\/Abyss_soldado_JPG_.webp\",\"datePublished\":\"2026-01-22T09:35:11+00:00\",\"dateModified\":\"2026-05-07T10:50:57+00:00\",\"description\":\"Abyss 200 watch with Swiss automatic machinery caliber SW-200-1 Swiss Made. Water-resistant up to 200 meters, threaded crown. Lid view\",\"breadcrumb\":{\"@id\":\"https:\/\/colomerandsons.com\/en\/product\/abyss-200\/#breadcrumb\"},\"inLanguage\":\"en-US\",\"potentialAction\":[{\"@type\":\"ReadAction\",\"target\":[\"https:\/\/colomerandsons.com\/en\/product\/abyss-200\/\"]}]},{\"@type\":\"ImageObject\",\"inLanguage\":\"en-US\",\"@id\":\"https:\/\/colomerandsons.com\/en\/product\/abyss-200\/#primaryimage\",\"url\":\"https:\/\/colomerandsons.com\/wp-content\/uploads\/2026\/01\/Abyss_soldado_JPG_.webp\",\"contentUrl\":\"https:\/\/colomerandsons.com\/wp-content\/uploads\/2026\/01\/Abyss_soldado_JPG_.webp\",\"width\":1200,\"height\":1570},{\"@type\":\"BreadcrumbList\",\"@id\":\"https:\/\/colomerandsons.com\/en\/product\/abyss-200\/#breadcrumb\",\"itemListElement\":[{\"@type\":\"ListItem\",\"position\":1,\"name\":\"Inicio\",\"item\":\"https:\/\/colomerandsons.com\/en\/beginning\/\"},{\"@type\":\"ListItem\",\"position\":2,\"name\":\"SHOP\",\"item\":\"https:\/\/colomerandsons.com\/en\/shop\/\"},{\"@type\":\"ListItem\",\"position\":3,\"name\":\"Abyss 200\"}]},{\"@type\":\"WebSite\",\"@id\":\"https:\/\/colomerandsons.com\/#website\",\"url\":\"https:\/\/colomerandsons.com\/\",\"name\":\"Colomer and Sons\",\"description\":\"Colomer &amp; Sons lleva desde 2007 intentando cambiar las reglas de la relojer\u00eda de lujo, ofreciendo magn\u00edficas piezas a precios asequibles y con 10 a\u00f1os de garant\u00eda.\",\"potentialAction\":[{\"@type\":\"SearchAction\",\"target\":{\"@type\":\"EntryPoint\",\"urlTemplate\":\"https:\/\/colomerandsons.com\/?s={search_term_string}\"},\"query-input\":{\"@type\":\"PropertyValueSpecification\",\"valueRequired\":true,\"valueName\":\"search_term_string\"}}],\"inLanguage\":\"en-US\"}]}<\/script>\n<!-- \/ Yoast SEO plugin. -->","yoast_head_json":{"title":"Abyss 200 - Colomer &amp; Sons","description":"Abyss 200 watch with Swiss automatic machinery caliber SW-200-1 Swiss Made. Water-resistant up to 200 meters, threaded crown. Lid view","robots":{"index":"index","follow":"follow","max-snippet":"max-snippet:-1","max-image-preview":"max-image-preview:large","max-video-preview":"max-video-preview:-1"},"canonical":"https:\/\/colomerandsons.com\/en\/product\/abyss-200\/","og_locale":"en_US","og_type":"article","og_title":"Abyss 200 - Colomer &amp; Sons","og_description":"Abyss 200 watch with Swiss automatic machinery caliber SW-200-1 Swiss Made. Water-resistant up to 200 meters, threaded crown. Lid view","og_url":"https:\/\/colomerandsons.com\/en\/product\/abyss-200\/","og_site_name":"Colomer &amp; Sons","article_publisher":"https:\/\/www.facebook.com\/colomerandsons\/","article_modified_time":"2026-05-07T10:50:57+00:00","og_image":[{"width":1200,"height":1570,"url":"https:\/\/colomerandsons.com\/wp-content\/uploads\/2026\/01\/Abyss_soldado_JPG_.webp","type":"image\/webp"}],"twitter_card":"summary_large_image","twitter_site":"@colomerandsons","twitter_misc":{"Est. reading time":"2 minutes"},"schema":{"@context":"https:\/\/schema.org","@graph":[{"@type":"WebPage","@id":"https:\/\/colomerandsons.com\/en\/product\/abyss-200\/","url":"https:\/\/colomerandsons.com\/en\/product\/abyss-200\/","name":"Abyss 200 - Colomer &amp; Sons","isPartOf":{"@id":"https:\/\/colomerandsons.com\/#website"},"primaryImageOfPage":{"@id":"https:\/\/colomerandsons.com\/en\/product\/abyss-200\/#primaryimage"},"image":{"@id":"https:\/\/colomerandsons.com\/en\/product\/abyss-200\/#primaryimage"},"thumbnailUrl":"https:\/\/colomerandsons.com\/wp-content\/uploads\/2026\/01\/Abyss_soldado_JPG_.webp","datePublished":"2026-01-22T09:35:11+00:00","dateModified":"2026-05-07T10:50:57+00:00","description":"Abyss 200 watch with Swiss automatic machinery caliber SW-200-1 Swiss Made. Water-resistant up to 200 meters, threaded crown. Lid view","breadcrumb":{"@id":"https:\/\/colomerandsons.com\/en\/product\/abyss-200\/#breadcrumb"},"inLanguage":"en-US","potentialAction":[{"@type":"ReadAction","target":["https:\/\/colomerandsons.com\/en\/product\/abyss-200\/"]}]},{"@type":"ImageObject","inLanguage":"en-US","@id":"https:\/\/colomerandsons.com\/en\/product\/abyss-200\/#primaryimage","url":"https:\/\/colomerandsons.com\/wp-content\/uploads\/2026\/01\/Abyss_soldado_JPG_.webp","contentUrl":"https:\/\/colomerandsons.com\/wp-content\/uploads\/2026\/01\/Abyss_soldado_JPG_.webp","width":1200,"height":1570},{"@type":"BreadcrumbList","@id":"https:\/\/colomerandsons.com\/en\/product\/abyss-200\/#breadcrumb","itemListElement":[{"@type":"ListItem","position":1,"name":"Inicio","item":"https:\/\/colomerandsons.com\/en\/beginning\/"},{"@type":"ListItem","position":2,"name":"SHOP","item":"https:\/\/colomerandsons.com\/en\/shop\/"},{"@type":"ListItem","position":3,"name":"Abyss 200"}]},{"@type":"WebSite","@id":"https:\/\/colomerandsons.com\/#website","url":"https:\/\/colomerandsons.com\/","name":"Colomer and Sons","description":"Colomer &amp; Sons lleva desde 2007 intentando cambiar las reglas de la relojer\u00eda de lujo, ofreciendo magn\u00edficas piezas a precios asequibles y con 10 a\u00f1os de garant\u00eda.","potentialAction":[{"@type":"SearchAction","target":{"@type":"EntryPoint","urlTemplate":"https:\/\/colomerandsons.com\/?s={search_term_string}"},"query-input":{"@type":"PropertyValueSpecification","valueRequired":true,"valueName":"search_term_string"}}],"inLanguage":"en-US"}]}},"_links":{"self":[{"href":"https:\/\/colomerandsons.com\/en\/wp-json\/wp\/v2\/product\/83843","targetHints":{"allow":["GET"]}}],"collection":[{"href":"https:\/\/colomerandsons.com\/en\/wp-json\/wp\/v2\/product"}],"about":[{"href":"https:\/\/colomerandsons.com\/en\/wp-json\/wp\/v2\/types\/product"}],"replies":[{"embeddable":true,"href":"https:\/\/colomerandsons.com\/en\/wp-json\/wp\/v2\/comments?post=83843"}],"wp:featuredmedia":[{"embeddable":true,"href":"https:\/\/colomerandsons.com\/en\/wp-json\/wp\/v2\/media\/84117"}],"wp:attachment":[{"href":"https:\/\/colomerandsons.com\/en\/wp-json\/wp\/v2\/media?parent=83843"}],"wp:term":[{"taxonomy":"product_brand","embeddable":true,"href":"https:\/\/colomerandsons.com\/en\/wp-json\/wp\/v2\/product_brand?post=83843"},{"taxonomy":"product_cat","embeddable":true,"href":"https:\/\/colomerandsons.com\/en\/wp-json\/wp\/v2\/product_cat?post=83843"},{"taxonomy":"product_tag","embeddable":true,"href":"https:\/\/colomerandsons.com\/en\/wp-json\/wp\/v2\/product_tag?post=83843"}],"curies":[{"name":"wp","href":"https:\/\/api.w.org\/{rel}","templated":true}]}}