{"id":80561,"date":"2025-11-20T15:10:41","date_gmt":"2025-11-20T14:10:41","guid":{"rendered":"https:\/\/colomerandsons.com\/?post_type=product&#038;p=80561"},"modified":"2026-03-24T17:46:11","modified_gmt":"2026-03-24T16:46:11","slug":"berlin-classic-copia","status":"publish","type":"product","link":"https:\/\/colomerandsons.com\/en\/product\/berlin-classic-copia\/","title":{"rendered":"Rose Gold Geometry"},"content":{"rendered":"<div class=\"page\" title=\"Page 2\">\n<div class=\"section\">\n<div class=\"layoutArea\">\n<div class=\"column\">\n<div class=\"page\" title=\"Page 2\">\n<div class=\"section\">\n<div class=\"layoutArea\">\n<div class=\"column\">\n<p>\u203a Miyota 8215 automatic movement with 21 jewels.<br \/>\n\u203a Frequency of 21600 vibrations per hour.<br \/>\n\u203a 316L stainless steel case.<br \/>\n\u203a Case diameter 42mm.<br \/>\n\u203a Case height 14.5mm.<br \/>\n\u203a Date display at 6 o&#8217;clock.<br \/>\n\u203a Screw-down crown.<br \/>\n\u203a Screw cap.<br \/>\n\u203a Back cover view.<br \/>\n\u203a Double curved sapphire crystal.<br \/>\n\u203a Leather strap with 20mm buckle closure.<br \/>\n\u203a Water resistant 10 ATM.<br \/>\n\u203a 10-year warranty.<br \/>\n\u203a Limited edition 250 units.<br \/>\n\u203a Available with silver case and rose gold case. View in silver: <a href=\"https:\/\/colomerandsons.com\/en\/product\/berlin-classic-copia-copia\/\">https:\/\/colomerandsons.com\/producto\/geometria-silver\/<\/a> <\/p>\n<\/div>\n<\/div>\n<\/div>\n<\/div>\n<\/div>\n<\/div>\n<\/div>\n<\/div>\n","protected":false},"excerpt":{"rendered":"<p>EXTRA STRAP INCLUDED<\/p>\n<p>A watch inspired by the principles of rational design: proportion, symmetry and clarity. Time, turned into form. <\/p>\n<p><a href=\"https:\/\/colomerandsons.com\/en\/product\/berlin-classic-copia-copia\/\">View it with Silver box<\/a><\/p>\n","protected":false},"featured_media":84139,"comment_status":"open","ping_status":"closed","template":"","meta":{"_acf_changed":false,"_et_pb_use_builder":"","_et_pb_old_content":"","_et_gb_content_width":"","_joinchat":[]},"product_brand":[],"product_cat":[858,868],"product_tag":[],"class_list":{"0":"post-80561","1":"product","2":"type-product","3":"status-publish","4":"has-post-thumbnail","6":"product_cat-watches","7":"product_cat-automatic-watches","9":"first","10":"instock","11":"sale","12":"taxable","13":"shipping-taxable","14":"purchasable","15":"product-type-simple"},"acf":[],"yoast_head":"<!-- This site is optimized with the Yoast SEO plugin v26.8 - https:\/\/yoast.com\/product\/yoast-seo-wordpress\/ -->\n<title>Rose Gold Geometry -Colomer &amp; Sons Berlin Classic<\/title>\n<meta name=\"description\" content=\"Geometry is an automatic watch with Japanese Miyota 8215 machinery and a visible back cover. It has sapphire crystal and is a Limited Edition of 250.\" \/>\n<meta name=\"robots\" content=\"index, follow, max-snippet:-1, max-image-preview:large, max-video-preview:-1\" \/>\n<link rel=\"canonical\" href=\"https:\/\/colomerandsons.com\/en\/product\/berlin-classic-copia\/\" \/>\n<meta property=\"og:locale\" content=\"en_US\" \/>\n<meta property=\"og:type\" content=\"article\" \/>\n<meta property=\"og:title\" content=\"Rose Gold Geometry -Colomer &amp; Sons Berlin Classic\" \/>\n<meta property=\"og:description\" content=\"Geometry is an automatic watch with Japanese Miyota 8215 machinery and a visible back cover. It has sapphire crystal and is a Limited Edition of 250.\" \/>\n<meta property=\"og:url\" content=\"https:\/\/colomerandsons.com\/en\/product\/berlin-classic-copia\/\" \/>\n<meta property=\"og:site_name\" content=\"Colomer &amp; Sons\" \/>\n<meta property=\"article:publisher\" content=\"https:\/\/www.facebook.com\/colomerandsons\/\" \/>\n<meta property=\"article:modified_time\" content=\"2026-03-24T16:46:11+00:00\" \/>\n<meta property=\"og:image\" content=\"https:\/\/colomerandsons.com\/wp-content\/uploads\/2026\/01\/Geometria_RG_Soldado_JPG.webp\" \/>\n\t<meta property=\"og:image:width\" content=\"1200\" \/>\n\t<meta property=\"og:image:height\" content=\"1570\" \/>\n\t<meta property=\"og:image:type\" content=\"image\/webp\" \/>\n<meta name=\"twitter:card\" content=\"summary_large_image\" \/>\n<meta name=\"twitter:site\" content=\"@colomerandsons\" \/>\n<meta name=\"twitter:label1\" content=\"Est. reading time\" \/>\n\t<meta name=\"twitter:data1\" content=\"1 minute\" \/>\n<script type=\"application\/ld+json\" class=\"yoast-schema-graph\">{\"@context\":\"https:\/\/schema.org\",\"@graph\":[{\"@type\":\"WebPage\",\"@id\":\"https:\/\/colomerandsons.com\/en\/product\/berlin-classic-copia\/\",\"url\":\"https:\/\/colomerandsons.com\/en\/product\/berlin-classic-copia\/\",\"name\":\"Rose Gold Geometry -Colomer &amp; Sons Berlin Classic\",\"isPartOf\":{\"@id\":\"https:\/\/colomerandsons.com\/#website\"},\"primaryImageOfPage\":{\"@id\":\"https:\/\/colomerandsons.com\/en\/product\/berlin-classic-copia\/#primaryimage\"},\"image\":{\"@id\":\"https:\/\/colomerandsons.com\/en\/product\/berlin-classic-copia\/#primaryimage\"},\"thumbnailUrl\":\"https:\/\/colomerandsons.com\/wp-content\/uploads\/2026\/01\/Geometria_RG_Soldado_JPG.webp\",\"datePublished\":\"2025-11-20T14:10:41+00:00\",\"dateModified\":\"2026-03-24T16:46:11+00:00\",\"description\":\"Geometry is an automatic watch with Japanese Miyota 8215 machinery and a visible back cover. It has sapphire crystal and is a Limited Edition of 250.\",\"breadcrumb\":{\"@id\":\"https:\/\/colomerandsons.com\/en\/product\/berlin-classic-copia\/#breadcrumb\"},\"inLanguage\":\"en-US\",\"potentialAction\":[{\"@type\":\"ReadAction\",\"target\":[\"https:\/\/colomerandsons.com\/en\/product\/berlin-classic-copia\/\"]}]},{\"@type\":\"ImageObject\",\"inLanguage\":\"en-US\",\"@id\":\"https:\/\/colomerandsons.com\/en\/product\/berlin-classic-copia\/#primaryimage\",\"url\":\"https:\/\/colomerandsons.com\/wp-content\/uploads\/2026\/01\/Geometria_RG_Soldado_JPG.webp\",\"contentUrl\":\"https:\/\/colomerandsons.com\/wp-content\/uploads\/2026\/01\/Geometria_RG_Soldado_JPG.webp\",\"width\":1200,\"height\":1570},{\"@type\":\"BreadcrumbList\",\"@id\":\"https:\/\/colomerandsons.com\/en\/product\/berlin-classic-copia\/#breadcrumb\",\"itemListElement\":[{\"@type\":\"ListItem\",\"position\":1,\"name\":\"Inicio\",\"item\":\"https:\/\/colomerandsons.com\/en\/beginning\/\"},{\"@type\":\"ListItem\",\"position\":2,\"name\":\"SHOP\",\"item\":\"https:\/\/colomerandsons.com\/en\/shop\/\"},{\"@type\":\"ListItem\",\"position\":3,\"name\":\"Rose Gold Geometry\"}]},{\"@type\":\"WebSite\",\"@id\":\"https:\/\/colomerandsons.com\/#website\",\"url\":\"https:\/\/colomerandsons.com\/\",\"name\":\"Colomer and Sons\",\"description\":\"Colomer &amp; Sons lleva desde 2007 intentando cambiar las reglas de la relojer\u00eda de lujo, ofreciendo magn\u00edficas piezas a precios asequibles y con 10 a\u00f1os de garant\u00eda.\",\"potentialAction\":[{\"@type\":\"SearchAction\",\"target\":{\"@type\":\"EntryPoint\",\"urlTemplate\":\"https:\/\/colomerandsons.com\/?s={search_term_string}\"},\"query-input\":{\"@type\":\"PropertyValueSpecification\",\"valueRequired\":true,\"valueName\":\"search_term_string\"}}],\"inLanguage\":\"en-US\"}]}<\/script>\n<!-- \/ Yoast SEO plugin. -->","yoast_head_json":{"title":"Rose Gold Geometry -Colomer &amp; Sons Berlin Classic","description":"Geometry is an automatic watch with Japanese Miyota 8215 machinery and a visible back cover. It has sapphire crystal and is a Limited Edition of 250.","robots":{"index":"index","follow":"follow","max-snippet":"max-snippet:-1","max-image-preview":"max-image-preview:large","max-video-preview":"max-video-preview:-1"},"canonical":"https:\/\/colomerandsons.com\/en\/product\/berlin-classic-copia\/","og_locale":"en_US","og_type":"article","og_title":"Rose Gold Geometry -Colomer &amp; Sons Berlin Classic","og_description":"Geometry is an automatic watch with Japanese Miyota 8215 machinery and a visible back cover. It has sapphire crystal and is a Limited Edition of 250.","og_url":"https:\/\/colomerandsons.com\/en\/product\/berlin-classic-copia\/","og_site_name":"Colomer &amp; Sons","article_publisher":"https:\/\/www.facebook.com\/colomerandsons\/","article_modified_time":"2026-03-24T16:46:11+00:00","og_image":[{"width":1200,"height":1570,"url":"https:\/\/colomerandsons.com\/wp-content\/uploads\/2026\/01\/Geometria_RG_Soldado_JPG.webp","type":"image\/webp"}],"twitter_card":"summary_large_image","twitter_site":"@colomerandsons","twitter_misc":{"Est. reading time":"1 minute"},"schema":{"@context":"https:\/\/schema.org","@graph":[{"@type":"WebPage","@id":"https:\/\/colomerandsons.com\/en\/product\/berlin-classic-copia\/","url":"https:\/\/colomerandsons.com\/en\/product\/berlin-classic-copia\/","name":"Rose Gold Geometry -Colomer &amp; Sons Berlin Classic","isPartOf":{"@id":"https:\/\/colomerandsons.com\/#website"},"primaryImageOfPage":{"@id":"https:\/\/colomerandsons.com\/en\/product\/berlin-classic-copia\/#primaryimage"},"image":{"@id":"https:\/\/colomerandsons.com\/en\/product\/berlin-classic-copia\/#primaryimage"},"thumbnailUrl":"https:\/\/colomerandsons.com\/wp-content\/uploads\/2026\/01\/Geometria_RG_Soldado_JPG.webp","datePublished":"2025-11-20T14:10:41+00:00","dateModified":"2026-03-24T16:46:11+00:00","description":"Geometry is an automatic watch with Japanese Miyota 8215 machinery and a visible back cover. It has sapphire crystal and is a Limited Edition of 250.","breadcrumb":{"@id":"https:\/\/colomerandsons.com\/en\/product\/berlin-classic-copia\/#breadcrumb"},"inLanguage":"en-US","potentialAction":[{"@type":"ReadAction","target":["https:\/\/colomerandsons.com\/en\/product\/berlin-classic-copia\/"]}]},{"@type":"ImageObject","inLanguage":"en-US","@id":"https:\/\/colomerandsons.com\/en\/product\/berlin-classic-copia\/#primaryimage","url":"https:\/\/colomerandsons.com\/wp-content\/uploads\/2026\/01\/Geometria_RG_Soldado_JPG.webp","contentUrl":"https:\/\/colomerandsons.com\/wp-content\/uploads\/2026\/01\/Geometria_RG_Soldado_JPG.webp","width":1200,"height":1570},{"@type":"BreadcrumbList","@id":"https:\/\/colomerandsons.com\/en\/product\/berlin-classic-copia\/#breadcrumb","itemListElement":[{"@type":"ListItem","position":1,"name":"Inicio","item":"https:\/\/colomerandsons.com\/en\/beginning\/"},{"@type":"ListItem","position":2,"name":"SHOP","item":"https:\/\/colomerandsons.com\/en\/shop\/"},{"@type":"ListItem","position":3,"name":"Rose Gold Geometry"}]},{"@type":"WebSite","@id":"https:\/\/colomerandsons.com\/#website","url":"https:\/\/colomerandsons.com\/","name":"Colomer and Sons","description":"Colomer &amp; Sons lleva desde 2007 intentando cambiar las reglas de la relojer\u00eda de lujo, ofreciendo magn\u00edficas piezas a precios asequibles y con 10 a\u00f1os de garant\u00eda.","potentialAction":[{"@type":"SearchAction","target":{"@type":"EntryPoint","urlTemplate":"https:\/\/colomerandsons.com\/?s={search_term_string}"},"query-input":{"@type":"PropertyValueSpecification","valueRequired":true,"valueName":"search_term_string"}}],"inLanguage":"en-US"}]}},"_links":{"self":[{"href":"https:\/\/colomerandsons.com\/en\/wp-json\/wp\/v2\/product\/80561","targetHints":{"allow":["GET"]}}],"collection":[{"href":"https:\/\/colomerandsons.com\/en\/wp-json\/wp\/v2\/product"}],"about":[{"href":"https:\/\/colomerandsons.com\/en\/wp-json\/wp\/v2\/types\/product"}],"replies":[{"embeddable":true,"href":"https:\/\/colomerandsons.com\/en\/wp-json\/wp\/v2\/comments?post=80561"}],"wp:featuredmedia":[{"embeddable":true,"href":"https:\/\/colomerandsons.com\/en\/wp-json\/wp\/v2\/media\/84139"}],"wp:attachment":[{"href":"https:\/\/colomerandsons.com\/en\/wp-json\/wp\/v2\/media?parent=80561"}],"wp:term":[{"taxonomy":"product_brand","embeddable":true,"href":"https:\/\/colomerandsons.com\/en\/wp-json\/wp\/v2\/product_brand?post=80561"},{"taxonomy":"product_cat","embeddable":true,"href":"https:\/\/colomerandsons.com\/en\/wp-json\/wp\/v2\/product_cat?post=80561"},{"taxonomy":"product_tag","embeddable":true,"href":"https:\/\/colomerandsons.com\/en\/wp-json\/wp\/v2\/product_tag?post=80561"}],"curies":[{"name":"wp","href":"https:\/\/api.w.org\/{rel}","templated":true}]}}