{"id":76869,"date":"2026-03-02T17:01:05","date_gmt":"2026-03-02T16:01:05","guid":{"rendered":"https:\/\/colomerandsons.com\/?post_type=product&#038;p=76869"},"modified":"2026-03-26T11:05:02","modified_gmt":"2026-03-26T10:05:02","slug":"cosmos","status":"publish","type":"product","link":"https:\/\/colomerandsons.com\/en\/product\/cosmos\/","title":{"rendered":"Cosmos"},"content":{"rendered":"<ul>\n<li>ETA Valjoux 7753 automatic movement with 27 jewels.<\/li>\n<li>Frequency of 28800 vibrations per hour.<\/li>\n<li>Luminova in hands, indexes, and various elements of the solar system.<\/li>\n<li>Case diameter 42mm.<\/li>\n<li>Chronograph minute indicator at 3 o&#8217;clock.<\/li>\n<li>Seconds indicator at 9 o&#8217;clock.<\/li>\n<li>Screw down crown.<\/li>\n<li>Back cover viewed.<\/li>\n<li>Sapphire crystal.<\/li>\n<li>Blue crocodile strap.<\/li>\n<li>Strap with safety lock and easy release.<\/li>\n<li>10 ATM water resistant.<\/li>\n<li>Weight 85 gr.<\/li>\n<li>Height 17mm.<\/li>\n<li>Strap width: 20mm.<\/li>\n<li>10 year warranty.<\/li>\n<li>Limited edition 20 units.<\/li>\n<\/ul>\n","protected":false},"excerpt":{"rendered":"<p>The <strong data-start=\"3\" data-end=\"13\">Cosmos<\/strong> is an automatic watch with <strong data-start=\"41\" data-end=\"61\">Swiss machinery<\/strong> that fuses elegance and celestial mystery. Its hands, indexes, and planets glow with <strong data-start=\"149\" data-end=\"166\">Superluminova<\/strong>, creating a light-in-the-dark show that evokes the vastness of the universe. A piece that connects time with the stars.  <\/p>\n","protected":false},"featured_media":76751,"comment_status":"open","ping_status":"closed","template":"","meta":{"_acf_changed":false,"_et_pb_use_builder":"","_et_pb_old_content":"","_et_gb_content_width":"","_joinchat":[]},"product_brand":[],"product_cat":[858,868,861,862],"product_tag":[],"class_list":{"0":"post-76869","1":"product","2":"type-product","3":"status-publish","4":"has-post-thumbnail","6":"product_cat-watches","7":"product_cat-automatic-watches","8":"product_cat-cs-exclusive","9":"product_cat-new-releases","11":"first","12":"instock","13":"sale","14":"featured","15":"taxable","16":"shipping-taxable","17":"purchasable","18":"product-type-simple"},"acf":[],"yoast_head":"<!-- This site is optimized with the Yoast SEO plugin v26.8 - https:\/\/yoast.com\/product\/yoast-seo-wordpress\/ -->\n<title>Cosmos - Colomer &amp; Sons %<\/title>\n<meta name=\"description\" content=\"The Cosmos Limited Edition watch features a Swiss ETA Valjoux 7753 machine and a sculpture created by artist David Callau.\" \/>\n<meta name=\"robots\" content=\"index, follow, max-snippet:-1, max-image-preview:large, max-video-preview:-1\" \/>\n<link rel=\"canonical\" href=\"https:\/\/colomerandsons.com\/en\/product\/cosmos\/\" \/>\n<meta property=\"og:locale\" content=\"en_US\" \/>\n<meta property=\"og:type\" content=\"article\" \/>\n<meta property=\"og:title\" content=\"Cosmos - Colomer &amp; Sons %\" \/>\n<meta property=\"og:description\" content=\"The Cosmos Limited Edition watch features a Swiss ETA Valjoux 7753 machine and a sculpture created by artist David Callau.\" \/>\n<meta property=\"og:url\" content=\"https:\/\/colomerandsons.com\/en\/product\/cosmos\/\" \/>\n<meta property=\"og:site_name\" content=\"Colomer &amp; Sons\" \/>\n<meta property=\"article:publisher\" content=\"https:\/\/www.facebook.com\/colomerandsons\/\" \/>\n<meta property=\"article:modified_time\" content=\"2026-03-26T10:05:02+00:00\" \/>\n<meta property=\"og:image\" content=\"https:\/\/colomerandsons.com\/wp-content\/uploads\/2025\/06\/COSMOS_MAIN.webp\" \/>\n\t<meta property=\"og:image:width\" content=\"1280\" \/>\n\t<meta property=\"og:image:height\" content=\"1600\" \/>\n\t<meta property=\"og:image:type\" content=\"image\/webp\" \/>\n<meta name=\"twitter:card\" content=\"summary_large_image\" \/>\n<meta name=\"twitter:site\" content=\"@colomerandsons\" \/>\n<meta name=\"twitter:label1\" content=\"Est. reading time\" \/>\n\t<meta name=\"twitter:data1\" content=\"1 minute\" \/>\n<script type=\"application\/ld+json\" class=\"yoast-schema-graph\">{\"@context\":\"https:\/\/schema.org\",\"@graph\":[{\"@type\":\"WebPage\",\"@id\":\"https:\/\/colomerandsons.com\/en\/product\/cosmos\/\",\"url\":\"https:\/\/colomerandsons.com\/en\/product\/cosmos\/\",\"name\":\"Cosmos - Colomer &amp; Sons %\",\"isPartOf\":{\"@id\":\"https:\/\/colomerandsons.com\/#website\"},\"primaryImageOfPage\":{\"@id\":\"https:\/\/colomerandsons.com\/en\/product\/cosmos\/#primaryimage\"},\"image\":{\"@id\":\"https:\/\/colomerandsons.com\/en\/product\/cosmos\/#primaryimage\"},\"thumbnailUrl\":\"https:\/\/colomerandsons.com\/wp-content\/uploads\/2025\/06\/COSMOS_MAIN.webp\",\"datePublished\":\"2026-03-02T16:01:05+00:00\",\"dateModified\":\"2026-03-26T10:05:02+00:00\",\"description\":\"The Cosmos Limited Edition watch features a Swiss ETA Valjoux 7753 machine and a sculpture created by artist David Callau.\",\"breadcrumb\":{\"@id\":\"https:\/\/colomerandsons.com\/en\/product\/cosmos\/#breadcrumb\"},\"inLanguage\":\"en-US\",\"potentialAction\":[{\"@type\":\"ReadAction\",\"target\":[\"https:\/\/colomerandsons.com\/en\/product\/cosmos\/\"]}]},{\"@type\":\"ImageObject\",\"inLanguage\":\"en-US\",\"@id\":\"https:\/\/colomerandsons.com\/en\/product\/cosmos\/#primaryimage\",\"url\":\"https:\/\/colomerandsons.com\/wp-content\/uploads\/2025\/06\/COSMOS_MAIN.webp\",\"contentUrl\":\"https:\/\/colomerandsons.com\/wp-content\/uploads\/2025\/06\/COSMOS_MAIN.webp\",\"width\":1280,\"height\":1600},{\"@type\":\"BreadcrumbList\",\"@id\":\"https:\/\/colomerandsons.com\/en\/product\/cosmos\/#breadcrumb\",\"itemListElement\":[{\"@type\":\"ListItem\",\"position\":1,\"name\":\"Inicio\",\"item\":\"https:\/\/colomerandsons.com\/en\/beginning\/\"},{\"@type\":\"ListItem\",\"position\":2,\"name\":\"SHOP\",\"item\":\"https:\/\/colomerandsons.com\/en\/shop\/\"},{\"@type\":\"ListItem\",\"position\":3,\"name\":\"Cosmos\"}]},{\"@type\":\"WebSite\",\"@id\":\"https:\/\/colomerandsons.com\/#website\",\"url\":\"https:\/\/colomerandsons.com\/\",\"name\":\"Colomer and Sons\",\"description\":\"Colomer &amp; Sons lleva desde 2007 intentando cambiar las reglas de la relojer\u00eda de lujo, ofreciendo magn\u00edficas piezas a precios asequibles y con 10 a\u00f1os de garant\u00eda.\",\"potentialAction\":[{\"@type\":\"SearchAction\",\"target\":{\"@type\":\"EntryPoint\",\"urlTemplate\":\"https:\/\/colomerandsons.com\/?s={search_term_string}\"},\"query-input\":{\"@type\":\"PropertyValueSpecification\",\"valueRequired\":true,\"valueName\":\"search_term_string\"}}],\"inLanguage\":\"en-US\"}]}<\/script>\n<!-- \/ Yoast SEO plugin. -->","yoast_head_json":{"title":"Cosmos - Colomer &amp; Sons %","description":"The Cosmos Limited Edition watch features a Swiss ETA Valjoux 7753 machine and a sculpture created by artist David Callau.","robots":{"index":"index","follow":"follow","max-snippet":"max-snippet:-1","max-image-preview":"max-image-preview:large","max-video-preview":"max-video-preview:-1"},"canonical":"https:\/\/colomerandsons.com\/en\/product\/cosmos\/","og_locale":"en_US","og_type":"article","og_title":"Cosmos - Colomer &amp; Sons %","og_description":"The Cosmos Limited Edition watch features a Swiss ETA Valjoux 7753 machine and a sculpture created by artist David Callau.","og_url":"https:\/\/colomerandsons.com\/en\/product\/cosmos\/","og_site_name":"Colomer &amp; Sons","article_publisher":"https:\/\/www.facebook.com\/colomerandsons\/","article_modified_time":"2026-03-26T10:05:02+00:00","og_image":[{"width":1280,"height":1600,"url":"https:\/\/colomerandsons.com\/wp-content\/uploads\/2025\/06\/COSMOS_MAIN.webp","type":"image\/webp"}],"twitter_card":"summary_large_image","twitter_site":"@colomerandsons","twitter_misc":{"Est. reading time":"1 minute"},"schema":{"@context":"https:\/\/schema.org","@graph":[{"@type":"WebPage","@id":"https:\/\/colomerandsons.com\/en\/product\/cosmos\/","url":"https:\/\/colomerandsons.com\/en\/product\/cosmos\/","name":"Cosmos - Colomer &amp; Sons %","isPartOf":{"@id":"https:\/\/colomerandsons.com\/#website"},"primaryImageOfPage":{"@id":"https:\/\/colomerandsons.com\/en\/product\/cosmos\/#primaryimage"},"image":{"@id":"https:\/\/colomerandsons.com\/en\/product\/cosmos\/#primaryimage"},"thumbnailUrl":"https:\/\/colomerandsons.com\/wp-content\/uploads\/2025\/06\/COSMOS_MAIN.webp","datePublished":"2026-03-02T16:01:05+00:00","dateModified":"2026-03-26T10:05:02+00:00","description":"The Cosmos Limited Edition watch features a Swiss ETA Valjoux 7753 machine and a sculpture created by artist David Callau.","breadcrumb":{"@id":"https:\/\/colomerandsons.com\/en\/product\/cosmos\/#breadcrumb"},"inLanguage":"en-US","potentialAction":[{"@type":"ReadAction","target":["https:\/\/colomerandsons.com\/en\/product\/cosmos\/"]}]},{"@type":"ImageObject","inLanguage":"en-US","@id":"https:\/\/colomerandsons.com\/en\/product\/cosmos\/#primaryimage","url":"https:\/\/colomerandsons.com\/wp-content\/uploads\/2025\/06\/COSMOS_MAIN.webp","contentUrl":"https:\/\/colomerandsons.com\/wp-content\/uploads\/2025\/06\/COSMOS_MAIN.webp","width":1280,"height":1600},{"@type":"BreadcrumbList","@id":"https:\/\/colomerandsons.com\/en\/product\/cosmos\/#breadcrumb","itemListElement":[{"@type":"ListItem","position":1,"name":"Inicio","item":"https:\/\/colomerandsons.com\/en\/beginning\/"},{"@type":"ListItem","position":2,"name":"SHOP","item":"https:\/\/colomerandsons.com\/en\/shop\/"},{"@type":"ListItem","position":3,"name":"Cosmos"}]},{"@type":"WebSite","@id":"https:\/\/colomerandsons.com\/#website","url":"https:\/\/colomerandsons.com\/","name":"Colomer and Sons","description":"Colomer &amp; Sons lleva desde 2007 intentando cambiar las reglas de la relojer\u00eda de lujo, ofreciendo magn\u00edficas piezas a precios asequibles y con 10 a\u00f1os de garant\u00eda.","potentialAction":[{"@type":"SearchAction","target":{"@type":"EntryPoint","urlTemplate":"https:\/\/colomerandsons.com\/?s={search_term_string}"},"query-input":{"@type":"PropertyValueSpecification","valueRequired":true,"valueName":"search_term_string"}}],"inLanguage":"en-US"}]}},"_links":{"self":[{"href":"https:\/\/colomerandsons.com\/en\/wp-json\/wp\/v2\/product\/76869","targetHints":{"allow":["GET"]}}],"collection":[{"href":"https:\/\/colomerandsons.com\/en\/wp-json\/wp\/v2\/product"}],"about":[{"href":"https:\/\/colomerandsons.com\/en\/wp-json\/wp\/v2\/types\/product"}],"replies":[{"embeddable":true,"href":"https:\/\/colomerandsons.com\/en\/wp-json\/wp\/v2\/comments?post=76869"}],"wp:featuredmedia":[{"embeddable":true,"href":"https:\/\/colomerandsons.com\/en\/wp-json\/wp\/v2\/media\/76751"}],"wp:attachment":[{"href":"https:\/\/colomerandsons.com\/en\/wp-json\/wp\/v2\/media?parent=76869"}],"wp:term":[{"taxonomy":"product_brand","embeddable":true,"href":"https:\/\/colomerandsons.com\/en\/wp-json\/wp\/v2\/product_brand?post=76869"},{"taxonomy":"product_cat","embeddable":true,"href":"https:\/\/colomerandsons.com\/en\/wp-json\/wp\/v2\/product_cat?post=76869"},{"taxonomy":"product_tag","embeddable":true,"href":"https:\/\/colomerandsons.com\/en\/wp-json\/wp\/v2\/product_tag?post=76869"}],"curies":[{"name":"wp","href":"https:\/\/api.w.org\/{rel}","templated":true}]}}