{"id":63357,"date":"2024-03-27T09:08:35","date_gmt":"2024-03-27T08:08:35","guid":{"rendered":"https:\/\/colomerandsons.com\/?post_type=product&#038;p=63357"},"modified":"2026-03-24T17:44:51","modified_gmt":"2026-03-24T16:44:51","slug":"white-marine-chrono-copia-copia","status":"publish","type":"product","link":"https:\/\/colomerandsons.com\/en\/product\/white-marine-chrono-copia-copia\/","title":{"rendered":"WHITE MARINE CHRONO PIEL"},"content":{"rendered":"<p>[et_pb_section fb_built=&#8221;1&#8243; _builder_version=&#8221;4.16&#8243; custom_padding=&#8221;0px||||false|false&#8221; global_colors_info=&#8221;{}&#8221;][et_pb_row _builder_version=&#8221;4.16&#8243; background_size=&#8221;initial&#8221; background_position=&#8221;top_left&#8221; background_repeat=&#8221;repeat&#8221; width=&#8221;100%&#8221; custom_padding=&#8221;0px||0px||false|false&#8221; global_colors_info=&#8221;{}&#8221;][et_pb_column type=&#8221;4_4&#8243; _builder_version=&#8221;4.16&#8243; custom_padding=&#8221;|||&#8221; global_colors_info=&#8221;{}&#8221; custom_padding__hover=&#8221;|||&#8221;][et_pb_wc_breadcrumb _builder_version=&#8221;4.16&#8243; global_colors_info=&#8221;{}&#8221;][\/et_pb_wc_breadcrumb][et_pb_wc_cart_notice _builder_version=&#8221;4.16&#8243; global_colors_info=&#8221;{}&#8221;][\/et_pb_wc_cart_notice][\/et_pb_column][\/et_pb_row][et_pb_row column_structure=&#8221;1_2,1_2&#8243; _builder_version=&#8221;4.16&#8243; background_size=&#8221;initial&#8221; background_position=&#8221;top_left&#8221; background_repeat=&#8221;repeat&#8221; width=&#8221;100%&#8221; custom_padding=&#8221;0px||||false|false&#8221; global_colors_info=&#8221;{}&#8221;][et_pb_column type=&#8221;1_2&#8243; _builder_version=&#8221;4.16&#8243; custom_padding=&#8221;|||&#8221; global_colors_info=&#8221;{}&#8221; custom_padding__hover=&#8221;|||&#8221;][et_pb_wc_images show_product_gallery=&#8221;off&#8221; show_sale_badge=&#8221;off&#8221; _builder_version=&#8221;4.27.4&#8243; global_colors_info=&#8221;{}&#8221;][\/et_pb_wc_images][\/et_pb_column][et_pb_column type=&#8221;1_2&#8243; _builder_version=&#8221;4.16&#8243; custom_padding=&#8221;|||&#8221; global_colors_info=&#8221;{}&#8221; custom_padding__hover=&#8221;|||&#8221;][et_pb_wc_title _builder_version=&#8221;4.16&#8243; global_colors_info=&#8221;{}&#8221;][\/et_pb_wc_title][et_pb_wc_rating _builder_version=&#8221;4.16&#8243; global_colors_info=&#8221;{}&#8221;][\/et_pb_wc_rating][et_pb_wc_price _builder_version=&#8221;4.16&#8243; global_colors_info=&#8221;{}&#8221;][\/et_pb_wc_price][et_pb_wc_description _builder_version=&#8221;4.16&#8243; global_colors_info=&#8221;{}&#8221;][\/et_pb_wc_description][et_pb_wc_add_to_cart _builder_version=&#8221;4.16&#8243; global_colors_info=&#8221;{}&#8221;][\/et_pb_wc_add_to_cart][et_pb_wc_meta _builder_version=&#8221;4.16&#8243; global_colors_info=&#8221;{}&#8221;][\/et_pb_wc_meta][\/et_pb_column][\/et_pb_row][et_pb_row _builder_version=&#8221;4.16&#8243; background_size=&#8221;initial&#8221; background_position=&#8221;top_left&#8221; background_repeat=&#8221;repeat&#8221; width=&#8221;100%&#8221; global_colors_info=&#8221;{}&#8221;][et_pb_column type=&#8221;4_4&#8243; _builder_version=&#8221;4.16&#8243; custom_padding=&#8221;|||&#8221; global_colors_info=&#8221;{}&#8221; custom_padding__hover=&#8221;|||&#8221;][et_pb_wc_tabs _builder_version=&#8221;4.16&#8243; global_colors_info=&#8221;{}&#8221;] [\/et_pb_wc_tabs][et_pb_wc_upsells _builder_version=&#8221;4.16&#8243; global_colors_info=&#8221;{}&#8221;][\/et_pb_wc_upsells][et_pb_wc_related_products orderby=&#8221;popularity&#8221; include_categories=&#8221;846&#8243; _builder_version=&#8221;4.25.1&#8243; global_colors_info=&#8221;{}&#8221;][\/et_pb_wc_related_products][\/et_pb_column][\/et_pb_row][\/et_pb_section][et_pb_section fb_built=&#8221;1&#8243; _builder_version=&#8221;4.27.0&#8243; _module_preset=&#8221;default&#8221; global_colors_info=&#8221;{}&#8221;][et_pb_row _builder_version=&#8221;4.27.0&#8243; _module_preset=&#8221;default&#8221; global_colors_info=&#8221;{}&#8221;][et_pb_column type=&#8221;4_4&#8243; _builder_version=&#8221;4.27.0&#8243; _module_preset=&#8221;default&#8221; global_colors_info=&#8221;{}&#8221;][et_pb_button button_url=&#8221;https:\/\/www.instagram.com\/colomerandsons&#8221; button_text=&#8221;IG&#8221; _builder_version=&#8221;4.27.0&#8243; _module_preset=&#8221;default&#8221; custom_button=&#8221;on&#8221; button_text_size=&#8221;0px&#8221; button_text_color=&#8221;RGBA(255,255,255,0)&#8221; global_colors_info=&#8221;{}&#8221;][\/et_pb_button][et_pb_text _builder_version=&#8221;4.27.0&#8243; _module_preset=&#8221;default&#8221; global_colors_info=&#8221;{}&#8221;]<\/p>\n<p>The White marine leather is an elegant 316L stainless steel chronograph watch with a timeless design.<br \/>\nEquipped with a precise Swiss quartz Ronda 5030D movement, the White Marine leather offers full functions such as chronograph with 30-minute and 12-hour counters, seconds indicator and calendar.<br \/>\nThe dial, hands and index dots are luminescent, so perfect readability is guaranteed in any condition.<br \/>\nProtected by an anti-reflective sapphire crystal, this watch is scratch-resistant.<br \/>\nThe White Marine case is 40 mm in diameter and has a screw-down crown for greater water-resistance (5 ATM).<br \/>\nThe 20 mm leather strap, with butterfly closure, adds a touch of sophistication and elegance.<br \/>\nThe weight of the watch is 152 grams and the warranty is 10 years, so it becomes a lasting investment.      <\/p>\n<p>[\/et_pb_text][\/et_pb_column][\/et_pb_row][\/et_pb_section]<\/p>\n","protected":false},"excerpt":{"rendered":"<p>Immerse yourself in the elegance of time with our Marine chronograph. Its captivating design is inspired by the deep waters of the ocean, reflecting the beauty and mystery of the sea. The white dials mimic the foam left behind by the waves, while the stainless steel details evoke the strength of the waves. A watch that connects you to nature.<\/p>\n<p><a href=\"https:\/\/colomerandsons.com\/en\/product\/white-marine-chrono\/\">View it with a steel strap<\/a><\/p>\n","protected":false},"featured_media":79066,"comment_status":"open","ping_status":"closed","template":"","meta":{"_acf_changed":false,"_et_pb_use_builder":"on","_et_pb_old_content":"This exquisite leather watch strap combines elegance and durability. Crafted from high-quality genuine leather, its softness to the touch and meticulously finished complements both casual and formal outfits with a touch of timeless distinction. Its butterfly closure ensures a perfect fit and the confidence you need.\n\nCorr\n<ul>\n \t<li>Swiss quartz movement Ronda 5030D.<\/li>\n \t<li>Seconds indicator at 3 o'clock.<\/li>\n \t<li>30 minute counter indicator at 9 o'clock.<\/li>\n \t<li>12 hour counter indicator at 6 o'clock.<\/li>\n \t<li>Calendar day of the month at 4 o'clock.<\/li>\n \t<li>Luminescent hands and index points.<\/li>\n \t<li>Sapphire crystal with anti-reflective coatings.<\/li>\n \t<li>Case: 316L stainless steel with screw-down crown.<\/li>\n \t<li>Adapted 20 mm leather strap.<\/li>\n \t<li>Butterfly closure.<\/li>\n \t<li>5 ATM water resistant.<\/li>\n \t<li>Diameter 40 mm without crown.<\/li>\n \t<li>Weight: 152 grams.<\/li>\n \t<li>10 year warranty.<\/li>\n<\/ul>","_et_gb_content_width":"","_joinchat":[]},"product_brand":[],"product_cat":[1139,857,858],"product_tag":[],"class_list":{"0":"post-63357","1":"product","2":"type-product","3":"status-publish","4":"has-post-thumbnail","6":"product_cat-last-units","7":"product_cat-var-quartz-watch","8":"product_cat-watches","9":"pa_correas-white-marine-black","10":"pa_correas-white-marine-blue","11":"pa_correas-white-marine-brown","12":"pa_correas-white-marine-burgundy-en","13":"pa_correas-white-marine-yellow","15":"first","16":"instock","17":"sale","18":"taxable","19":"shipping-taxable","20":"purchasable","21":"product-type-variable"},"acf":[],"yoast_head":"<!-- This site is optimized with the Yoast SEO plugin v26.8 - https:\/\/yoast.com\/product\/yoast-seo-wordpress\/ -->\n<title>White Marine - leather Colomer &amp; Sons<\/title>\n<meta name=\"description\" content=\"The White Marine leather reflects the sparkles and beauty of the sea. A chronograph watch that will evoke the grandeur and serenity of the ocean on your wrist.\" \/>\n<meta name=\"robots\" content=\"index, follow, max-snippet:-1, max-image-preview:large, max-video-preview:-1\" \/>\n<link rel=\"canonical\" href=\"https:\/\/colomerandsons.com\/en\/product\/white-marine-chrono-copia-copia\/\" \/>\n<meta property=\"og:locale\" content=\"en_US\" \/>\n<meta property=\"og:type\" content=\"article\" \/>\n<meta property=\"og:title\" content=\"White Marine - leather Colomer &amp; Sons\" \/>\n<meta property=\"og:description\" content=\"The White Marine leather reflects the sparkles and beauty of the sea. A chronograph watch that will evoke the grandeur and serenity of the ocean on your wrist.\" \/>\n<meta property=\"og:url\" content=\"https:\/\/colomerandsons.com\/en\/product\/white-marine-chrono-copia-copia\/\" \/>\n<meta property=\"og:site_name\" content=\"Colomer &amp; Sons\" \/>\n<meta property=\"article:publisher\" content=\"https:\/\/www.facebook.com\/colomerandsons\/\" \/>\n<meta property=\"article:modified_time\" content=\"2026-03-24T16:44:51+00:00\" \/>\n<meta property=\"og:image\" content=\"https:\/\/colomerandsons.com\/wp-content\/uploads\/2024\/03\/WHITE-MARINE-PIEL-azul-scaled.jpg\" \/>\n\t<meta property=\"og:image:width\" content=\"2048\" \/>\n\t<meta property=\"og:image:height\" content=\"2560\" \/>\n\t<meta property=\"og:image:type\" content=\"image\/jpeg\" \/>\n<meta name=\"twitter:card\" content=\"summary_large_image\" \/>\n<meta name=\"twitter:site\" content=\"@colomerandsons\" \/>\n<meta name=\"twitter:label1\" content=\"Est. reading time\" \/>\n\t<meta name=\"twitter:data1\" content=\"2 minutes\" \/>\n<script type=\"application\/ld+json\" class=\"yoast-schema-graph\">{\"@context\":\"https:\/\/schema.org\",\"@graph\":[{\"@type\":\"WebPage\",\"@id\":\"https:\/\/colomerandsons.com\/en\/product\/white-marine-chrono-copia-copia\/\",\"url\":\"https:\/\/colomerandsons.com\/en\/product\/white-marine-chrono-copia-copia\/\",\"name\":\"White Marine - leather Colomer &amp; Sons\",\"isPartOf\":{\"@id\":\"https:\/\/colomerandsons.com\/#website\"},\"primaryImageOfPage\":{\"@id\":\"https:\/\/colomerandsons.com\/en\/product\/white-marine-chrono-copia-copia\/#primaryimage\"},\"image\":{\"@id\":\"https:\/\/colomerandsons.com\/en\/product\/white-marine-chrono-copia-copia\/#primaryimage\"},\"thumbnailUrl\":\"https:\/\/colomerandsons.com\/wp-content\/uploads\/2024\/03\/WHITE-MARINE-PIEL-azul-scaled.jpg\",\"datePublished\":\"2024-03-27T08:08:35+00:00\",\"dateModified\":\"2026-03-24T16:44:51+00:00\",\"description\":\"The White Marine leather reflects the sparkles and beauty of the sea. A chronograph watch that will evoke the grandeur and serenity of the ocean on your wrist.\",\"breadcrumb\":{\"@id\":\"https:\/\/colomerandsons.com\/en\/product\/white-marine-chrono-copia-copia\/#breadcrumb\"},\"inLanguage\":\"en-US\",\"potentialAction\":[{\"@type\":\"ReadAction\",\"target\":[\"https:\/\/colomerandsons.com\/en\/product\/white-marine-chrono-copia-copia\/\"]}]},{\"@type\":\"ImageObject\",\"inLanguage\":\"en-US\",\"@id\":\"https:\/\/colomerandsons.com\/en\/product\/white-marine-chrono-copia-copia\/#primaryimage\",\"url\":\"https:\/\/colomerandsons.com\/wp-content\/uploads\/2024\/03\/WHITE-MARINE-PIEL-azul-scaled.jpg\",\"contentUrl\":\"https:\/\/colomerandsons.com\/wp-content\/uploads\/2024\/03\/WHITE-MARINE-PIEL-azul-scaled.jpg\",\"width\":2048,\"height\":2560},{\"@type\":\"BreadcrumbList\",\"@id\":\"https:\/\/colomerandsons.com\/en\/product\/white-marine-chrono-copia-copia\/#breadcrumb\",\"itemListElement\":[{\"@type\":\"ListItem\",\"position\":1,\"name\":\"Inicio\",\"item\":\"https:\/\/colomerandsons.com\/en\/beginning\/\"},{\"@type\":\"ListItem\",\"position\":2,\"name\":\"SHOP\",\"item\":\"https:\/\/colomerandsons.com\/en\/shop\/\"},{\"@type\":\"ListItem\",\"position\":3,\"name\":\"WHITE MARINE CHRONO PIEL\"}]},{\"@type\":\"WebSite\",\"@id\":\"https:\/\/colomerandsons.com\/#website\",\"url\":\"https:\/\/colomerandsons.com\/\",\"name\":\"Colomer and Sons\",\"description\":\"Colomer &amp; Sons lleva desde 2007 intentando cambiar las reglas de la relojer\u00eda de lujo, ofreciendo magn\u00edficas piezas a precios asequibles y con 10 a\u00f1os de garant\u00eda.\",\"potentialAction\":[{\"@type\":\"SearchAction\",\"target\":{\"@type\":\"EntryPoint\",\"urlTemplate\":\"https:\/\/colomerandsons.com\/?s={search_term_string}\"},\"query-input\":{\"@type\":\"PropertyValueSpecification\",\"valueRequired\":true,\"valueName\":\"search_term_string\"}}],\"inLanguage\":\"en-US\"}]}<\/script>\n<!-- \/ Yoast SEO plugin. -->","yoast_head_json":{"title":"White Marine - leather Colomer &amp; Sons","description":"The White Marine leather reflects the sparkles and beauty of the sea. A chronograph watch that will evoke the grandeur and serenity of the ocean on your wrist.","robots":{"index":"index","follow":"follow","max-snippet":"max-snippet:-1","max-image-preview":"max-image-preview:large","max-video-preview":"max-video-preview:-1"},"canonical":"https:\/\/colomerandsons.com\/en\/product\/white-marine-chrono-copia-copia\/","og_locale":"en_US","og_type":"article","og_title":"White Marine - leather Colomer &amp; Sons","og_description":"The White Marine leather reflects the sparkles and beauty of the sea. A chronograph watch that will evoke the grandeur and serenity of the ocean on your wrist.","og_url":"https:\/\/colomerandsons.com\/en\/product\/white-marine-chrono-copia-copia\/","og_site_name":"Colomer &amp; Sons","article_publisher":"https:\/\/www.facebook.com\/colomerandsons\/","article_modified_time":"2026-03-24T16:44:51+00:00","og_image":[{"width":2048,"height":2560,"url":"https:\/\/colomerandsons.com\/wp-content\/uploads\/2024\/03\/WHITE-MARINE-PIEL-azul-scaled.jpg","type":"image\/jpeg"}],"twitter_card":"summary_large_image","twitter_site":"@colomerandsons","twitter_misc":{"Est. reading time":"2 minutes"},"schema":{"@context":"https:\/\/schema.org","@graph":[{"@type":"WebPage","@id":"https:\/\/colomerandsons.com\/en\/product\/white-marine-chrono-copia-copia\/","url":"https:\/\/colomerandsons.com\/en\/product\/white-marine-chrono-copia-copia\/","name":"White Marine - leather Colomer &amp; Sons","isPartOf":{"@id":"https:\/\/colomerandsons.com\/#website"},"primaryImageOfPage":{"@id":"https:\/\/colomerandsons.com\/en\/product\/white-marine-chrono-copia-copia\/#primaryimage"},"image":{"@id":"https:\/\/colomerandsons.com\/en\/product\/white-marine-chrono-copia-copia\/#primaryimage"},"thumbnailUrl":"https:\/\/colomerandsons.com\/wp-content\/uploads\/2024\/03\/WHITE-MARINE-PIEL-azul-scaled.jpg","datePublished":"2024-03-27T08:08:35+00:00","dateModified":"2026-03-24T16:44:51+00:00","description":"The White Marine leather reflects the sparkles and beauty of the sea. A chronograph watch that will evoke the grandeur and serenity of the ocean on your wrist.","breadcrumb":{"@id":"https:\/\/colomerandsons.com\/en\/product\/white-marine-chrono-copia-copia\/#breadcrumb"},"inLanguage":"en-US","potentialAction":[{"@type":"ReadAction","target":["https:\/\/colomerandsons.com\/en\/product\/white-marine-chrono-copia-copia\/"]}]},{"@type":"ImageObject","inLanguage":"en-US","@id":"https:\/\/colomerandsons.com\/en\/product\/white-marine-chrono-copia-copia\/#primaryimage","url":"https:\/\/colomerandsons.com\/wp-content\/uploads\/2024\/03\/WHITE-MARINE-PIEL-azul-scaled.jpg","contentUrl":"https:\/\/colomerandsons.com\/wp-content\/uploads\/2024\/03\/WHITE-MARINE-PIEL-azul-scaled.jpg","width":2048,"height":2560},{"@type":"BreadcrumbList","@id":"https:\/\/colomerandsons.com\/en\/product\/white-marine-chrono-copia-copia\/#breadcrumb","itemListElement":[{"@type":"ListItem","position":1,"name":"Inicio","item":"https:\/\/colomerandsons.com\/en\/beginning\/"},{"@type":"ListItem","position":2,"name":"SHOP","item":"https:\/\/colomerandsons.com\/en\/shop\/"},{"@type":"ListItem","position":3,"name":"WHITE MARINE CHRONO PIEL"}]},{"@type":"WebSite","@id":"https:\/\/colomerandsons.com\/#website","url":"https:\/\/colomerandsons.com\/","name":"Colomer and Sons","description":"Colomer &amp; Sons lleva desde 2007 intentando cambiar las reglas de la relojer\u00eda de lujo, ofreciendo magn\u00edficas piezas a precios asequibles y con 10 a\u00f1os de garant\u00eda.","potentialAction":[{"@type":"SearchAction","target":{"@type":"EntryPoint","urlTemplate":"https:\/\/colomerandsons.com\/?s={search_term_string}"},"query-input":{"@type":"PropertyValueSpecification","valueRequired":true,"valueName":"search_term_string"}}],"inLanguage":"en-US"}]}},"_links":{"self":[{"href":"https:\/\/colomerandsons.com\/en\/wp-json\/wp\/v2\/product\/63357","targetHints":{"allow":["GET"]}}],"collection":[{"href":"https:\/\/colomerandsons.com\/en\/wp-json\/wp\/v2\/product"}],"about":[{"href":"https:\/\/colomerandsons.com\/en\/wp-json\/wp\/v2\/types\/product"}],"replies":[{"embeddable":true,"href":"https:\/\/colomerandsons.com\/en\/wp-json\/wp\/v2\/comments?post=63357"}],"wp:featuredmedia":[{"embeddable":true,"href":"https:\/\/colomerandsons.com\/en\/wp-json\/wp\/v2\/media\/79066"}],"wp:attachment":[{"href":"https:\/\/colomerandsons.com\/en\/wp-json\/wp\/v2\/media?parent=63357"}],"wp:term":[{"taxonomy":"product_brand","embeddable":true,"href":"https:\/\/colomerandsons.com\/en\/wp-json\/wp\/v2\/product_brand?post=63357"},{"taxonomy":"product_cat","embeddable":true,"href":"https:\/\/colomerandsons.com\/en\/wp-json\/wp\/v2\/product_cat?post=63357"},{"taxonomy":"product_tag","embeddable":true,"href":"https:\/\/colomerandsons.com\/en\/wp-json\/wp\/v2\/product_tag?post=63357"}],"curies":[{"name":"wp","href":"https:\/\/api.w.org\/{rel}","templated":true}]}}