{"id":62804,"date":"2024-03-07T11:21:48","date_gmt":"2024-03-07T10:21:48","guid":{"rendered":"https:\/\/colomerandsons.com\/?post_type=product&#038;p=62804"},"modified":"2026-03-24T17:44:26","modified_gmt":"2026-03-24T16:44:26","slug":"rubber-strap-sinfonia-watch","status":"publish","type":"product","link":"https:\/\/colomerandsons.com\/en\/product\/rubber-strap-sinfonia-watch\/","title":{"rendered":"Rubber Strap &#8211; Sinfon\u00eda Watch"},"content":{"rendered":"<p>[et_pb_section fb_built=&#8221;1&#8243; _builder_version=&#8221;4.17.3&#8243; module_alignment=&#8221;center&#8221; custom_padding=&#8221;10px||||false|false&#8221; global_colors_info=&#8221;{}&#8221;][et_pb_row _builder_version=&#8221;4.16&#8243; background_size=&#8221;initial&#8221; background_position=&#8221;top_left&#8221; background_repeat=&#8221;repeat&#8221; width=&#8221;90%&#8221; custom_padding=&#8221;0px||0px||false|false&#8221; global_colors_info=&#8221;{}&#8221;][et_pb_column type=&#8221;4_4&#8243; _builder_version=&#8221;4.16&#8243; custom_padding=&#8221;|||&#8221; global_colors_info=&#8221;{}&#8221; custom_padding__hover=&#8221;|||&#8221;][et_pb_wc_breadcrumb _builder_version=&#8221;4.16&#8243; global_colors_info=&#8221;{}&#8221;][\/et_pb_wc_breadcrumb][et_pb_wc_cart_notice _builder_version=&#8221;4.16&#8243; global_colors_info=&#8221;{}&#8221;][\/et_pb_wc_cart_notice][\/et_pb_column][\/et_pb_row][et_pb_row column_structure=&#8221;1_2,1_2&#8243; _builder_version=&#8221;4.16&#8243; background_size=&#8221;initial&#8221; background_position=&#8221;top_left&#8221; background_repeat=&#8221;repeat&#8221; width=&#8221;90%&#8221; custom_padding=&#8221;0px||||false|false&#8221; global_colors_info=&#8221;{}&#8221;][et_pb_column type=&#8221;1_2&#8243; _builder_version=&#8221;4.16&#8243; custom_padding=&#8221;|||&#8221; global_colors_info=&#8221;{}&#8221; custom_padding__hover=&#8221;|||&#8221;][et_pb_wc_images _builder_version=&#8221;4.16&#8243; global_colors_info=&#8221;{}&#8221;][\/et_pb_wc_images][\/et_pb_column][et_pb_column type=&#8221;1_2&#8243; _builder_version=&#8221;4.16&#8243; custom_padding=&#8221;|||&#8221; global_colors_info=&#8221;{}&#8221; custom_padding__hover=&#8221;|||&#8221;][et_pb_wc_title _builder_version=&#8221;4.16&#8243; global_colors_info=&#8221;{}&#8221;][\/et_pb_wc_title][et_pb_wc_rating _builder_version=&#8221;4.16&#8243; global_colors_info=&#8221;{}&#8221;][\/et_pb_wc_rating][et_pb_wc_price _builder_version=&#8221;4.16&#8243; global_colors_info=&#8221;{}&#8221;][\/et_pb_wc_price][et_pb_wc_description _builder_version=&#8221;4.16&#8243; global_colors_info=&#8221;{}&#8221;][\/et_pb_wc_description][et_pb_wc_add_to_cart _builder_version=&#8221;4.16&#8243; global_colors_info=&#8221;{}&#8221;][\/et_pb_wc_add_to_cart][\/et_pb_column][\/et_pb_row][et_pb_row _builder_version=&#8221;4.16&#8243; background_size=&#8221;initial&#8221; background_position=&#8221;top_left&#8221; background_repeat=&#8221;repeat&#8221; width=&#8221;90%&#8221; global_colors_info=&#8221;{}&#8221;][et_pb_column type=&#8221;4_4&#8243; _builder_version=&#8221;4.16&#8243; custom_padding=&#8221;|||&#8221; global_colors_info=&#8221;{}&#8221; custom_padding__hover=&#8221;|||&#8221;][et_pb_wc_tabs _builder_version=&#8221;4.16&#8243; global_colors_info=&#8221;{}&#8221;] [\/et_pb_wc_tabs][et_pb_wc_upsells _builder_version=&#8221;4.16&#8243; global_colors_info=&#8221;{}&#8221;][\/et_pb_wc_upsells][et_pb_wc_related_products _builder_version=&#8221;4.16&#8243; global_colors_info=&#8221;{}&#8221;][\/et_pb_wc_related_products][\/et_pb_column][\/et_pb_row][\/et_pb_section]<\/p>\n","protected":false},"excerpt":{"rendered":"<p>Original rubber strap from the Red Symphony, Blue Symphony and Green Symphony models \u2013 offering comfort, durability, water resistance and a modern, sporty style.<\/p>\n","protected":false},"featured_media":62834,"comment_status":"open","ping_status":"closed","template":"","meta":{"_acf_changed":false,"_et_pb_use_builder":"on","_et_pb_old_content":"<ul>\n \t<li>Original strap of the Red Symphony, Blue Symphony and Green Symphony models.<\/li>\n \t<li>Size: 18mm. and 20mm. in closing.<\/li>\n \t<li>Material: rubber.<\/li>\n \t<li>Logo buckle closure.<\/li>\n<\/ul>\n\u00a0","_et_gb_content_width":"","_joinchat":[]},"product_brand":[],"product_cat":[859,864],"product_tag":[],"class_list":{"0":"post-62804","1":"product","2":"type-product","3":"status-publish","4":"has-post-thumbnail","6":"product_cat-accessories","7":"product_cat-watch-straps","8":"pa_tamano-20-mm-en","9":"pa_tamano-22-mm-en","11":"first","12":"instock","13":"sale","14":"taxable","15":"shipping-taxable","16":"purchasable","17":"product-type-simple"},"acf":[],"yoast_head":"<!-- This site is optimized with the Yoast SEO plugin v26.8 - https:\/\/yoast.com\/product\/yoast-seo-wordpress\/ -->\n<title>Rubber Strap - Sinfon\u00eda Watch - Colomer &amp; Sons<\/title>\n<meta name=\"description\" content=\"Rubber strap - compatible with all Sinfon\u00eda Watch models- that offers comfort, durability, water resistance and a modern, sporty style.\" \/>\n<meta name=\"robots\" content=\"index, follow, max-snippet:-1, max-image-preview:large, max-video-preview:-1\" \/>\n<link rel=\"canonical\" href=\"https:\/\/colomerandsons.com\/en\/product\/rubber-strap-sinfonia-watch\/\" \/>\n<meta property=\"og:locale\" content=\"en_US\" \/>\n<meta property=\"og:type\" content=\"article\" \/>\n<meta property=\"og:title\" content=\"Rubber Strap - Sinfon\u00eda Watch - Colomer &amp; Sons\" \/>\n<meta property=\"og:description\" content=\"Rubber strap - compatible with all Sinfon\u00eda Watch models- that offers comfort, durability, water resistance and a modern, sporty style.\" \/>\n<meta property=\"og:url\" content=\"https:\/\/colomerandsons.com\/en\/product\/rubber-strap-sinfonia-watch\/\" \/>\n<meta property=\"og:site_name\" content=\"Colomer &amp; Sons\" \/>\n<meta property=\"article:publisher\" content=\"https:\/\/www.facebook.com\/colomerandsons\/\" \/>\n<meta property=\"article:modified_time\" content=\"2026-03-24T16:44:26+00:00\" \/>\n<meta property=\"og:image\" content=\"https:\/\/colomerandsons.com\/wp-content\/uploads\/2024\/03\/CORREA_SINFONIA_FRONT.jpg\" \/>\n\t<meta property=\"og:image:width\" content=\"1000\" \/>\n\t<meta property=\"og:image:height\" content=\"1000\" \/>\n\t<meta property=\"og:image:type\" content=\"image\/jpeg\" \/>\n<meta name=\"twitter:card\" content=\"summary_large_image\" \/>\n<meta name=\"twitter:site\" content=\"@colomerandsons\" \/>\n<meta name=\"twitter:label1\" content=\"Est. reading time\" \/>\n\t<meta name=\"twitter:data1\" content=\"2 minutes\" \/>\n<script type=\"application\/ld+json\" class=\"yoast-schema-graph\">{\"@context\":\"https:\/\/schema.org\",\"@graph\":[{\"@type\":\"WebPage\",\"@id\":\"https:\/\/colomerandsons.com\/en\/product\/rubber-strap-sinfonia-watch\/\",\"url\":\"https:\/\/colomerandsons.com\/en\/product\/rubber-strap-sinfonia-watch\/\",\"name\":\"Rubber Strap - Sinfon\u00eda Watch - Colomer &amp; Sons\",\"isPartOf\":{\"@id\":\"https:\/\/colomerandsons.com\/#website\"},\"primaryImageOfPage\":{\"@id\":\"https:\/\/colomerandsons.com\/en\/product\/rubber-strap-sinfonia-watch\/#primaryimage\"},\"image\":{\"@id\":\"https:\/\/colomerandsons.com\/en\/product\/rubber-strap-sinfonia-watch\/#primaryimage\"},\"thumbnailUrl\":\"https:\/\/colomerandsons.com\/wp-content\/uploads\/2024\/03\/CORREA_SINFONIA_FRONT.jpg\",\"datePublished\":\"2024-03-07T10:21:48+00:00\",\"dateModified\":\"2026-03-24T16:44:26+00:00\",\"description\":\"Rubber strap - compatible with all Sinfon\u00eda Watch models- that offers comfort, durability, water resistance and a modern, sporty style.\",\"breadcrumb\":{\"@id\":\"https:\/\/colomerandsons.com\/en\/product\/rubber-strap-sinfonia-watch\/#breadcrumb\"},\"inLanguage\":\"en-US\",\"potentialAction\":[{\"@type\":\"ReadAction\",\"target\":[\"https:\/\/colomerandsons.com\/en\/product\/rubber-strap-sinfonia-watch\/\"]}]},{\"@type\":\"ImageObject\",\"inLanguage\":\"en-US\",\"@id\":\"https:\/\/colomerandsons.com\/en\/product\/rubber-strap-sinfonia-watch\/#primaryimage\",\"url\":\"https:\/\/colomerandsons.com\/wp-content\/uploads\/2024\/03\/CORREA_SINFONIA_FRONT.jpg\",\"contentUrl\":\"https:\/\/colomerandsons.com\/wp-content\/uploads\/2024\/03\/CORREA_SINFONIA_FRONT.jpg\",\"width\":1000,\"height\":1000},{\"@type\":\"BreadcrumbList\",\"@id\":\"https:\/\/colomerandsons.com\/en\/product\/rubber-strap-sinfonia-watch\/#breadcrumb\",\"itemListElement\":[{\"@type\":\"ListItem\",\"position\":1,\"name\":\"Inicio\",\"item\":\"https:\/\/colomerandsons.com\/en\/beginning\/\"},{\"@type\":\"ListItem\",\"position\":2,\"name\":\"SHOP\",\"item\":\"https:\/\/colomerandsons.com\/en\/shop\/\"},{\"@type\":\"ListItem\",\"position\":3,\"name\":\"Rubber Strap &#8211; Sinfon\u00eda Watch\"}]},{\"@type\":\"WebSite\",\"@id\":\"https:\/\/colomerandsons.com\/#website\",\"url\":\"https:\/\/colomerandsons.com\/\",\"name\":\"Colomer and Sons\",\"description\":\"Colomer &amp; Sons lleva desde 2007 intentando cambiar las reglas de la relojer\u00eda de lujo, ofreciendo magn\u00edficas piezas a precios asequibles y con 10 a\u00f1os de garant\u00eda.\",\"potentialAction\":[{\"@type\":\"SearchAction\",\"target\":{\"@type\":\"EntryPoint\",\"urlTemplate\":\"https:\/\/colomerandsons.com\/?s={search_term_string}\"},\"query-input\":{\"@type\":\"PropertyValueSpecification\",\"valueRequired\":true,\"valueName\":\"search_term_string\"}}],\"inLanguage\":\"en-US\"}]}<\/script>\n<!-- \/ Yoast SEO plugin. -->","yoast_head_json":{"title":"Rubber Strap - Sinfon\u00eda Watch - Colomer &amp; Sons","description":"Rubber strap - compatible with all Sinfon\u00eda Watch models- that offers comfort, durability, water resistance and a modern, sporty style.","robots":{"index":"index","follow":"follow","max-snippet":"max-snippet:-1","max-image-preview":"max-image-preview:large","max-video-preview":"max-video-preview:-1"},"canonical":"https:\/\/colomerandsons.com\/en\/product\/rubber-strap-sinfonia-watch\/","og_locale":"en_US","og_type":"article","og_title":"Rubber Strap - Sinfon\u00eda Watch - Colomer &amp; Sons","og_description":"Rubber strap - compatible with all Sinfon\u00eda Watch models- that offers comfort, durability, water resistance and a modern, sporty style.","og_url":"https:\/\/colomerandsons.com\/en\/product\/rubber-strap-sinfonia-watch\/","og_site_name":"Colomer &amp; Sons","article_publisher":"https:\/\/www.facebook.com\/colomerandsons\/","article_modified_time":"2026-03-24T16:44:26+00:00","og_image":[{"width":1000,"height":1000,"url":"https:\/\/colomerandsons.com\/wp-content\/uploads\/2024\/03\/CORREA_SINFONIA_FRONT.jpg","type":"image\/jpeg"}],"twitter_card":"summary_large_image","twitter_site":"@colomerandsons","twitter_misc":{"Est. reading time":"2 minutes"},"schema":{"@context":"https:\/\/schema.org","@graph":[{"@type":"WebPage","@id":"https:\/\/colomerandsons.com\/en\/product\/rubber-strap-sinfonia-watch\/","url":"https:\/\/colomerandsons.com\/en\/product\/rubber-strap-sinfonia-watch\/","name":"Rubber Strap - Sinfon\u00eda Watch - Colomer &amp; Sons","isPartOf":{"@id":"https:\/\/colomerandsons.com\/#website"},"primaryImageOfPage":{"@id":"https:\/\/colomerandsons.com\/en\/product\/rubber-strap-sinfonia-watch\/#primaryimage"},"image":{"@id":"https:\/\/colomerandsons.com\/en\/product\/rubber-strap-sinfonia-watch\/#primaryimage"},"thumbnailUrl":"https:\/\/colomerandsons.com\/wp-content\/uploads\/2024\/03\/CORREA_SINFONIA_FRONT.jpg","datePublished":"2024-03-07T10:21:48+00:00","dateModified":"2026-03-24T16:44:26+00:00","description":"Rubber strap - compatible with all Sinfon\u00eda Watch models- that offers comfort, durability, water resistance and a modern, sporty style.","breadcrumb":{"@id":"https:\/\/colomerandsons.com\/en\/product\/rubber-strap-sinfonia-watch\/#breadcrumb"},"inLanguage":"en-US","potentialAction":[{"@type":"ReadAction","target":["https:\/\/colomerandsons.com\/en\/product\/rubber-strap-sinfonia-watch\/"]}]},{"@type":"ImageObject","inLanguage":"en-US","@id":"https:\/\/colomerandsons.com\/en\/product\/rubber-strap-sinfonia-watch\/#primaryimage","url":"https:\/\/colomerandsons.com\/wp-content\/uploads\/2024\/03\/CORREA_SINFONIA_FRONT.jpg","contentUrl":"https:\/\/colomerandsons.com\/wp-content\/uploads\/2024\/03\/CORREA_SINFONIA_FRONT.jpg","width":1000,"height":1000},{"@type":"BreadcrumbList","@id":"https:\/\/colomerandsons.com\/en\/product\/rubber-strap-sinfonia-watch\/#breadcrumb","itemListElement":[{"@type":"ListItem","position":1,"name":"Inicio","item":"https:\/\/colomerandsons.com\/en\/beginning\/"},{"@type":"ListItem","position":2,"name":"SHOP","item":"https:\/\/colomerandsons.com\/en\/shop\/"},{"@type":"ListItem","position":3,"name":"Rubber Strap &#8211; Sinfon\u00eda Watch"}]},{"@type":"WebSite","@id":"https:\/\/colomerandsons.com\/#website","url":"https:\/\/colomerandsons.com\/","name":"Colomer and Sons","description":"Colomer &amp; Sons lleva desde 2007 intentando cambiar las reglas de la relojer\u00eda de lujo, ofreciendo magn\u00edficas piezas a precios asequibles y con 10 a\u00f1os de garant\u00eda.","potentialAction":[{"@type":"SearchAction","target":{"@type":"EntryPoint","urlTemplate":"https:\/\/colomerandsons.com\/?s={search_term_string}"},"query-input":{"@type":"PropertyValueSpecification","valueRequired":true,"valueName":"search_term_string"}}],"inLanguage":"en-US"}]}},"_links":{"self":[{"href":"https:\/\/colomerandsons.com\/en\/wp-json\/wp\/v2\/product\/62804","targetHints":{"allow":["GET"]}}],"collection":[{"href":"https:\/\/colomerandsons.com\/en\/wp-json\/wp\/v2\/product"}],"about":[{"href":"https:\/\/colomerandsons.com\/en\/wp-json\/wp\/v2\/types\/product"}],"replies":[{"embeddable":true,"href":"https:\/\/colomerandsons.com\/en\/wp-json\/wp\/v2\/comments?post=62804"}],"wp:featuredmedia":[{"embeddable":true,"href":"https:\/\/colomerandsons.com\/en\/wp-json\/wp\/v2\/media\/62834"}],"wp:attachment":[{"href":"https:\/\/colomerandsons.com\/en\/wp-json\/wp\/v2\/media?parent=62804"}],"wp:term":[{"taxonomy":"product_brand","embeddable":true,"href":"https:\/\/colomerandsons.com\/en\/wp-json\/wp\/v2\/product_brand?post=62804"},{"taxonomy":"product_cat","embeddable":true,"href":"https:\/\/colomerandsons.com\/en\/wp-json\/wp\/v2\/product_cat?post=62804"},{"taxonomy":"product_tag","embeddable":true,"href":"https:\/\/colomerandsons.com\/en\/wp-json\/wp\/v2\/product_tag?post=62804"}],"curies":[{"name":"wp","href":"https:\/\/api.w.org\/{rel}","templated":true}]}}