{"id":61855,"date":"2016-08-09T06:21:15","date_gmt":"2016-08-09T04:21:15","guid":{"rendered":"https:\/\/colomerandsons.com\/producto\/butterfly-closure\/"},"modified":"2026-03-24T17:36:39","modified_gmt":"2026-03-24T16:36:39","slug":"butterfly-closure","status":"publish","type":"product","link":"https:\/\/colomerandsons.com\/en\/product\/butterfly-closure\/","title":{"rendered":"Butterfly Closure"},"content":{"rendered":"<p>[et_pb_section fb_built=&#8221;1&#8243; _builder_version=&#8221;4.17.3&#8243; custom_padding=&#8221;10px||||false|false&#8221; global_colors_info=&#8221;{}&#8221;][et_pb_row _builder_version=&#8221;4.16&#8243; background_size=&#8221;initial&#8221; background_position=&#8221;top_left&#8221; background_repeat=&#8221;repeat&#8221; width=&#8221;90%&#8221; custom_padding=&#8221;0px||0px||false|false&#8221; global_colors_info=&#8221;{}&#8221;][et_pb_column type=&#8221;4_4&#8243; _builder_version=&#8221;4.16&#8243; custom_padding=&#8221;|||&#8221; global_colors_info=&#8221;{}&#8221; custom_padding__hover=&#8221;|||&#8221;][et_pb_wc_breadcrumb _builder_version=&#8221;4.16&#8243; global_colors_info=&#8221;{}&#8221;][\/et_pb_wc_breadcrumb][et_pb_wc_cart_notice _builder_version=&#8221;4.16&#8243; global_colors_info=&#8221;{}&#8221;][\/et_pb_wc_cart_notice][\/et_pb_column][\/et_pb_row][et_pb_row column_structure=&#8221;1_2,1_2&#8243; _builder_version=&#8221;4.16&#8243; background_size=&#8221;initial&#8221; background_position=&#8221;top_left&#8221; background_repeat=&#8221;repeat&#8221; width=&#8221;90%&#8221; custom_padding=&#8221;0px||||false|false&#8221; global_colors_info=&#8221;{}&#8221;][et_pb_column type=&#8221;1_2&#8243; _builder_version=&#8221;4.16&#8243; custom_padding=&#8221;|||&#8221; global_colors_info=&#8221;{}&#8221; custom_padding__hover=&#8221;|||&#8221;][et_pb_wc_images _builder_version=&#8221;4.16&#8243; global_colors_info=&#8221;{}&#8221;][\/et_pb_wc_images][\/et_pb_column][et_pb_column type=&#8221;1_2&#8243; _builder_version=&#8221;4.16&#8243; custom_padding=&#8221;|||&#8221; global_colors_info=&#8221;{}&#8221; custom_padding__hover=&#8221;|||&#8221;][et_pb_wc_title _builder_version=&#8221;4.16&#8243; global_colors_info=&#8221;{}&#8221;][\/et_pb_wc_title][et_pb_wc_rating _builder_version=&#8221;4.16&#8243; global_colors_info=&#8221;{}&#8221;][\/et_pb_wc_rating][et_pb_wc_price _builder_version=&#8221;4.16&#8243; global_colors_info=&#8221;{}&#8221;][\/et_pb_wc_price][et_pb_wc_description _builder_version=&#8221;4.16&#8243; global_colors_info=&#8221;{}&#8221;][\/et_pb_wc_description][et_pb_wc_add_to_cart _builder_version=&#8221;4.16&#8243; global_colors_info=&#8221;{}&#8221;][\/et_pb_wc_add_to_cart][\/et_pb_column][\/et_pb_row][et_pb_row _builder_version=&#8221;4.16&#8243; background_size=&#8221;initial&#8221; background_position=&#8221;top_left&#8221; background_repeat=&#8221;repeat&#8221; width=&#8221;90%&#8221; global_colors_info=&#8221;{}&#8221;][et_pb_column type=&#8221;4_4&#8243; _builder_version=&#8221;4.16&#8243; custom_padding=&#8221;|||&#8221; global_colors_info=&#8221;{}&#8221; custom_padding__hover=&#8221;|||&#8221;][et_pb_wc_tabs _builder_version=&#8221;4.16&#8243; global_colors_info=&#8221;{}&#8221;]\t\t\t\t\t[\/et_pb_wc_tabs][et_pb_wc_upsells _builder_version=&#8221;4.16&#8243; global_colors_info=&#8221;{}&#8221;][\/et_pb_wc_upsells][et_pb_wc_related_products _builder_version=&#8221;4.16&#8243; global_colors_info=&#8221;{}&#8221;][\/et_pb_wc_related_products][\/et_pb_column][\/et_pb_row][\/et_pb_section]<\/p>\n","protected":false},"excerpt":{"rendered":"<p>20 mm &#8211; 22 mm<\/p>\n<p>An elegant and comfortable butterfly closure for every day. With this closure you will avoid accidental falls.<br \/>\nThe 20mm clasp is for straps with a width of 20mm in the case and the narrowest part of the strap of 18mm.<br \/>\nThe 22mm clasp is for straps with a width of 22mm in the case and the narrowest part of the strap 20mm.<\/p>\n","protected":false},"featured_media":61681,"comment_status":"open","ping_status":"closed","template":"","meta":{"_acf_changed":false,"_et_pb_use_builder":"on","_et_pb_old_content":"<ul>\n \t<li style=\"list-style-type: none\">\n<ul>\n \t<li>20mm closure with logo. For straps with a width of 20 mm in the case and the narrowest part of the strap of 18mm.<\/li>\n \t<li>22mm closure with logo. For straps with a width of 22 mm in the case and the narrowest part of the strap of 20 mm.<\/li>\n<\/ul>\n<\/li>\n<\/ul>","_et_gb_content_width":"","_joinchat":[]},"product_brand":[],"product_cat":[859,863],"product_tag":[],"class_list":{"0":"post-61855","1":"product","2":"type-product","3":"status-publish","4":"has-post-thumbnail","6":"product_cat-accessories","7":"product_cat-watch-clasps","8":"pa_tama-os-cierre-grande-22mm","9":"pa_tama-os-cierre-pequeno-20mm","11":"first","12":"instock","13":"sale","14":"taxable","15":"shipping-taxable","16":"purchasable","17":"product-type-variable"},"acf":[],"yoast_head":"<!-- This site is optimized with the Yoast SEO plugin v26.8 - https:\/\/yoast.com\/product\/yoast-seo-wordpress\/ -->\n<title>Butterfly Closure<\/title>\n<meta name=\"description\" content=\"New accessory for your Colomer and Sons watch. An elegant and comfortable butterfly closure for every day.\" \/>\n<meta name=\"robots\" content=\"index, follow, max-snippet:-1, max-image-preview:large, max-video-preview:-1\" \/>\n<link rel=\"canonical\" href=\"https:\/\/colomerandsons.com\/en\/product\/butterfly-closure\/\" \/>\n<meta property=\"og:locale\" content=\"en_US\" \/>\n<meta property=\"og:type\" content=\"article\" \/>\n<meta property=\"og:title\" content=\"Butterfly Closure\" \/>\n<meta property=\"og:description\" content=\"New accessory for your Colomer and Sons watch. An elegant and comfortable butterfly closure for every day.\" \/>\n<meta property=\"og:url\" content=\"https:\/\/colomerandsons.com\/en\/product\/butterfly-closure\/\" \/>\n<meta property=\"og:site_name\" content=\"Colomer &amp; Sons\" \/>\n<meta property=\"article:publisher\" content=\"https:\/\/www.facebook.com\/colomerandsons\/\" \/>\n<meta property=\"article:modified_time\" content=\"2026-03-24T16:36:39+00:00\" \/>\n<meta property=\"og:image\" content=\"https:\/\/colomerandsons.com\/wp-content\/uploads\/2016\/08\/cierre-mariposa.jpg\" \/>\n\t<meta property=\"og:image:width\" content=\"760\" \/>\n\t<meta property=\"og:image:height\" content=\"760\" \/>\n\t<meta property=\"og:image:type\" content=\"image\/jpeg\" \/>\n<meta name=\"twitter:card\" content=\"summary_large_image\" \/>\n<meta name=\"twitter:site\" content=\"@colomerandsons\" \/>\n<meta name=\"twitter:label1\" content=\"Est. reading time\" \/>\n\t<meta name=\"twitter:data1\" content=\"2 minutes\" \/>\n<script type=\"application\/ld+json\" class=\"yoast-schema-graph\">{\"@context\":\"https:\/\/schema.org\",\"@graph\":[{\"@type\":\"WebPage\",\"@id\":\"https:\/\/colomerandsons.com\/en\/product\/butterfly-closure\/\",\"url\":\"https:\/\/colomerandsons.com\/en\/product\/butterfly-closure\/\",\"name\":\"Butterfly Closure\",\"isPartOf\":{\"@id\":\"https:\/\/colomerandsons.com\/#website\"},\"primaryImageOfPage\":{\"@id\":\"https:\/\/colomerandsons.com\/en\/product\/butterfly-closure\/#primaryimage\"},\"image\":{\"@id\":\"https:\/\/colomerandsons.com\/en\/product\/butterfly-closure\/#primaryimage\"},\"thumbnailUrl\":\"https:\/\/colomerandsons.com\/wp-content\/uploads\/2016\/08\/cierre-mariposa.jpg\",\"datePublished\":\"2016-08-09T04:21:15+00:00\",\"dateModified\":\"2026-03-24T16:36:39+00:00\",\"description\":\"New accessory for your Colomer and Sons watch. An elegant and comfortable butterfly closure for every day.\",\"breadcrumb\":{\"@id\":\"https:\/\/colomerandsons.com\/en\/product\/butterfly-closure\/#breadcrumb\"},\"inLanguage\":\"en-US\",\"potentialAction\":[{\"@type\":\"ReadAction\",\"target\":[\"https:\/\/colomerandsons.com\/en\/product\/butterfly-closure\/\"]}]},{\"@type\":\"ImageObject\",\"inLanguage\":\"en-US\",\"@id\":\"https:\/\/colomerandsons.com\/en\/product\/butterfly-closure\/#primaryimage\",\"url\":\"https:\/\/colomerandsons.com\/wp-content\/uploads\/2016\/08\/cierre-mariposa.jpg\",\"contentUrl\":\"https:\/\/colomerandsons.com\/wp-content\/uploads\/2016\/08\/cierre-mariposa.jpg\",\"width\":760,\"height\":760},{\"@type\":\"BreadcrumbList\",\"@id\":\"https:\/\/colomerandsons.com\/en\/product\/butterfly-closure\/#breadcrumb\",\"itemListElement\":[{\"@type\":\"ListItem\",\"position\":1,\"name\":\"Inicio\",\"item\":\"https:\/\/colomerandsons.com\/en\/beginning\/\"},{\"@type\":\"ListItem\",\"position\":2,\"name\":\"SHOP\",\"item\":\"https:\/\/colomerandsons.com\/en\/shop\/\"},{\"@type\":\"ListItem\",\"position\":3,\"name\":\"Butterfly Closure\"}]},{\"@type\":\"WebSite\",\"@id\":\"https:\/\/colomerandsons.com\/#website\",\"url\":\"https:\/\/colomerandsons.com\/\",\"name\":\"Colomer and Sons\",\"description\":\"Colomer &amp; Sons lleva desde 2007 intentando cambiar las reglas de la relojer\u00eda de lujo, ofreciendo magn\u00edficas piezas a precios asequibles y con 10 a\u00f1os de garant\u00eda.\",\"potentialAction\":[{\"@type\":\"SearchAction\",\"target\":{\"@type\":\"EntryPoint\",\"urlTemplate\":\"https:\/\/colomerandsons.com\/?s={search_term_string}\"},\"query-input\":{\"@type\":\"PropertyValueSpecification\",\"valueRequired\":true,\"valueName\":\"search_term_string\"}}],\"inLanguage\":\"en-US\"}]}<\/script>\n<!-- \/ Yoast SEO plugin. -->","yoast_head_json":{"title":"Butterfly Closure","description":"New accessory for your Colomer and Sons watch. An elegant and comfortable butterfly closure for every day.","robots":{"index":"index","follow":"follow","max-snippet":"max-snippet:-1","max-image-preview":"max-image-preview:large","max-video-preview":"max-video-preview:-1"},"canonical":"https:\/\/colomerandsons.com\/en\/product\/butterfly-closure\/","og_locale":"en_US","og_type":"article","og_title":"Butterfly Closure","og_description":"New accessory for your Colomer and Sons watch. An elegant and comfortable butterfly closure for every day.","og_url":"https:\/\/colomerandsons.com\/en\/product\/butterfly-closure\/","og_site_name":"Colomer &amp; Sons","article_publisher":"https:\/\/www.facebook.com\/colomerandsons\/","article_modified_time":"2026-03-24T16:36:39+00:00","og_image":[{"width":760,"height":760,"url":"https:\/\/colomerandsons.com\/wp-content\/uploads\/2016\/08\/cierre-mariposa.jpg","type":"image\/jpeg"}],"twitter_card":"summary_large_image","twitter_site":"@colomerandsons","twitter_misc":{"Est. reading time":"2 minutes"},"schema":{"@context":"https:\/\/schema.org","@graph":[{"@type":"WebPage","@id":"https:\/\/colomerandsons.com\/en\/product\/butterfly-closure\/","url":"https:\/\/colomerandsons.com\/en\/product\/butterfly-closure\/","name":"Butterfly Closure","isPartOf":{"@id":"https:\/\/colomerandsons.com\/#website"},"primaryImageOfPage":{"@id":"https:\/\/colomerandsons.com\/en\/product\/butterfly-closure\/#primaryimage"},"image":{"@id":"https:\/\/colomerandsons.com\/en\/product\/butterfly-closure\/#primaryimage"},"thumbnailUrl":"https:\/\/colomerandsons.com\/wp-content\/uploads\/2016\/08\/cierre-mariposa.jpg","datePublished":"2016-08-09T04:21:15+00:00","dateModified":"2026-03-24T16:36:39+00:00","description":"New accessory for your Colomer and Sons watch. An elegant and comfortable butterfly closure for every day.","breadcrumb":{"@id":"https:\/\/colomerandsons.com\/en\/product\/butterfly-closure\/#breadcrumb"},"inLanguage":"en-US","potentialAction":[{"@type":"ReadAction","target":["https:\/\/colomerandsons.com\/en\/product\/butterfly-closure\/"]}]},{"@type":"ImageObject","inLanguage":"en-US","@id":"https:\/\/colomerandsons.com\/en\/product\/butterfly-closure\/#primaryimage","url":"https:\/\/colomerandsons.com\/wp-content\/uploads\/2016\/08\/cierre-mariposa.jpg","contentUrl":"https:\/\/colomerandsons.com\/wp-content\/uploads\/2016\/08\/cierre-mariposa.jpg","width":760,"height":760},{"@type":"BreadcrumbList","@id":"https:\/\/colomerandsons.com\/en\/product\/butterfly-closure\/#breadcrumb","itemListElement":[{"@type":"ListItem","position":1,"name":"Inicio","item":"https:\/\/colomerandsons.com\/en\/beginning\/"},{"@type":"ListItem","position":2,"name":"SHOP","item":"https:\/\/colomerandsons.com\/en\/shop\/"},{"@type":"ListItem","position":3,"name":"Butterfly Closure"}]},{"@type":"WebSite","@id":"https:\/\/colomerandsons.com\/#website","url":"https:\/\/colomerandsons.com\/","name":"Colomer and Sons","description":"Colomer &amp; Sons lleva desde 2007 intentando cambiar las reglas de la relojer\u00eda de lujo, ofreciendo magn\u00edficas piezas a precios asequibles y con 10 a\u00f1os de garant\u00eda.","potentialAction":[{"@type":"SearchAction","target":{"@type":"EntryPoint","urlTemplate":"https:\/\/colomerandsons.com\/?s={search_term_string}"},"query-input":{"@type":"PropertyValueSpecification","valueRequired":true,"valueName":"search_term_string"}}],"inLanguage":"en-US"}]}},"_links":{"self":[{"href":"https:\/\/colomerandsons.com\/en\/wp-json\/wp\/v2\/product\/61855","targetHints":{"allow":["GET"]}}],"collection":[{"href":"https:\/\/colomerandsons.com\/en\/wp-json\/wp\/v2\/product"}],"about":[{"href":"https:\/\/colomerandsons.com\/en\/wp-json\/wp\/v2\/types\/product"}],"replies":[{"embeddable":true,"href":"https:\/\/colomerandsons.com\/en\/wp-json\/wp\/v2\/comments?post=61855"}],"wp:featuredmedia":[{"embeddable":true,"href":"https:\/\/colomerandsons.com\/en\/wp-json\/wp\/v2\/media\/61681"}],"wp:attachment":[{"href":"https:\/\/colomerandsons.com\/en\/wp-json\/wp\/v2\/media?parent=61855"}],"wp:term":[{"taxonomy":"product_brand","embeddable":true,"href":"https:\/\/colomerandsons.com\/en\/wp-json\/wp\/v2\/product_brand?post=61855"},{"taxonomy":"product_cat","embeddable":true,"href":"https:\/\/colomerandsons.com\/en\/wp-json\/wp\/v2\/product_cat?post=61855"},{"taxonomy":"product_tag","embeddable":true,"href":"https:\/\/colomerandsons.com\/en\/wp-json\/wp\/v2\/product_tag?post=61855"}],"curies":[{"name":"wp","href":"https:\/\/api.w.org\/{rel}","templated":true}]}}