{"id":62304,"date":"2020-04-02T12:53:08","date_gmt":"2020-04-02T10:53:08","guid":{"rendered":"https:\/\/colomerandsons.com\/take-care-of-your-watch\/"},"modified":"2024-09-20T12:26:51","modified_gmt":"2024-09-20T10:26:51","slug":"take-care-of-your-watch","status":"publish","type":"page","link":"https:\/\/colomerandsons.com\/en\/take-care-of-your-watch\/","title":{"rendered":"Take care of your watch"},"content":{"rendered":"<p>[et_pb_section fb_built=&#8221;1&#8243; _builder_version=&#8221;4.17.3&#8243; _module_preset=&#8221;default&#8221; custom_padding=&#8221;0px||0px|||&#8221; locked=&#8221;off&#8221; global_colors_info=&#8221;{}&#8221;][et_pb_row _builder_version=&#8221;4.17.3&#8243; _module_preset=&#8221;default&#8221; width=&#8221;100%&#8221; max_width=&#8221;2560px&#8221; custom_padding=&#8221;0px||0px|||&#8221; global_colors_info=&#8221;{}&#8221;][et_pb_column type=&#8221;4_4&#8243; _builder_version=&#8221;4.17.3&#8243; _module_preset=&#8221;default&#8221; global_colors_info=&#8221;{}&#8221;][et_pb_image src=&#8221;https:\/\/colomerandsons.com\/wp-content\/uploads\/2020\/04\/banner-cuidado.jpg&#8221; title_text=&#8221;banner-cuidado&#8221; align=&#8221;center&#8221; force_fullwidth=&#8221;on&#8221; _builder_version=&#8221;4.23.1&#8243; _module_preset=&#8221;default&#8221; global_colors_info=&#8221;{}&#8221;][\/et_pb_image][\/et_pb_column][\/et_pb_row][\/et_pb_section][et_pb_section fb_built=&#8221;1&#8243; _builder_version=&#8221;4.23.1&#8243; _module_preset=&#8221;default&#8221; background_color=&#8221;#F4F6F7&#8243; locked=&#8221;off&#8221; global_colors_info=&#8221;{}&#8221;][et_pb_row _builder_version=&#8221;4.23.1&#8243; use_custom_width=&#8221;on&#8221; width_unit=&#8221;off&#8221; custom_width_percent=&#8221;100%&#8221; locked=&#8221;off&#8221; global_colors_info=&#8221;{}&#8221;][et_pb_column type=&#8221;4_4&#8243; _builder_version=&#8221;4.16&#8243; custom_padding=&#8221;|||&#8221; global_colors_info=&#8221;{}&#8221; custom_padding__hover=&#8221;|||&#8221;][et_pb_text _builder_version=&#8221;4.23.1&#8243; header_letter_spacing=&#8221;1px&#8221; header_3_text_color=&#8221;#988057&#8243; header_4_text_color=&#8221;#988057&#8243; custom_margin=&#8221;||1px|||&#8221; global_colors_info=&#8221;{}&#8221;]<\/p>\n<h1 class=\"tb2\" style=\"text-align: center;\"><strong>MAINTENANCE<br \/><\/strong><\/h1>\n<h4 class=\"tb2\" style=\"text-align: center;\"><\/h4>\n<p>[\/et_pb_text][et_pb_text _builder_version=&#8221;4.23.1&#8243; text_font=&#8221;||||||||&#8221; header_font=&#8221;||||||||&#8221; header_2_font=&#8221;Prata|500|||||||&#8221; header_2_text_align=&#8221;center&#8221; header_2_font_size=&#8221;40px&#8221; header_2_line_height=&#8221;1.3em&#8221; header_3_font=&#8221;|700||on|||||&#8221; header_3_text_align=&#8221;center&#8221; header_3_text_color=&#8221;rgba(0,0,0,0.35)&#8221; header_3_font_size=&#8221;16px&#8221; header_3_letter_spacing=&#8221;5px&#8221; header_3_line_height=&#8221;2em&#8221; transform_translate_linked=&#8221;off&#8221; custom_margin=&#8221;||-2px|||&#8221; header_2_font_size_tablet=&#8221;40px&#8221; header_2_font_size_phone=&#8221;32px&#8221; header_2_font_size_last_edited=&#8221;on|phone&#8221; header_3_font_size_tablet=&#8221;&#8221; header_3_font_size_phone=&#8221;12px&#8221; header_3_font_size_last_edited=&#8221;on|phone&#8221; global_colors_info=&#8221;{}&#8221;]<\/p>\n<h3 style=\"text-align: center;\">Keep your watch in perfect condition by following these tips<\/h3>\n<p>[\/et_pb_text][et_pb_divider color=&#8221;#000000&#8243; divider_position=&#8221;center&#8221; divider_weight=&#8221;2px&#8221; _builder_version=&#8221;4.23.1&#8243; _module_preset=&#8221;default&#8221; width=&#8221;35%&#8221; width_tablet=&#8221;54%&#8221; width_phone=&#8221;86%&#8221; width_last_edited=&#8221;on|phone&#8221; module_alignment=&#8221;center&#8221; global_colors_info=&#8221;{}&#8221;][\/et_pb_divider][\/et_pb_column][\/et_pb_row][\/et_pb_section][et_pb_section fb_built=&#8221;1&#8243; admin_label=&#8221;How it works&#8221; _builder_version=&#8221;4.23.1&#8243; background_color_gradient_direction=&#8221;188deg&#8221; background_enable_image=&#8221;off&#8221; background_size=&#8221;initial&#8221; background_repeat=&#8221;repeat&#8221; locked=&#8221;off&#8221; global_colors_info=&#8221;{}&#8221;][et_pb_row _builder_version=&#8221;4.16&#8243; custom_margin=&#8221;-11px|auto||auto||&#8221; global_colors_info=&#8221;{}&#8221;][et_pb_column type=&#8221;4_4&#8243; _builder_version=&#8221;4.16&#8243; global_colors_info=&#8221;{}&#8221;][et_pb_accordion closed_toggle_background_color=&#8221;#F4F6F7&#8243; _builder_version=&#8221;4.23.1&#8243; global_colors_info=&#8221;{}&#8221;][et_pb_accordion_item title=&#8221;MAGNETIC FIELDS&#8221; open=&#8221;on&#8221; open_toggle_text_color=&#8221;#4242424&#8243; _builder_version=&#8221;4.16&#8243; global_colors_info=&#8221;{}&#8221; toggle_text_color=&#8221;#4242424&#8243; toggle_font=&#8221;|600|||||||&#8221;]<\/p>\n<p>Avoid placing your watch on speakers or refrigerators, as they can generate very strong magnetic fields that could damage it.<\/p>\n<p>[\/et_pb_accordion_item][et_pb_accordion_item title=&#8221;SCREW-DOWN CROWN&#8221; _builder_version=&#8221;4.16&#8243; global_colors_info=&#8221;{}&#8221; toggle_text_color=&#8221;#424242&#8243; toggle_font=&#8221;|600|||||||&#8221; open=&#8221;off&#8221;]<\/p>\n<p>Always screw the crown fully to prevent water from entering the mechanism, safeguarding the watch and its functionality.<\/p>\n<p>[\/et_pb_accordion_item][et_pb_accordion_item title=&#8221;NON-SCREWABLE CROWN&#8221; _builder_version=&#8221;4.16&#8243; global_colors_info=&#8221;{}&#8221; toggle_text_color=&#8221;#424242&#8243; toggle_font=&#8221;|600|||||||&#8221; open=&#8221;off&#8221;]<\/p>\n<p>Always press the crown back to its normal position to prevent water from entering the mechanism and potentially damaging the watch and its movement.<\/p>\n<p>[\/et_pb_accordion_item][et_pb_accordion_item title=&#8221;IMPACTS&#8221; _builder_version=&#8221;4.16&#8243; global_colors_info=&#8221;{}&#8221; toggle_text_color=&#8221;#424242&#8243; toggle_font=&#8221;|600|||||||&#8221; open=&#8221;off&#8221;]<\/p>\n<p>Avoid any impact against furniture, walls, etc., as much as possible; impacts are never good for the machinery.<\/p>\n<p>[\/et_pb_accordion_item][et_pb_accordion_item title=&#8221;CLEANING&#8221; _builder_version=&#8221;4.16&#8243; global_colors_info=&#8221;{}&#8221; toggle_text_color=&#8221;#424242&#8243; toggle_font=&#8221;|600|||||||&#8221; open=&#8221;off&#8221;]<\/p>\n<p>For metal bracelets and waterproof cases, use a damp toothbrush with soapy water and dry with a soft cloth.<\/p>\n<p>[\/et_pb_accordion_item][et_pb_accordion_item title=&#8221;CHEMICAL PRODUCTS&#8221; _builder_version=&#8221;4.16&#8243; global_colors_info=&#8221;{}&#8221; toggle_text_color=&#8221;#424242&#8243; toggle_font=&#8221;|600|||||||&#8221; open=&#8221;off&#8221;]<\/p>\n<p>Avoid direct contact with solvents, detergents, perfumes, cosmetics, etc., as they can damage the bracelet, case, or watch seals.<\/p>\n<p>[\/et_pb_accordion_item][et_pb_accordion_item title=&#8221;SWIMMING IN SEAWATER&#8221; _builder_version=&#8221;4.16&#8243; global_colors_info=&#8221;{}&#8221; toggle_text_color=&#8221;#424242&#8243; toggle_font=&#8221;|600|||||||&#8221; open=&#8221;off&#8221;]<\/p>\n<p>Afterward, rinse the watch with fresh water. However, we highly recommend refraining from wearing the watch in these circumstances, especially if it has a leather strap.<\/p>\n<p>[\/et_pb_accordion_item][et_pb_accordion_item title=&#8221;CHRONOGRAPH&#8221; _builder_version=&#8221;4.16&#8243; global_colors_info=&#8221;{}&#8221; toggle_text_color=&#8221;#424242&#8243; toggle_font=&#8221;|600|||||||&#8221; open=&#8221;off&#8221;]<\/p>\n<p>Avoid operating the chronograph buttons underwater to prevent water from entering the mechanism and potentially disrupting its functionality.<\/p>\n<p>[\/et_pb_accordion_item][et_pb_accordion_item title=&#8221;TEMPERATURES&#8221; _builder_version=&#8221;4.16&#8243; global_colors_info=&#8221;{}&#8221; toggle_text_color=&#8221;#424242&#8243; toggle_font=&#8221;|600|||||||&#8221; open=&#8221;off&#8221;]<\/p>\n<p>Avoid extreme temperatures (above 60 \u00baC, or 140 \u00baF, or below 0 \u00baC, or 32 \u00baF) Also avoid sudden temperature changes. In mechanical watchmaking they greatly affect the rate of movement of the watch.<\/p>\n<p>[\/et_pb_accordion_item][et_pb_accordion_item title=&#8221;LEATHER STRAP&#8221; _builder_version=&#8221;4.16&#8243; global_colors_info=&#8221;{}&#8221; toggle_text_color=&#8221;#424242&#8243; toggle_font=&#8221;|600|||||||&#8221; open=&#8221;off&#8221;]<\/p>\n<p>1. Avoid contact with water and moisture to prevent discoloration and deformation.<br \/>  2. Avoid prolonged exposure to sunlight to prevent color fading.<br \/>  3. Don&#8217;t forget that leather is permeable! Avoid contact with greasy substances and cosmetic products. It is not advisable to apply leather cleaners to this kind of straps.<\/p>\n<p>[\/et_pb_accordion_item][et_pb_accordion_item title=&#8221;WATERTIGHTNESS&#8221; _builder_version=&#8221;4.20.4&#8243; global_colors_info=&#8221;{}&#8221; toggle_text_color=&#8221;#424242&#8243; toggle_font=&#8221;|600|||||||&#8221; open=&#8221;off&#8221;]<\/p>\n<p>The waterproofing cannot be guaranteed indefinitely. It can be affected by aging seals or accidental impact on the crown. We recommend checking the watch&#8217;s water resistance once a year at an official COLOMER AND SONS center. In general, our watches are suitable for surface swimming but not intended for depths exceeding 2 meters.<\/p>\n<p>&nbsp;<\/p>\n<p><img loading=\"lazy\" decoding=\"async\" src=\"https:\/\/colomerandsons.com\/wp-content\/uploads\/2023\/04\/tabla-resistencia-al-agua-relojes_igmmarket-600x259.webp\" width=\"600\" height=\"259\" alt=\"\" class=\"wp-image-26058 aligncenter size-medium\" srcset=\"https:\/\/colomerandsons.com\/wp-content\/uploads\/2023\/04\/tabla-resistencia-al-agua-relojes_igmmarket-600x259.webp 600w, https:\/\/colomerandsons.com\/wp-content\/uploads\/2023\/04\/tabla-resistencia-al-agua-relojes_igmmarket-480x207.webp 480w\" sizes=\"(min-width: 0px) and (max-width: 480px) 480px, (min-width: 481px) 600px, 100vw\" \/><\/p>\n<p>&nbsp;<\/p>\n<p>[\/et_pb_accordion_item][et_pb_accordion_item title=&#8221;AUTOMATIC WATCH&#8221; _builder_version=&#8221;4.16&#8243; global_colors_info=&#8221;{}&#8221; toggle_text_color=&#8221;#424242&#8243; toggle_font=&#8221;|600|||||||&#8221; open=&#8221;off&#8221;]<\/p>\n<p>The watch must be worn 10 to 12 hours a day for several days. If the watch is not worn enough, the power reserve will continue to be depleted and manual-winding will be required. The crown should be manually turned between 15 and 20 times to achieve an adequate power reserve and ensure the accuracy of the timekeeping. A very common mistake is believing that simply shaking an automatic watch a little is enough to keep it running and maintaining the exact time.<\/p>\n<p>[\/et_pb_accordion_item][\/et_pb_accordion][\/et_pb_column][\/et_pb_row][\/et_pb_section]<\/p>\n","protected":false},"excerpt":{"rendered":"<p>MAINTENANCE Keep your watch in perfect condition by following these tipsAvoid placing your watch on speakers or refrigerators, as they can generate very strong magnetic fields that could damage it.Always screw the crown fully to prevent water from entering the mechanism, safeguarding the watch and its functionality.Always press the crown back to its normal position [&hellip;]<\/p>\n","protected":false},"author":1,"featured_media":0,"parent":0,"menu_order":0,"comment_status":"closed","ping_status":"closed","template":"","meta":{"_acf_changed":false,"_et_pb_use_builder":"on","_et_pb_old_content":"","_et_gb_content_width":"","_joinchat":[],"footnotes":""},"class_list":["post-62304","page","type-page","status-publish","hentry"],"acf":[],"yoast_head":"<!-- This site is optimized with the Yoast SEO plugin v26.8 - https:\/\/yoast.com\/product\/yoast-seo-wordpress\/ -->\n<title>Take care of your watch - Colomer &amp; Sons<\/title>\n<meta name=\"robots\" content=\"noindex, nofollow\" \/>\n<meta property=\"og:locale\" content=\"en_US\" \/>\n<meta property=\"og:type\" content=\"article\" \/>\n<meta property=\"og:title\" content=\"Take care of your watch - Colomer &amp; Sons\" \/>\n<meta property=\"og:description\" content=\"MAINTENANCE Keep your watch in perfect condition by following these tipsAvoid placing your watch on speakers or refrigerators, as they can generate very strong magnetic fields that could damage it.Always screw the crown fully to prevent water from entering the mechanism, safeguarding the watch and its functionality.Always press the crown back to its normal position [&hellip;]\" \/>\n<meta property=\"og:url\" content=\"https:\/\/colomerandsons.com\/en\/take-care-of-your-watch\/\" \/>\n<meta property=\"og:site_name\" content=\"Colomer &amp; Sons\" \/>\n<meta property=\"article:publisher\" content=\"https:\/\/www.facebook.com\/colomerandsons\/\" \/>\n<meta property=\"article:modified_time\" content=\"2024-09-20T10:26:51+00:00\" \/>\n<meta property=\"og:image\" content=\"https:\/\/colomerandsons.com\/wp-content\/uploads\/2023\/04\/tabla-resistencia-al-agua-relojes_igmmarket-600x259.webp\" \/>\n<meta name=\"twitter:card\" content=\"summary_large_image\" \/>\n<meta name=\"twitter:site\" content=\"@colomerandsons\" \/>\n<meta name=\"twitter:label1\" content=\"Est. reading time\" \/>\n\t<meta name=\"twitter:data1\" content=\"5 minutes\" \/>\n<script type=\"application\/ld+json\" class=\"yoast-schema-graph\">{\"@context\":\"https:\/\/schema.org\",\"@graph\":[{\"@type\":\"WebPage\",\"@id\":\"https:\/\/colomerandsons.com\/en\/take-care-of-your-watch\/\",\"url\":\"https:\/\/colomerandsons.com\/en\/take-care-of-your-watch\/\",\"name\":\"Take care of your watch - Colomer &amp; Sons\",\"isPartOf\":{\"@id\":\"https:\/\/colomerandsons.com\/#website\"},\"primaryImageOfPage\":{\"@id\":\"https:\/\/colomerandsons.com\/en\/take-care-of-your-watch\/#primaryimage\"},\"image\":{\"@id\":\"https:\/\/colomerandsons.com\/en\/take-care-of-your-watch\/#primaryimage\"},\"thumbnailUrl\":\"https:\/\/colomerandsons.com\/wp-content\/uploads\/2023\/04\/tabla-resistencia-al-agua-relojes_igmmarket-600x259.webp\",\"datePublished\":\"2020-04-02T10:53:08+00:00\",\"dateModified\":\"2024-09-20T10:26:51+00:00\",\"breadcrumb\":{\"@id\":\"https:\/\/colomerandsons.com\/en\/take-care-of-your-watch\/#breadcrumb\"},\"inLanguage\":\"en-US\",\"potentialAction\":[{\"@type\":\"ReadAction\",\"target\":[\"https:\/\/colomerandsons.com\/en\/take-care-of-your-watch\/\"]}]},{\"@type\":\"ImageObject\",\"inLanguage\":\"en-US\",\"@id\":\"https:\/\/colomerandsons.com\/en\/take-care-of-your-watch\/#primaryimage\",\"url\":\"https:\/\/colomerandsons.com\/wp-content\/uploads\/2023\/04\/tabla-resistencia-al-agua-relojes_igmmarket-600x259.webp\",\"contentUrl\":\"https:\/\/colomerandsons.com\/wp-content\/uploads\/2023\/04\/tabla-resistencia-al-agua-relojes_igmmarket-600x259.webp\"},{\"@type\":\"BreadcrumbList\",\"@id\":\"https:\/\/colomerandsons.com\/en\/take-care-of-your-watch\/#breadcrumb\",\"itemListElement\":[{\"@type\":\"ListItem\",\"position\":1,\"name\":\"Inicio\",\"item\":\"https:\/\/colomerandsons.com\/en\/beginning\/\"},{\"@type\":\"ListItem\",\"position\":2,\"name\":\"Take care of your watch\"}]},{\"@type\":\"WebSite\",\"@id\":\"https:\/\/colomerandsons.com\/#website\",\"url\":\"https:\/\/colomerandsons.com\/\",\"name\":\"Colomer and Sons\",\"description\":\"Colomer &amp; Sons lleva desde 2007 intentando cambiar las reglas de la relojer\u00eda de lujo, ofreciendo magn\u00edficas piezas a precios asequibles y con 10 a\u00f1os de garant\u00eda.\",\"potentialAction\":[{\"@type\":\"SearchAction\",\"target\":{\"@type\":\"EntryPoint\",\"urlTemplate\":\"https:\/\/colomerandsons.com\/?s={search_term_string}\"},\"query-input\":{\"@type\":\"PropertyValueSpecification\",\"valueRequired\":true,\"valueName\":\"search_term_string\"}}],\"inLanguage\":\"en-US\"}]}<\/script>\n<!-- \/ Yoast SEO plugin. -->","yoast_head_json":{"title":"Take care of your watch - Colomer &amp; Sons","robots":{"index":"noindex","follow":"nofollow"},"og_locale":"en_US","og_type":"article","og_title":"Take care of your watch - Colomer &amp; Sons","og_description":"MAINTENANCE Keep your watch in perfect condition by following these tipsAvoid placing your watch on speakers or refrigerators, as they can generate very strong magnetic fields that could damage it.Always screw the crown fully to prevent water from entering the mechanism, safeguarding the watch and its functionality.Always press the crown back to its normal position [&hellip;]","og_url":"https:\/\/colomerandsons.com\/en\/take-care-of-your-watch\/","og_site_name":"Colomer &amp; Sons","article_publisher":"https:\/\/www.facebook.com\/colomerandsons\/","article_modified_time":"2024-09-20T10:26:51+00:00","og_image":[{"url":"https:\/\/colomerandsons.com\/wp-content\/uploads\/2023\/04\/tabla-resistencia-al-agua-relojes_igmmarket-600x259.webp","type":"","width":"","height":""}],"twitter_card":"summary_large_image","twitter_site":"@colomerandsons","twitter_misc":{"Est. reading time":"5 minutes"},"schema":{"@context":"https:\/\/schema.org","@graph":[{"@type":"WebPage","@id":"https:\/\/colomerandsons.com\/en\/take-care-of-your-watch\/","url":"https:\/\/colomerandsons.com\/en\/take-care-of-your-watch\/","name":"Take care of your watch - Colomer &amp; Sons","isPartOf":{"@id":"https:\/\/colomerandsons.com\/#website"},"primaryImageOfPage":{"@id":"https:\/\/colomerandsons.com\/en\/take-care-of-your-watch\/#primaryimage"},"image":{"@id":"https:\/\/colomerandsons.com\/en\/take-care-of-your-watch\/#primaryimage"},"thumbnailUrl":"https:\/\/colomerandsons.com\/wp-content\/uploads\/2023\/04\/tabla-resistencia-al-agua-relojes_igmmarket-600x259.webp","datePublished":"2020-04-02T10:53:08+00:00","dateModified":"2024-09-20T10:26:51+00:00","breadcrumb":{"@id":"https:\/\/colomerandsons.com\/en\/take-care-of-your-watch\/#breadcrumb"},"inLanguage":"en-US","potentialAction":[{"@type":"ReadAction","target":["https:\/\/colomerandsons.com\/en\/take-care-of-your-watch\/"]}]},{"@type":"ImageObject","inLanguage":"en-US","@id":"https:\/\/colomerandsons.com\/en\/take-care-of-your-watch\/#primaryimage","url":"https:\/\/colomerandsons.com\/wp-content\/uploads\/2023\/04\/tabla-resistencia-al-agua-relojes_igmmarket-600x259.webp","contentUrl":"https:\/\/colomerandsons.com\/wp-content\/uploads\/2023\/04\/tabla-resistencia-al-agua-relojes_igmmarket-600x259.webp"},{"@type":"BreadcrumbList","@id":"https:\/\/colomerandsons.com\/en\/take-care-of-your-watch\/#breadcrumb","itemListElement":[{"@type":"ListItem","position":1,"name":"Inicio","item":"https:\/\/colomerandsons.com\/en\/beginning\/"},{"@type":"ListItem","position":2,"name":"Take care of your watch"}]},{"@type":"WebSite","@id":"https:\/\/colomerandsons.com\/#website","url":"https:\/\/colomerandsons.com\/","name":"Colomer and Sons","description":"Colomer &amp; Sons lleva desde 2007 intentando cambiar las reglas de la relojer\u00eda de lujo, ofreciendo magn\u00edficas piezas a precios asequibles y con 10 a\u00f1os de garant\u00eda.","potentialAction":[{"@type":"SearchAction","target":{"@type":"EntryPoint","urlTemplate":"https:\/\/colomerandsons.com\/?s={search_term_string}"},"query-input":{"@type":"PropertyValueSpecification","valueRequired":true,"valueName":"search_term_string"}}],"inLanguage":"en-US"}]}},"_links":{"self":[{"href":"https:\/\/colomerandsons.com\/en\/wp-json\/wp\/v2\/pages\/62304","targetHints":{"allow":["GET"]}}],"collection":[{"href":"https:\/\/colomerandsons.com\/en\/wp-json\/wp\/v2\/pages"}],"about":[{"href":"https:\/\/colomerandsons.com\/en\/wp-json\/wp\/v2\/types\/page"}],"author":[{"embeddable":true,"href":"https:\/\/colomerandsons.com\/en\/wp-json\/wp\/v2\/users\/1"}],"replies":[{"embeddable":true,"href":"https:\/\/colomerandsons.com\/en\/wp-json\/wp\/v2\/comments?post=62304"}],"version-history":[{"count":3,"href":"https:\/\/colomerandsons.com\/en\/wp-json\/wp\/v2\/pages\/62304\/revisions"}],"predecessor-version":[{"id":69125,"href":"https:\/\/colomerandsons.com\/en\/wp-json\/wp\/v2\/pages\/62304\/revisions\/69125"}],"wp:attachment":[{"href":"https:\/\/colomerandsons.com\/en\/wp-json\/wp\/v2\/media?parent=62304"}],"curies":[{"name":"wp","href":"https:\/\/api.w.org\/{rel}","templated":true}]}}