{"id":62298,"date":"2020-04-02T12:55:57","date_gmt":"2020-04-02T10:55:57","guid":{"rendered":"https:\/\/colomerandsons.com\/press\/"},"modified":"2024-02-19T14:06:00","modified_gmt":"2024-02-19T13:06:00","slug":"press","status":"publish","type":"page","link":"https:\/\/colomerandsons.com\/en\/press\/","title":{"rendered":"Press"},"content":{"rendered":"<p>[et_pb_section fb_built=&#8221;1&#8243; fullwidth=&#8221;on&#8221; _builder_version=&#8221;4.16&#8243; global_colors_info=&#8221;{}&#8221;][\/et_pb_section][et_pb_section fb_built=&#8221;1&#8243; _builder_version=&#8221;4.17.3&#8243; _module_preset=&#8221;default&#8221; custom_padding=&#8221;||0px|||&#8221; locked=&#8221;off&#8221; global_colors_info=&#8221;{}&#8221;][et_pb_row _builder_version=&#8221;4.17.3&#8243; _module_preset=&#8221;default&#8221; width=&#8221;100%&#8221; max_width=&#8221;2560px&#8221; custom_padding=&#8221;0px||0px|||&#8221; global_colors_info=&#8221;{}&#8221;][et_pb_column type=&#8221;4_4&#8243; _builder_version=&#8221;4.17.3&#8243; _module_preset=&#8221;default&#8221; global_colors_info=&#8221;{}&#8221;][et_pb_image src=&#8221;https:\/\/colomerandsons.com\/wp-content\/uploads\/2020\/04\/banner-prensa.jpg&#8221; title_text=&#8221;banner-prensa&#8221; _builder_version=&#8221;4.17.3&#8243; _module_preset=&#8221;default&#8221; global_colors_info=&#8221;{}&#8221;][\/et_pb_image][\/et_pb_column][\/et_pb_row][\/et_pb_section][et_pb_section fb_built=&#8221;1&#8243; _builder_version=&#8221;4.23.1&#8243; _module_preset=&#8221;default&#8221; background_color=&#8221;#F4F6F7&#8243; locked=&#8221;off&#8221; global_colors_info=&#8221;{}&#8221;][et_pb_row _builder_version=&#8221;4.23.1&#8243; use_custom_width=&#8221;on&#8221; width_unit=&#8221;off&#8221; custom_width_percent=&#8221;100%&#8221; locked=&#8221;off&#8221; global_colors_info=&#8221;{}&#8221;][et_pb_column type=&#8221;4_4&#8243; _builder_version=&#8221;4.16&#8243; custom_padding=&#8221;|||&#8221; global_colors_info=&#8221;{}&#8221; custom_padding__hover=&#8221;|||&#8221;][et_pb_text _builder_version=&#8221;4.23.1&#8243; header_letter_spacing=&#8221;1px&#8221; header_3_text_color=&#8221;#988057&#8243; header_4_text_color=&#8221;#988057&#8243; custom_margin=&#8221;||1px|||&#8221; hover_enabled=&#8221;0&#8243; global_colors_info=&#8221;{}&#8221; sticky_enabled=&#8221;0&#8243;]<\/p>\n<h1 class=\"tb2\" style=\"text-align: center;\"><strong>PRESS<br \/><\/strong><\/h1>\n<h4 class=\"tb2\" style=\"text-align: center;\"><\/h4>\n<p>[\/et_pb_text][et_pb_text _builder_version=&#8221;4.23.1&#8243; text_font=&#8221;||||||||&#8221; header_font=&#8221;||||||||&#8221; header_2_font=&#8221;Prata|500|||||||&#8221; header_2_text_align=&#8221;center&#8221; header_2_font_size=&#8221;40px&#8221; header_2_line_height=&#8221;1.3em&#8221; header_3_font=&#8221;|700||on|||||&#8221; header_3_text_align=&#8221;center&#8221; header_3_text_color=&#8221;rgba(0,0,0,0.35)&#8221; header_3_font_size=&#8221;16px&#8221; header_3_letter_spacing=&#8221;5px&#8221; header_3_line_height=&#8221;2em&#8221; transform_translate_linked=&#8221;off&#8221; custom_margin=&#8221;||-2px|||&#8221; hover_enabled=&#8221;0&#8243; header_2_font_size_tablet=&#8221;40px&#8221; header_2_font_size_phone=&#8221;32px&#8221; header_2_font_size_last_edited=&#8221;on|phone&#8221; header_3_font_size_tablet=&#8221;&#8221; header_3_font_size_phone=&#8221;12px&#8221; header_3_font_size_last_edited=&#8221;on|phone&#8221; global_colors_info=&#8221;{}&#8221; sticky_enabled=&#8221;0&#8243;]<\/p>\n<h3 style=\"text-align: center;\">FIND OUT WHAT THEY SAY ABOUT US<\/h3>\n<p>[\/et_pb_text][et_pb_divider color=&#8221;#000000&#8243; divider_position=&#8221;center&#8221; divider_weight=&#8221;2px&#8221; _builder_version=&#8221;4.23.1&#8243; _module_preset=&#8221;default&#8221; width=&#8221;35%&#8221; width_tablet=&#8221;54%&#8221; width_phone=&#8221;86%&#8221; width_last_edited=&#8221;on|phone&#8221; module_alignment=&#8221;center&#8221; global_colors_info=&#8221;{}&#8221;][\/et_pb_divider][\/et_pb_column][\/et_pb_row][\/et_pb_section][et_pb_section fb_built=&#8221;1&#8243; admin_label=&#8221;How it works&#8221; _builder_version=&#8221;4.16&#8243; custom_padding=&#8221;0px|0px|30px|0px|false|false&#8221; locked=&#8221;off&#8221; global_colors_info=&#8221;{}&#8221;][et_pb_row column_structure=&#8221;1_3,1_3,1_3&#8243; _builder_version=&#8221;4.16&#8243; global_colors_info=&#8221;{}&#8221;][et_pb_column type=&#8221;1_3&#8243; _builder_version=&#8221;4.16&#8243; global_colors_info=&#8221;{}&#8221;][\/et_pb_column][et_pb_column type=&#8221;1_3&#8243; _builder_version=&#8221;4.16&#8243; global_colors_info=&#8221;{}&#8221;][et_pb_image src=&#8221;https:\/\/colomerandsons.com\/wp-content\/uploads\/2022\/10\/Expansion.jpg&#8221; title_text=&#8221;Expansion&#8221; _builder_version=&#8221;4.18.0&#8243; global_colors_info=&#8221;{}&#8221;][\/et_pb_image][et_pb_text _builder_version=&#8221;4.23.1&#8243; hover_enabled=&#8221;0&#8243; locked=&#8221;off&#8221; global_colors_info=&#8221;{}&#8221; sticky_enabled=&#8221;0&#8243; text_text_color=&#8221;#000000&#8243; link_text_color=&#8221;#000000&#8243;]<\/p>\n<p style=\"text-align: justify;\"><strong>MARCAS DE RELOJES ESPA\u00d1OLES QUE DEBES CONOCER EN 2022:<\/strong><\/p>\n<p style=\"text-align: justify;\"><a href=\"https:\/\/www.expansion.com\/fueradeserie\/relojes\/2022\/10\/18\/63454d93e5fdea60578b4600.html\" target=\"_blank\" rel=\"noopener noreferrer\">Fundada por los hermanos Gonzalo y Jaime Colomer en 2006, en estos a\u00f1os han sabido hacerse un hueco en el mercado &#8230; leer +<\/a><\/p>\n<p>[\/et_pb_text][\/et_pb_column][et_pb_column type=&#8221;1_3&#8243; _builder_version=&#8221;4.16&#8243; global_colors_info=&#8221;{}&#8221;][\/et_pb_column][\/et_pb_row][et_pb_row column_structure=&#8221;1_3,1_3,1_3&#8243; _builder_version=&#8221;4.16&#8243; global_colors_info=&#8221;{}&#8221;][et_pb_column type=&#8221;1_3&#8243; _builder_version=&#8221;4.16&#8243; global_colors_info=&#8221;{}&#8221;][et_pb_image src=&#8221;https:\/\/colomerandsons.com\/wp-content\/uploads\/2021\/11\/GQ.jpg&#8221; title_text=&#8221;GQ&#8221; _builder_version=&#8221;4.16&#8243; global_colors_info=&#8221;{}&#8221;][\/et_pb_image][et_pb_text _builder_version=&#8221;4.16&#8243; global_colors_info=&#8221;{}&#8221; text_text_color=&#8221;#000000&#8243; link_text_color=&#8221;#000000&#8243;]<\/p>\n<p style=\"text-align: justify;\"><strong>6 MARCAS DE RELOJES ESPA\u00d1OLAS QUE DEBER\u00cdAS CONOCER:<\/strong><\/p>\n<p style=\"text-align: justify;\"><a href=\"https:\/\/www.revistagq.com\/moda\/articulo\/relojes-espanoles-lotus-festina-colomer\"><span>Las marcas de <\/span>relojes<span> espa\u00f1olas merecen ser tenidas en cuenta por <\/span><strong>sus preciosos dise\u00f1os y precios imbatibles&#8230;<\/strong>leer +<\/a><\/p>\n<p>[\/et_pb_text][\/et_pb_column][et_pb_column type=&#8221;1_3&#8243; _builder_version=&#8221;4.16&#8243; global_colors_info=&#8221;{}&#8221;][et_pb_image src=&#8221;https:\/\/colomerandsons.com\/wp-content\/uploads\/2020\/04\/loff.jpg&#8221; _builder_version=&#8221;4.16&#8243; global_colors_info=&#8221;{}&#8221;][\/et_pb_image][et_pb_text _builder_version=&#8221;4.16&#8243; locked=&#8221;off&#8221; global_colors_info=&#8221;{}&#8221; text_text_color=&#8221;#000000&#8243; link_text_color=&#8221;#000000&#8243;]<\/p>\n<p style=\"text-align: justify;\"><strong>WORLDTIMER, UN RELOJ PARA DARLE<br \/> LA VUELTA AL MUNDO:<\/strong><\/p>\n<p style=\"text-align: justify;\"><a href=\"https:\/\/loff.it\/lucir\/relojes\/colomer-sons-worldtimer-un-reloj-para-darle-la-vuelta-al-mundo-264554\/\" target=\"_blank\" rel=\"noopener noreferrer\"> Colomer &amp; sons han llegado a su objetivo &#8230; leer +<\/a><\/p>\n<p>[\/et_pb_text][\/et_pb_column][et_pb_column type=&#8221;1_3&#8243; _builder_version=&#8221;4.16&#8243; global_colors_info=&#8221;{}&#8221;][et_pb_image src=&#8221;https:\/\/colomerandsons.com\/wp-content\/uploads\/2020\/04\/loff.jpg&#8221; _builder_version=&#8221;4.16&#8243; global_colors_info=&#8221;{}&#8221;][\/et_pb_image][et_pb_text _builder_version=&#8221;4.16&#8243; global_colors_info=&#8221;{}&#8221; text_text_color=&#8221;#000000&#8243; link_text_color=&#8221;#000000&#8243;]<\/p>\n<p><strong>FORTUNATE, UN ORIGINAL DE COLOMER &amp; SONS:<\/strong><\/p>\n<p><a href=\"https:\/\/loff.it\/lucir\/relojes\/fortunate-un-original-original-de-colomer-sons-264545\/\" target=\"_blank\" rel=\"noopener noreferrer\">Dicen en Colomer &amp; Sons que eres&#8230; <\/a><a href=\"https:\/\/loff.it\/lucir\/relojes\/fortunate-un-original-original-de-colomer-sons-264545\/\" target=\"_blank\" rel=\"noopener noreferrer\">leer +<\/a><\/p>\n<p>[\/et_pb_text][\/et_pb_column][\/et_pb_row][et_pb_row column_structure=&#8221;1_3,1_3,1_3&#8243; _builder_version=&#8221;4.16&#8243; global_colors_info=&#8221;{}&#8221;][et_pb_column type=&#8221;1_3&#8243; _builder_version=&#8221;4.16&#8243; global_colors_info=&#8221;{}&#8221;][et_pb_image src=&#8221;https:\/\/colomerandsons.com\/wp-content\/uploads\/2020\/04\/loff.jpg&#8221; _builder_version=&#8221;4.16&#8243; global_colors_info=&#8221;{}&#8221;][\/et_pb_image][et_pb_text _builder_version=&#8221;4.16&#8243; global_colors_info=&#8221;{}&#8221; text_text_color=&#8221;#000000&#8243; link_text_color=&#8221;#000000&#8243;]<\/p>\n<p style=\"text-align: justify;\"><strong>COLOMER &amp; SONS LANZA LA COLECCI\u00d3N 10\u00ba ANIVERSARIO EN KICKSTARTER.:<\/strong><\/p>\n<p><a href=\"https:\/\/loff.it\/lucir\/relojes\/un-relojero-en-madrid-colomer-sons-lanza-la-coleccion-10o-aniversario-en-kicksarter-262153\/\" target=\"_blank\" rel=\"noopener noreferrer\">Tal vez es cierto que la industria &#8230; leer +<\/a><\/p>\n<p>[\/et_pb_text][\/et_pb_column][et_pb_column type=&#8221;1_3&#8243; _builder_version=&#8221;4.16&#8243; global_colors_info=&#8221;{}&#8221;][et_pb_image src=&#8221;https:\/\/colomerandsons.com\/wp-content\/uploads\/2020\/04\/antena-tres.jpg&#8221; _builder_version=&#8221;4.16&#8243; global_colors_info=&#8221;{}&#8221;][\/et_pb_image][et_pb_text _builder_version=&#8221;4.16&#8243; global_colors_info=&#8221;{}&#8221; text_text_color=&#8221;#000000&#8243; link_text_color=&#8221;#000000&#8243;]<\/p>\n<p style=\"text-align: justify;\"><strong>LA PLATAFORMA DE LOS 20 MILLONES DE INVERSORES:<\/strong><\/p>\n<p style=\"text-align: justify;\"><a href=\"http:\/\/www.antena3.com\/noticias\/economia\/kickstarter-plataforma-millones-inversores_20161130583eb1d50cf276451fceb696.html\" target=\"_blank\" rel=\"noopener noreferrer\">Desde su fundaci\u00f3n en 2008 &#8230; leer +<\/a><\/p>\n<p>[\/et_pb_text][\/et_pb_column][et_pb_column type=&#8221;1_3&#8243; _builder_version=&#8221;4.16&#8243; global_colors_info=&#8221;{}&#8221;][et_pb_image src=&#8221;https:\/\/colomerandsons.com\/wp-content\/uploads\/2020\/04\/el-espanol.jpg&#8221; _builder_version=&#8221;4.16&#8243; global_colors_info=&#8221;{}&#8221;][\/et_pb_image][et_pb_text _builder_version=&#8221;4.16&#8243; global_colors_info=&#8221;{}&#8221; text_text_color=&#8221;#000000&#8243; link_text_color=&#8221;#000000&#8243;]<\/p>\n<p style=\"text-align: justify;\"><strong>COLOMER &amp; SONS LANZA SU \u00daLTIMA COLECCI\u00d3N DE RELOJES POR KICKSTARTER:<\/strong><\/p>\n<p style=\"text-align: justify;\"><a href=\"http:\/\/www.elespanol.com\/estilo\/moda\/20161201\/174982985_0.html\" target=\"_blank\" rel=\"noopener noreferrer\">La firma espa\u00f1ola busca inversores&#8230;leer +<\/a><\/p>\n<p>[\/et_pb_text][\/et_pb_column][\/et_pb_row][et_pb_row column_structure=&#8221;1_3,1_3,1_3&#8243; _builder_version=&#8221;4.16&#8243; global_colors_info=&#8221;{}&#8221;][et_pb_column type=&#8221;1_3&#8243; _builder_version=&#8221;4.16&#8243; global_colors_info=&#8221;{}&#8221;][et_pb_image src=&#8221;https:\/\/colomerandsons.com\/wp-content\/uploads\/2020\/04\/negocios.jpg&#8221; _builder_version=&#8221;4.16&#8243; global_colors_info=&#8221;{}&#8221;][\/et_pb_image][et_pb_text _builder_version=&#8221;4.16&#8243; global_colors_info=&#8221;{}&#8221; text_text_color=&#8221;#000000&#8243; link_text_color=&#8221;#000000&#8243;]<\/p>\n<p style=\"text-align: justify;\"><strong>COLOMER &amp; SONS ELIGE KICKSTARTER PARA EL LANZAMIENTO DE SU COLECCI\u00d3N:<\/strong><\/p>\n<p style=\"text-align: justify;\"><a href=\"http:\/\/www.elindependiente.com\/tendencias\/2016\/12\/13\/colomer-sons-lanza-su-coleccion-2017-a-traves-de-kickstarter\/\" target=\"_blank\" rel=\"noopener noreferrer\">Kickstarter, la plataforma online de&#8230;leer +<\/a><\/p>\n<p>[\/et_pb_text][\/et_pb_column][et_pb_column type=&#8221;1_3&#8243; _builder_version=&#8221;4.16&#8243; global_colors_info=&#8221;{}&#8221;][et_pb_image src=&#8221;https:\/\/colomerandsons.com\/wp-content\/uploads\/2020\/04\/logo-el-independiente.jpg&#8221; _builder_version=&#8221;4.16&#8243; global_colors_info=&#8221;{}&#8221;][\/et_pb_image][et_pb_text _builder_version=&#8221;4.16&#8243; global_colors_info=&#8221;{}&#8221; text_text_color=&#8221;#000000&#8243; link_text_color=&#8221;#000000&#8243;]<\/p>\n<p style=\"text-align: justify;\"><strong>COLOMER &amp; SONS LANZA SU COLECCI\u00d3N A TRAV\u00c9S DE KICKSTARTER:<\/strong><\/p>\n<p><a href=\"http:\/\/www.elindependiente.com\/tendencias\/2016\/12\/13\/colomer-sons-lanza-su-coleccion-2017-a-traves-de-kickstarter\/\" target=\"_blank\" rel=\"noopener noreferrer\">Convencidos de que cada crisis es &#8230; leer +<\/a><\/p>\n<p>[\/et_pb_text][\/et_pb_column][et_pb_column type=&#8221;1_3&#8243; _builder_version=&#8221;4.16&#8243; global_colors_info=&#8221;{}&#8221;][et_pb_image src=&#8221;https:\/\/colomerandsons.com\/wp-content\/uploads\/2020\/04\/libre-mercado.png&#8221; _builder_version=&#8221;4.16&#8243; global_colors_info=&#8221;{}&#8221;][\/et_pb_image][et_pb_text _builder_version=&#8221;4.16&#8243; global_colors_info=&#8221;{}&#8221; text_text_color=&#8221;#000000&#8243; link_text_color=&#8221;#000000&#8243;]<\/p>\n<p style=\"text-align: justify;\"><strong>&#8216;LA RELOJERA ESPA\u00d1OLA COLOMER &amp; SONS DA EL SALTO&#8217;:<\/strong><\/p>\n<p style=\"text-align: justify;\"><a href=\"http:\/\/www.libremercado.com\/2016-12-01\/la-relojera-espanola-colomersons-da-el-salto-internacional-gracias-al-crowdfunding-1276587802\/\" target=\"_blank\" rel=\"noopener noreferrer\">Colomer&amp;Sons lanza una campa\u00f1a&#8230;leer +<\/a><\/p>\n<p>[\/et_pb_text][\/et_pb_column][\/et_pb_row][et_pb_row column_structure=&#8221;1_3,1_3,1_3&#8243; _builder_version=&#8221;4.16&#8243; global_colors_info=&#8221;{}&#8221;][et_pb_column type=&#8221;1_3&#8243; _builder_version=&#8221;4.16&#8243; global_colors_info=&#8221;{}&#8221;][et_pb_image src=&#8221;https:\/\/colomerandsons.com\/wp-content\/uploads\/2020\/04\/el-mundo.png&#8221; _builder_version=&#8221;4.16&#8243; global_colors_info=&#8221;{}&#8221;][\/et_pb_image][et_pb_text _builder_version=&#8221;4.16&#8243; global_colors_info=&#8221;{}&#8221; text_text_color=&#8221;#000000&#8243; link_text_color=&#8221;#000000&#8243;]<\/p>\n<p style=\"text-align: justify;\"><strong>HOTELES, RELOJES&#8230; EL LUJO SE SUBE AL CARRO DEL &#8216;CROWDFUNDING&#8217;:<\/strong><\/p>\n<p style=\"text-align: justify;\"><a href=\"http:\/\/www.elmundo.es\/economia\/2016\/12\/01\/583ed59f46163f2b248b46ac.html\" target=\"_blank\" rel=\"noopener noreferrer\">Recaudar fondos para impulsar &#8230; leer +<\/a><\/p>\n<p>[\/et_pb_text][\/et_pb_column][et_pb_column type=&#8221;1_3&#8243; _builder_version=&#8221;4.16&#8243; global_colors_info=&#8221;{}&#8221;][et_pb_image src=&#8221;https:\/\/colomerandsons.com\/wp-content\/uploads\/2020\/04\/el-economista.png&#8221; _builder_version=&#8221;4.16&#8243; global_colors_info=&#8221;{}&#8221;][\/et_pb_image][et_pb_text _builder_version=&#8221;4.16&#8243; global_colors_info=&#8221;{}&#8221; text_text_color=&#8221;#000000&#8243; link_text_color=&#8221;#000000&#8243;]<\/p>\n<p style=\"text-align: justify;\"><strong>EL ARTE ITALIANO HECHO RELOJ: <\/strong><\/p>\n<p style=\"text-align: justify;\"><a href=\"http:\/\/www.eleconomista.es\/evasion\/noticias\/5380739\/12\/13\/Coleccion-Bernini-XVI-El-arte-italiano-hecho-reloj.html\" target=\"_blank\" rel=\"noopener noreferrer\">Es momento de que las joyas se reinventen para crear un concepto&#8230; leer +<\/a><\/p>\n<p>[\/et_pb_text][\/et_pb_column][et_pb_column type=&#8221;1_3&#8243; _builder_version=&#8221;4.16&#8243; global_colors_info=&#8221;{}&#8221;][et_pb_image src=&#8221;https:\/\/colomerandsons.com\/wp-content\/uploads\/2020\/04\/libre-mercado.png&#8221; _builder_version=&#8221;4.16&#8243; global_colors_info=&#8221;{}&#8221;][\/et_pb_image][et_pb_text _builder_version=&#8221;4.16&#8243; global_colors_info=&#8221;{}&#8221; text_text_color=&#8221;#000000&#8243; link_text_color=&#8221;#000000&#8243;]<\/p>\n<p style=\"text-align: justify;\"><strong>&#8216;MADE IN SPAIN&#8217;:<\/strong><\/p>\n<p style=\"text-align: justify;\"><a href=\"http:\/\/www.libremercado.com\/2013-11-09\/colomersons-relojes-automaticos-made-in-spain-1276503805\/\" target=\"_blank\" rel=\"noopener noreferrer\">Somos los \u00fanicos en el mundo que ofrecemos diez a\u00f1os de garant\u00eda&#8230; leer +<\/a><\/p>\n<p>[\/et_pb_text][\/et_pb_column][\/et_pb_row][et_pb_row column_structure=&#8221;1_3,1_3,1_3&#8243; _builder_version=&#8221;4.16&#8243; global_colors_info=&#8221;{}&#8221;][et_pb_column type=&#8221;1_3&#8243; _builder_version=&#8221;4.16&#8243; global_colors_info=&#8221;{}&#8221;][et_pb_image src=&#8221;https:\/\/colomerandsons.com\/wp-content\/uploads\/2020\/04\/el-mundo.png&#8221; _builder_version=&#8221;4.16&#8243; global_colors_info=&#8221;{}&#8221;][\/et_pb_image][et_pb_text _builder_version=&#8221;4.16&#8243; global_colors_info=&#8221;{}&#8221; text_text_color=&#8221;#000000&#8243; link_text_color=&#8221;#000000&#8243;]<\/p>\n<p style=\"text-align: justify;\"><strong>INSPIRADOS EN EL RENACIMIENTO:<\/strong><\/p>\n<p style=\"text-align: justify;\"><a href=\"http:\/\/www.elmundo.es\/tendencias\/2013\/12\/10\/52a6adcd63fd3d8e138b456e.html?a=095113767b06bd0a2e6856e9758936ac&amp;t=1386664733\" target=\"_blank\" rel=\"noopener noreferrer\">Su nueva colecci\u00f3n, 16 modelos cada uno con su estilo y su nombre&#8230; leer +<\/a><\/p>\n<p>[\/et_pb_text][\/et_pb_column][et_pb_column type=&#8221;1_3&#8243; _builder_version=&#8221;4.16&#8243; global_colors_info=&#8221;{}&#8221;][et_pb_image src=&#8221;https:\/\/colomerandsons.com\/wp-content\/uploads\/2020\/04\/chronos.png&#8221; _builder_version=&#8221;4.16&#8243; global_colors_info=&#8221;{}&#8221;][\/et_pb_image][et_pb_text _builder_version=&#8221;4.16&#8243; global_colors_info=&#8221;{}&#8221; text_text_color=&#8221;#000000&#8243; link_text_color=&#8221;#000000&#8243;]<\/p>\n<p style=\"text-align: justify;\"><strong>COLOMER &amp; SONS CHEGA A PORTUGAL:<\/strong><\/p>\n<p style=\"text-align: justify;\"><a href=\"https:\/\/chronosdotempo.com\/2014\/11\/04\/colomer-sons-chega-a-portugal\/\" target=\"_blank\" rel=\"noopener noreferrer\">A marca espanhola Colomer &amp; Sons acaba de chegar ao nosso mercado &#8230; leer +<\/a><\/p>\n<p>[\/et_pb_text][\/et_pb_column][et_pb_column type=&#8221;1_3&#8243; _builder_version=&#8221;4.16&#8243; global_colors_info=&#8221;{}&#8221;][et_pb_image src=&#8221;https:\/\/colomerandsons.com\/wp-content\/uploads\/2020\/04\/libertad-digital.png&#8221; _builder_version=&#8221;4.16&#8243; global_colors_info=&#8221;{}&#8221;][\/et_pb_image][et_pb_text _builder_version=&#8221;4.16&#8243; global_colors_info=&#8221;{}&#8221; text_text_color=&#8221;#000000&#8243; link_text_color=&#8221;#000000&#8243;]<\/p>\n<p style=\"text-align: justify;\"><strong>LOS RELOJES DE COLOMER &amp; SONS:<\/strong><\/p>\n<p style=\"text-align: justify;\"><a href=\"http:\/\/www.libertaddigital.com\/fotos\/relojes-colomer-and-sons-chic-1006556\/colomer-and-sons-relojes-1.jpg.html\" target=\"_blank\" rel=\"noopener noreferrer\">Cada reloj es una joya \u00fanica y accesible a todos los bolsillos&#8230; leer +<\/a><\/p>\n<p>[\/et_pb_text][\/et_pb_column][\/et_pb_row][\/et_pb_section]<\/p>\n","protected":false},"excerpt":{"rendered":"<p>PRESS FIND OUT WHAT THEY SAY ABOUT USMARCAS DE RELOJES ESPA\u00d1OLES QUE DEBES CONOCER EN 2022: Fundada por los hermanos Gonzalo y Jaime Colomer en 2006, en estos a\u00f1os han sabido hacerse un hueco en el mercado &#8230; leer +6 MARCAS DE RELOJES ESPA\u00d1OLAS QUE DEBER\u00cdAS CONOCER: Las marcas de relojes espa\u00f1olas merecen ser tenidas [&hellip;]<\/p>\n","protected":false},"author":1,"featured_media":0,"parent":0,"menu_order":0,"comment_status":"closed","ping_status":"closed","template":"","meta":{"_acf_changed":false,"_et_pb_use_builder":"on","_et_pb_old_content":"","_et_gb_content_width":"","_joinchat":[],"footnotes":""},"class_list":["post-62298","page","type-page","status-publish","hentry"],"acf":[],"yoast_head":"<!-- This site is optimized with the Yoast SEO plugin v26.8 - https:\/\/yoast.com\/product\/yoast-seo-wordpress\/ -->\n<title>Press - Colomer &amp; Sons<\/title>\n<meta name=\"robots\" content=\"index, follow, max-snippet:-1, max-image-preview:large, max-video-preview:-1\" \/>\n<link rel=\"canonical\" href=\"https:\/\/colomerandsons.com\/en\/press\/\" \/>\n<meta property=\"og:locale\" content=\"en_US\" \/>\n<meta property=\"og:type\" content=\"article\" \/>\n<meta property=\"og:title\" content=\"Press - Colomer &amp; Sons\" \/>\n<meta property=\"og:description\" content=\"PRESS FIND OUT WHAT THEY SAY ABOUT USMARCAS DE RELOJES ESPA\u00d1OLES QUE DEBES CONOCER EN 2022: Fundada por los hermanos Gonzalo y Jaime Colomer en 2006, en estos a\u00f1os han sabido hacerse un hueco en el mercado ... leer +6 MARCAS DE RELOJES ESPA\u00d1OLAS QUE DEBER\u00cdAS CONOCER: Las marcas de relojes espa\u00f1olas merecen ser tenidas [&hellip;]\" \/>\n<meta property=\"og:url\" content=\"https:\/\/colomerandsons.com\/en\/press\/\" \/>\n<meta property=\"og:site_name\" content=\"Colomer &amp; Sons\" \/>\n<meta property=\"article:publisher\" content=\"https:\/\/www.facebook.com\/colomerandsons\/\" \/>\n<meta property=\"article:modified_time\" content=\"2024-02-19T13:06:00+00:00\" \/>\n<meta name=\"twitter:card\" content=\"summary_large_image\" \/>\n<meta name=\"twitter:site\" content=\"@colomerandsons\" \/>\n<meta name=\"twitter:label1\" content=\"Est. reading time\" \/>\n\t<meta name=\"twitter:data1\" content=\"8 minutes\" \/>\n<script type=\"application\/ld+json\" class=\"yoast-schema-graph\">{\"@context\":\"https:\/\/schema.org\",\"@graph\":[{\"@type\":\"WebPage\",\"@id\":\"https:\/\/colomerandsons.com\/en\/press\/\",\"url\":\"https:\/\/colomerandsons.com\/en\/press\/\",\"name\":\"Press - Colomer &amp; Sons\",\"isPartOf\":{\"@id\":\"https:\/\/colomerandsons.com\/#website\"},\"datePublished\":\"2020-04-02T10:55:57+00:00\",\"dateModified\":\"2024-02-19T13:06:00+00:00\",\"breadcrumb\":{\"@id\":\"https:\/\/colomerandsons.com\/en\/press\/#breadcrumb\"},\"inLanguage\":\"en-US\",\"potentialAction\":[{\"@type\":\"ReadAction\",\"target\":[\"https:\/\/colomerandsons.com\/en\/press\/\"]}]},{\"@type\":\"BreadcrumbList\",\"@id\":\"https:\/\/colomerandsons.com\/en\/press\/#breadcrumb\",\"itemListElement\":[{\"@type\":\"ListItem\",\"position\":1,\"name\":\"Inicio\",\"item\":\"https:\/\/colomerandsons.com\/en\/beginning\/\"},{\"@type\":\"ListItem\",\"position\":2,\"name\":\"Press\"}]},{\"@type\":\"WebSite\",\"@id\":\"https:\/\/colomerandsons.com\/#website\",\"url\":\"https:\/\/colomerandsons.com\/\",\"name\":\"Colomer and Sons\",\"description\":\"Colomer &amp; Sons lleva desde 2007 intentando cambiar las reglas de la relojer\u00eda de lujo, ofreciendo magn\u00edficas piezas a precios asequibles y con 10 a\u00f1os de garant\u00eda.\",\"potentialAction\":[{\"@type\":\"SearchAction\",\"target\":{\"@type\":\"EntryPoint\",\"urlTemplate\":\"https:\/\/colomerandsons.com\/?s={search_term_string}\"},\"query-input\":{\"@type\":\"PropertyValueSpecification\",\"valueRequired\":true,\"valueName\":\"search_term_string\"}}],\"inLanguage\":\"en-US\"}]}<\/script>\n<!-- \/ Yoast SEO plugin. -->","yoast_head_json":{"title":"Press - Colomer &amp; Sons","robots":{"index":"index","follow":"follow","max-snippet":"max-snippet:-1","max-image-preview":"max-image-preview:large","max-video-preview":"max-video-preview:-1"},"canonical":"https:\/\/colomerandsons.com\/en\/press\/","og_locale":"en_US","og_type":"article","og_title":"Press - Colomer &amp; Sons","og_description":"PRESS FIND OUT WHAT THEY SAY ABOUT USMARCAS DE RELOJES ESPA\u00d1OLES QUE DEBES CONOCER EN 2022: Fundada por los hermanos Gonzalo y Jaime Colomer en 2006, en estos a\u00f1os han sabido hacerse un hueco en el mercado ... leer +6 MARCAS DE RELOJES ESPA\u00d1OLAS QUE DEBER\u00cdAS CONOCER: Las marcas de relojes espa\u00f1olas merecen ser tenidas [&hellip;]","og_url":"https:\/\/colomerandsons.com\/en\/press\/","og_site_name":"Colomer &amp; Sons","article_publisher":"https:\/\/www.facebook.com\/colomerandsons\/","article_modified_time":"2024-02-19T13:06:00+00:00","twitter_card":"summary_large_image","twitter_site":"@colomerandsons","twitter_misc":{"Est. reading time":"8 minutes"},"schema":{"@context":"https:\/\/schema.org","@graph":[{"@type":"WebPage","@id":"https:\/\/colomerandsons.com\/en\/press\/","url":"https:\/\/colomerandsons.com\/en\/press\/","name":"Press - Colomer &amp; Sons","isPartOf":{"@id":"https:\/\/colomerandsons.com\/#website"},"datePublished":"2020-04-02T10:55:57+00:00","dateModified":"2024-02-19T13:06:00+00:00","breadcrumb":{"@id":"https:\/\/colomerandsons.com\/en\/press\/#breadcrumb"},"inLanguage":"en-US","potentialAction":[{"@type":"ReadAction","target":["https:\/\/colomerandsons.com\/en\/press\/"]}]},{"@type":"BreadcrumbList","@id":"https:\/\/colomerandsons.com\/en\/press\/#breadcrumb","itemListElement":[{"@type":"ListItem","position":1,"name":"Inicio","item":"https:\/\/colomerandsons.com\/en\/beginning\/"},{"@type":"ListItem","position":2,"name":"Press"}]},{"@type":"WebSite","@id":"https:\/\/colomerandsons.com\/#website","url":"https:\/\/colomerandsons.com\/","name":"Colomer and Sons","description":"Colomer &amp; Sons lleva desde 2007 intentando cambiar las reglas de la relojer\u00eda de lujo, ofreciendo magn\u00edficas piezas a precios asequibles y con 10 a\u00f1os de garant\u00eda.","potentialAction":[{"@type":"SearchAction","target":{"@type":"EntryPoint","urlTemplate":"https:\/\/colomerandsons.com\/?s={search_term_string}"},"query-input":{"@type":"PropertyValueSpecification","valueRequired":true,"valueName":"search_term_string"}}],"inLanguage":"en-US"}]}},"_links":{"self":[{"href":"https:\/\/colomerandsons.com\/en\/wp-json\/wp\/v2\/pages\/62298","targetHints":{"allow":["GET"]}}],"collection":[{"href":"https:\/\/colomerandsons.com\/en\/wp-json\/wp\/v2\/pages"}],"about":[{"href":"https:\/\/colomerandsons.com\/en\/wp-json\/wp\/v2\/types\/page"}],"author":[{"embeddable":true,"href":"https:\/\/colomerandsons.com\/en\/wp-json\/wp\/v2\/users\/1"}],"replies":[{"embeddable":true,"href":"https:\/\/colomerandsons.com\/en\/wp-json\/wp\/v2\/comments?post=62298"}],"version-history":[{"count":2,"href":"https:\/\/colomerandsons.com\/en\/wp-json\/wp\/v2\/pages\/62298\/revisions"}],"predecessor-version":[{"id":62300,"href":"https:\/\/colomerandsons.com\/en\/wp-json\/wp\/v2\/pages\/62298\/revisions\/62300"}],"wp:attachment":[{"href":"https:\/\/colomerandsons.com\/en\/wp-json\/wp\/v2\/media?parent=62298"}],"curies":[{"name":"wp","href":"https:\/\/api.w.org\/{rel}","templated":true}]}}